{"id":387009,"date":"2025-09-02T10:17:26","date_gmt":"2025-09-02T10:17:26","guid":{"rendered":"https:\/\/glotomania.com\/p\/set-8-cortadores-plastico-nubes-2\/"},"modified":"2026-03-10T12:10:07","modified_gmt":"2026-03-10T12:10:07","slug":"set-8-cortadores-plastico-nubes-2","status":"publish","type":"product","link":"https:\/\/glotomania.com\/pt-pt\/p\/set-8-cortadores-plastico-nubes-2\/","title":{"rendered":"Set 8 Cortadores Abs &#8211; Nuvens"},"content":{"rendered":"<p>&nbsp;<\/p>\n<p><span style=\"font-size: 14px\">Conjunto de 8&nbsp;cortadores de biscoitos em forma de nuvem&nbsp;em v&aacute;rios tamanhos, muito &uacute;teis para assar. Apresentados em uma caixa para melhor conserva&ccedil;&atilde;o.<\/span><\/p>\n<p><span style=\"font-size: 14px\">Feito de polivinil, material adequado para uso em alimentos e pode ser lavado na m&aacute;quina de lavar lou&ccedil;a.<\/span><\/p>\n<p><strong><span style=\"font-size: 14px\">Medida interior m&aacute;xima:<\/span><\/strong><\/p>\n<div><span style=\"font-size: 14px\">&#8211; 20 x 20 x 35 mm &nbsp; &nbsp; &nbsp; &nbsp; &nbsp; &nbsp; &nbsp; &nbsp; &nbsp; &nbsp; &nbsp; &nbsp;&nbsp;<\/span><span style=\"font-size: 14px\">&#8211;&nbsp;55 x 55 x 35 mm &nbsp; &nbsp; &nbsp; &nbsp; &nbsp; &nbsp; &nbsp; &nbsp; &nbsp; &nbsp; &nbsp; &nbsp;&#8211;<\/span><span style=\"font-size: 14px\">&nbsp;95 x 95 x 35 mm<\/span><\/div>\n<div><span style=\"font-size: 14px\"><span>&#8211;&nbsp;30 x 30 x 35 mm &nbsp; &nbsp; &nbsp; &nbsp; &nbsp; &nbsp; &nbsp; &nbsp; &nbsp; &nbsp; &nbsp; &nbsp;&nbsp;<span>&#8211;&nbsp;70 x 70 x 35 mm &nbsp; &nbsp; &nbsp; &nbsp; &nbsp; &nbsp; &nbsp; &nbsp; &nbsp; &nbsp; &nbsp; &nbsp;&#8211;<\/span><span>&nbsp;110 x 110 x 35 mm<\/span><\/span><\/span><\/div>\n<div><span style=\"font-size: 14px\"><span>&#8211;&nbsp;45 x 45 x 35 mm &nbsp; &nbsp; &nbsp; &nbsp; &nbsp; &nbsp; &nbsp; &nbsp; &nbsp; &nbsp; &nbsp; &nbsp;&nbsp;&#8211;&nbsp;85 x 85 x 35 mm&nbsp;<\/span><\/span><\/div>\n","protected":false},"excerpt":{"rendered":"<p>Ideal para todos os tipos de elabora\u00e7\u00e3o. Com este conjunto, voc\u00ea desfruta de 8 possibilidades diferentes.<\/p>\n","protected":false},"featured_media":151453,"comment_status":"open","ping_status":"closed","template":"","meta":{"_acf_changed":false},"pwb-brand":[],"product_brand":[],"product_cat":[3199,3087,1788,1869,1767],"product_tag":[],"class_list":{"0":"post-387009","1":"product","2":"type-product","3":"status-publish","4":"has-post-thumbnail","6":"product_cat-cortadores-de-metal","7":"product_cat-ordem-e-armazenamento","8":"product_cat-cortadores-de-cobre","9":"product_cat-ultimas-unidades","10":"product_cat-utensilios","12":"first","13":"instock","14":"taxable","15":"shipping-taxable","16":"purchasable","17":"product-type-simple"},"acf":[],"df_price":2.18,"df_sale_price":"","df_regular_price":2.18,"df_image_link":"https:\/\/glotomania.com\/wp-content\/uploads\/2025\/09\/img_19989_8087fed508a289273d404ca04c5e4925_1-300x300.png","brands":[],"_links":{"self":[{"href":"https:\/\/glotomania.com\/pt-pt\/wp-json\/wp\/v2\/product\/387009","targetHints":{"allow":["GET"]}}],"collection":[{"href":"https:\/\/glotomania.com\/pt-pt\/wp-json\/wp\/v2\/product"}],"about":[{"href":"https:\/\/glotomania.com\/pt-pt\/wp-json\/wp\/v2\/types\/product"}],"replies":[{"embeddable":true,"href":"https:\/\/glotomania.com\/pt-pt\/wp-json\/wp\/v2\/comments?post=387009"}],"wp:featuredmedia":[{"embeddable":true,"href":"https:\/\/glotomania.com\/pt-pt\/wp-json\/wp\/v2\/media\/151453"}],"wp:attachment":[{"href":"https:\/\/glotomania.com\/pt-pt\/wp-json\/wp\/v2\/media?parent=387009"}],"wp:term":[{"taxonomy":"pwb-brand","embeddable":true,"href":"https:\/\/glotomania.com\/pt-pt\/wp-json\/wp\/v2\/pwb-brand?post=387009"},{"taxonomy":"product_brand","embeddable":true,"href":"https:\/\/glotomania.com\/pt-pt\/wp-json\/wp\/v2\/product_brand?post=387009"},{"taxonomy":"product_cat","embeddable":true,"href":"https:\/\/glotomania.com\/pt-pt\/wp-json\/wp\/v2\/product_cat?post=387009"},{"taxonomy":"product_tag","embeddable":true,"href":"https:\/\/glotomania.com\/pt-pt\/wp-json\/wp\/v2\/product_tag?post=387009"}],"curies":[{"name":"wp","href":"https:\/\/api.w.org\/{rel}","templated":true}]}}