{"id":387011,"date":"2025-09-02T10:17:27","date_gmt":"2025-09-02T10:17:27","guid":{"rendered":"https:\/\/glotomania.com\/p\/cortador-metalico-bebe-2\/"},"modified":"2026-03-10T12:10:11","modified_gmt":"2026-03-10T12:10:11","slug":"cortador-metalico-bebe-2","status":"publish","type":"product","link":"https:\/\/glotomania.com\/pt-pt\/p\/cortador-metalico-bebe-2\/","title":{"rendered":"Cortador De Metal Beb\u00ca"},"content":{"rendered":"<p>&nbsp;<\/p>\n<p><span style=\"font-size: 14px\">Feito de metal de qualidade premium, adequado para uso em alimentos, de f&aacute;cil limpeza.<\/span><\/p>\n<p><span style=\"font-size: 14px\"><strong>Medidas<\/strong>: Comprimento 5&nbsp;cm &#8211; Largura 6&nbsp;cm &#8211; Altura 2,5 cm.<\/span><\/p>\n","protected":false},"excerpt":{"rendered":"<p>Cortador original em forma de beb\u00ea. Ideal para batismos ou ch\u00e1s de beb\u00ea.<\/p>\n","protected":false},"featured_media":37648,"comment_status":"open","ping_status":"closed","template":"","meta":{"_acf_changed":false},"pwb-brand":[],"product_brand":[],"product_cat":[2908,3199,3087,1788,1885,1869,1767],"product_tag":[],"class_list":{"0":"post-387011","1":"product","2":"type-product","3":"status-publish","4":"has-post-thumbnail","6":"product_cat-batizados","7":"product_cat-cortadores-de-metal","8":"product_cat-ordem-e-armazenamento","9":"product_cat-cortadores-de-cobre","10":"product_cat-bautizos","11":"product_cat-ultimas-unidades","12":"product_cat-utensilios","14":"first","15":"instock","16":"taxable","17":"shipping-taxable","18":"purchasable","19":"product-type-simple"},"acf":[],"df_price":0.99,"df_sale_price":"","df_regular_price":0.99,"df_image_link":"https:\/\/glotomania.com\/wp-content\/uploads\/2022\/09\/img_20071_4f4508475d952b5eaa63d5d3b5079435_1-300x300.png","brands":[],"_links":{"self":[{"href":"https:\/\/glotomania.com\/pt-pt\/wp-json\/wp\/v2\/product\/387011","targetHints":{"allow":["GET"]}}],"collection":[{"href":"https:\/\/glotomania.com\/pt-pt\/wp-json\/wp\/v2\/product"}],"about":[{"href":"https:\/\/glotomania.com\/pt-pt\/wp-json\/wp\/v2\/types\/product"}],"replies":[{"embeddable":true,"href":"https:\/\/glotomania.com\/pt-pt\/wp-json\/wp\/v2\/comments?post=387011"}],"wp:featuredmedia":[{"embeddable":true,"href":"https:\/\/glotomania.com\/pt-pt\/wp-json\/wp\/v2\/media\/37648"}],"wp:attachment":[{"href":"https:\/\/glotomania.com\/pt-pt\/wp-json\/wp\/v2\/media?parent=387011"}],"wp:term":[{"taxonomy":"pwb-brand","embeddable":true,"href":"https:\/\/glotomania.com\/pt-pt\/wp-json\/wp\/v2\/pwb-brand?post=387011"},{"taxonomy":"product_brand","embeddable":true,"href":"https:\/\/glotomania.com\/pt-pt\/wp-json\/wp\/v2\/product_brand?post=387011"},{"taxonomy":"product_cat","embeddable":true,"href":"https:\/\/glotomania.com\/pt-pt\/wp-json\/wp\/v2\/product_cat?post=387011"},{"taxonomy":"product_tag","embeddable":true,"href":"https:\/\/glotomania.com\/pt-pt\/wp-json\/wp\/v2\/product_tag?post=387011"}],"curies":[{"name":"wp","href":"https:\/\/api.w.org\/{rel}","templated":true}]}}