{"id":387023,"date":"2025-09-02T10:17:31","date_gmt":"2025-09-02T10:17:31","guid":{"rendered":"https:\/\/glotomania.com\/p\/set-moldes-figuras-3d-familia-2\/"},"modified":"2026-03-10T12:10:33","modified_gmt":"2026-03-10T12:10:33","slug":"set-moldes-figuras-3d-familia-2","status":"publish","type":"product","link":"https:\/\/glotomania.com\/pt-pt\/p\/set-moldes-figuras-3d-familia-2\/","title":{"rendered":"Set De Moldes De Figuras Tridimensionais &#8211; Fam\u00cdlia"},"content":{"rendered":"<p>&nbsp;<\/p>\n<p><span style=\"font-size:14px\">Set de 16 pe&ccedil;as, 4 figuras poss&iacute;veis: homem, mulher, menino e menina.<\/span><\/p>\n<p><span style=\"font-size:14px\">Feito de pl&aacute;stico de alta qualidade, adequado para uso alimentar, f&aacute;cil de limpar.<\/span><\/p>\n","protected":false},"excerpt":{"rendered":"<p>Ideal para suas figuras de pasta de a\u00e7\u00facar. Set de 16 pe\u00e7as, 4 figuras poss\u00edveis.<\/p>\n","protected":false},"featured_media":151459,"comment_status":"open","ping_status":"closed","template":"","meta":{"_acf_changed":false},"pwb-brand":[],"product_brand":[],"product_cat":[2913,2907,3214,3221,1918,1801,1851,1849,1767],"product_tag":[],"class_list":{"0":"post-387023","1":"product","2":"type-product","3":"status-publish","4":"has-post-thumbnail","6":"product_cat-dia-das-maes","7":"product_cat-festas","8":"product_cat-moldes-de-pastelaria","9":"product_cat-moldes-de-plastico","10":"product_cat-moldes-plastico","11":"product_cat-moldes","12":"product_cat-dia-de-la-madre","13":"product_cat-fiestas","14":"product_cat-utensilios","16":"first","17":"instock","18":"taxable","19":"shipping-taxable","20":"purchasable","21":"product-type-simple"},"acf":[],"df_price":15.75,"df_sale_price":"","df_regular_price":15.75,"df_image_link":"https:\/\/glotomania.com\/wp-content\/uploads\/2025\/09\/img_19835_277e17c2aa9e28e295eabf3679aa0715_1-300x300.png","brands":[],"_links":{"self":[{"href":"https:\/\/glotomania.com\/pt-pt\/wp-json\/wp\/v2\/product\/387023","targetHints":{"allow":["GET"]}}],"collection":[{"href":"https:\/\/glotomania.com\/pt-pt\/wp-json\/wp\/v2\/product"}],"about":[{"href":"https:\/\/glotomania.com\/pt-pt\/wp-json\/wp\/v2\/types\/product"}],"replies":[{"embeddable":true,"href":"https:\/\/glotomania.com\/pt-pt\/wp-json\/wp\/v2\/comments?post=387023"}],"wp:featuredmedia":[{"embeddable":true,"href":"https:\/\/glotomania.com\/pt-pt\/wp-json\/wp\/v2\/media\/151459"}],"wp:attachment":[{"href":"https:\/\/glotomania.com\/pt-pt\/wp-json\/wp\/v2\/media?parent=387023"}],"wp:term":[{"taxonomy":"pwb-brand","embeddable":true,"href":"https:\/\/glotomania.com\/pt-pt\/wp-json\/wp\/v2\/pwb-brand?post=387023"},{"taxonomy":"product_brand","embeddable":true,"href":"https:\/\/glotomania.com\/pt-pt\/wp-json\/wp\/v2\/product_brand?post=387023"},{"taxonomy":"product_cat","embeddable":true,"href":"https:\/\/glotomania.com\/pt-pt\/wp-json\/wp\/v2\/product_cat?post=387023"},{"taxonomy":"product_tag","embeddable":true,"href":"https:\/\/glotomania.com\/pt-pt\/wp-json\/wp\/v2\/product_tag?post=387023"}],"curies":[{"name":"wp","href":"https:\/\/api.w.org\/{rel}","templated":true}]}}