{"id":387024,"date":"2025-09-02T10:17:31","date_gmt":"2025-09-02T10:17:31","guid":{"rendered":"https:\/\/glotomania.com\/p\/set-2-moldes-aluminio-semiesfericos-2-bases-balon-pelota-2\/"},"modified":"2026-05-09T00:23:48","modified_gmt":"2026-05-09T00:23:48","slug":"set-2-moldes-aluminio-semiesfericos-2-bases-balon-pelota-2","status":"publish","type":"product","link":"https:\/\/glotomania.com\/pt-pt\/p\/set-2-moldes-aluminio-semiesfericos-2-bases-balon-pelota-2\/","title":{"rendered":"Set 2 Moldes De Alum\u00cdnio Semi-esf\u00c9ricos + 2 Bases"},"content":{"rendered":"<p>&nbsp;<\/p>\n<p><span style=\"font-size: 14px\">O molde semi-esf&eacute;rico facilita a prepara&ccedil;&atilde;o de bolos que requerem uma forma esf&eacute;rica ou semi-esf&eacute;rica. Um planeta, uma carruagem de princesas, a bola de um esporte e at&eacute; onde a fantasia o levar.<\/span><\/p>\n<p><span style=\"font-size: 14px\">Aquece ou esfria muito rapidamente e seu&nbsp;<strong>cozimento<\/strong>&nbsp;&eacute; muito&nbsp;<strong>homog&ecirc;neo<\/strong>.<\/span><\/p>\n<p><span style=\"font-size: 14px\">Feito de&nbsp;<strong>alum&iacute;nio&nbsp;anodizado&nbsp;<\/strong>seguro para m&aacute;quina de lavar lou&ccedil;a,&nbsp;<strong>resistente&nbsp;<\/strong>a altas e baixas temperaturas,&nbsp;<strong>antiaderente<\/strong>,&nbsp;<strong>leve&nbsp;<\/strong>e&nbsp;<strong>dur&aacute;vel<\/strong>.<\/span><\/p>\n<p><span style=\"font-size: 14px\"><strong>Medidas<\/strong>:&nbsp;<u>Moldes<\/u>: Altura 7 cm \/ &Oslash; 16 cm &#8211;&nbsp;<u>Bases<\/u>: Altura 2,5 cm \/ &Oslash; 11 cm.<\/span><\/p>\n","protected":false},"excerpt":{"rendered":"<p>Ideal para suas elabora\u00e7\u00f5es esf\u00e9ricas. Permite cozinhar uniformemente. \u00c9 antiaderente e leve.<\/p>\n","protected":false},"featured_media":35408,"comment_status":"open","ping_status":"closed","template":"","meta":{"_acf_changed":false},"pwb-brand":[],"product_brand":[],"product_cat":[3217,1802,3214,1801,3087,1767],"product_tag":[],"class_list":{"0":"post-387024","1":"product","2":"type-product","3":"status-publish","4":"has-post-thumbnail","6":"product_cat-moldes-de-formas-especiais","7":"product_cat-moldes-metal","8":"product_cat-moldes-de-pastelaria","9":"product_cat-moldes","10":"product_cat-ordem-e-armazenamento","11":"product_cat-utensilios","13":"first","14":"instock","15":"taxable","16":"shipping-taxable","17":"purchasable","18":"product-type-simple"},"acf":[],"df_price":13.07,"df_sale_price":6.53,"df_regular_price":13.07,"df_image_link":"https:\/\/glotomania.com\/wp-content\/uploads\/2022\/09\/img_19836_9f7ef8d1d2921ea9a9e55fd37f2bb80e_1-300x300.png","brands":[],"_links":{"self":[{"href":"https:\/\/glotomania.com\/pt-pt\/wp-json\/wp\/v2\/product\/387024","targetHints":{"allow":["GET"]}}],"collection":[{"href":"https:\/\/glotomania.com\/pt-pt\/wp-json\/wp\/v2\/product"}],"about":[{"href":"https:\/\/glotomania.com\/pt-pt\/wp-json\/wp\/v2\/types\/product"}],"replies":[{"embeddable":true,"href":"https:\/\/glotomania.com\/pt-pt\/wp-json\/wp\/v2\/comments?post=387024"}],"wp:featuredmedia":[{"embeddable":true,"href":"https:\/\/glotomania.com\/pt-pt\/wp-json\/wp\/v2\/media\/35408"}],"wp:attachment":[{"href":"https:\/\/glotomania.com\/pt-pt\/wp-json\/wp\/v2\/media?parent=387024"}],"wp:term":[{"taxonomy":"pwb-brand","embeddable":true,"href":"https:\/\/glotomania.com\/pt-pt\/wp-json\/wp\/v2\/pwb-brand?post=387024"},{"taxonomy":"product_brand","embeddable":true,"href":"https:\/\/glotomania.com\/pt-pt\/wp-json\/wp\/v2\/product_brand?post=387024"},{"taxonomy":"product_cat","embeddable":true,"href":"https:\/\/glotomania.com\/pt-pt\/wp-json\/wp\/v2\/product_cat?post=387024"},{"taxonomy":"product_tag","embeddable":true,"href":"https:\/\/glotomania.com\/pt-pt\/wp-json\/wp\/v2\/product_tag?post=387024"}],"curies":[{"name":"wp","href":"https:\/\/api.w.org\/{rel}","templated":true}]}}