{"id":387027,"date":"2025-09-02T10:17:32","date_gmt":"2025-09-02T10:17:32","guid":{"rendered":"https:\/\/glotomania.com\/p\/tapete-silicona-para-macarons-2\/"},"modified":"2026-04-24T00:14:07","modified_gmt":"2026-04-24T00:14:07","slug":"tapete-silicona-para-macarons-2","status":"publish","type":"product","link":"https:\/\/glotomania.com\/pt-pt\/p\/tapete-silicona-para-macarons-2\/","title":{"rendered":"Tapete De Silicone Para Macarons"},"content":{"rendered":"<p>&nbsp;<\/p>\n<p><span style=\"font-size: 14px\">&Eacute;&nbsp;<strong>antiaderente<\/strong>&nbsp;e&nbsp;<strong>flex&iacute;vel<\/strong>&nbsp;para uma lavagem confort&aacute;vel e f&aacute;cil de remover do molde, basta torcer de um lado para o outro e qualquer elabora&ccedil;&atilde;o sai sem esfor&ccedil;o.<\/span><\/p>\n<p><span style=\"font-size: 14px\">Suporta temperaturas de -40&ordm;C a 230&ordm;C, portanto, admite freezer, geladeira, forno, microondas e lava-lou&ccedil;as. Feito de&nbsp;<strong>silicone<\/strong>.<\/span><\/p>\n<p><strong style=\"font-size: 14px\">Medidas<\/strong><span style=\"font-size: 14px\">:&nbsp;<u>Molde <\/u>40 x 30 cm &#8211; <u>Cavidade <\/u>3,5 cm &Oslash;.<\/span><\/p>\n","protected":false},"excerpt":{"rendered":"<p>Cont\u00e9m 48 cavidades para fazer 24 macarons de uma s\u00f3 vez, com a forma, tamanho e espessura t\u00edpicos.<\/p>\n","protected":false},"featured_media":37931,"comment_status":"open","ping_status":"closed","template":"","meta":{"_acf_changed":false},"pwb-brand":[],"product_brand":[],"product_cat":[3106,3214,3087,3143,1820,1801,1828,1767],"product_tag":[],"class_list":{"0":"post-387027","1":"product","2":"type-product","3":"status-publish","4":"has-post-thumbnail","6":"product_cat-basicos-de-pastelaria","7":"product_cat-moldes-de-pastelaria","8":"product_cat-ordem-e-armazenamento","9":"product_cat-tapetes-de-silicone-2","10":"product_cat-basicos","11":"product_cat-moldes","12":"product_cat-tapetes-silicona","13":"product_cat-utensilios","15":"first","16":"instock","17":"taxable","18":"shipping-taxable","19":"purchasable","20":"product-type-simple"},"acf":[],"df_price":3.5,"df_sale_price":3.5,"df_regular_price":6.99,"df_image_link":"https:\/\/glotomania.com\/wp-content\/uploads\/2022\/09\/img_4396_455c056712a3bf4d6fe3bd65f6072ab4_1-300x300.png","brands":[],"_links":{"self":[{"href":"https:\/\/glotomania.com\/pt-pt\/wp-json\/wp\/v2\/product\/387027","targetHints":{"allow":["GET"]}}],"collection":[{"href":"https:\/\/glotomania.com\/pt-pt\/wp-json\/wp\/v2\/product"}],"about":[{"href":"https:\/\/glotomania.com\/pt-pt\/wp-json\/wp\/v2\/types\/product"}],"replies":[{"embeddable":true,"href":"https:\/\/glotomania.com\/pt-pt\/wp-json\/wp\/v2\/comments?post=387027"}],"wp:featuredmedia":[{"embeddable":true,"href":"https:\/\/glotomania.com\/pt-pt\/wp-json\/wp\/v2\/media\/37931"}],"wp:attachment":[{"href":"https:\/\/glotomania.com\/pt-pt\/wp-json\/wp\/v2\/media?parent=387027"}],"wp:term":[{"taxonomy":"pwb-brand","embeddable":true,"href":"https:\/\/glotomania.com\/pt-pt\/wp-json\/wp\/v2\/pwb-brand?post=387027"},{"taxonomy":"product_brand","embeddable":true,"href":"https:\/\/glotomania.com\/pt-pt\/wp-json\/wp\/v2\/product_brand?post=387027"},{"taxonomy":"product_cat","embeddable":true,"href":"https:\/\/glotomania.com\/pt-pt\/wp-json\/wp\/v2\/product_cat?post=387027"},{"taxonomy":"product_tag","embeddable":true,"href":"https:\/\/glotomania.com\/pt-pt\/wp-json\/wp\/v2\/product_tag?post=387027"}],"curies":[{"name":"wp","href":"https:\/\/api.w.org\/{rel}","templated":true}]}}