{"id":387034,"date":"2025-09-02T10:17:35","date_gmt":"2025-09-02T10:17:35","guid":{"rendered":"https:\/\/glotomania.com\/p\/molde-silicona-para-cake-lace-flor-grande-2\/"},"modified":"2026-04-26T00:15:36","modified_gmt":"2026-04-26T00:15:36","slug":"molde-silicona-para-cake-lace-flor-grande-2","status":"publish","type":"product","link":"https:\/\/glotomania.com\/pt-pt\/p\/molde-silicona-para-cake-lace-flor-grande-2\/","title":{"rendered":"Molde De Silicona Para Cake Lace N2"},"content":{"rendered":"<p>&nbsp;<\/p>\n<p><span style=\"font-size: 14px\"><strong>Antiaderente<\/strong>&nbsp;e f&aacute;cil de liberar do molde, reutiliz&aacute;vel e f&aacute;cil de lavar.<\/span><\/p>\n<p><span style=\"font-size: 14px\">Feito de&nbsp;<strong>silicone<\/strong>, suporta temperaturas de -40&ordm;C a 230&ordm;C, e permite congelador, geladeira, forno, microondas e lava-lou&ccedil;as.<\/span><\/p>\n<p><span style=\"font-size: 14px\"><strong>Medidas<\/strong>:&nbsp;<\/span><span style=\"font-size: 14px\">&Oslash; Molde&nbsp;e desenho&nbsp;8,5 cm<\/span><\/p>\n","protected":false},"excerpt":{"rendered":"<p>Muito flex\u00edvel. Ideal para fazer rendas de a\u00e7\u00facar, perfeito para decorar seus doces preparativos.<\/p>\n","protected":false},"featured_media":151466,"comment_status":"open","ping_status":"closed","template":"","meta":{"_acf_changed":false},"pwb-brand":[],"product_brand":[],"product_cat":[2907,3214,3222,3087,2921,1801,1810,1849,1858,1869,1767],"product_tag":[],"class_list":{"0":"post-387034","1":"product","2":"type-product","3":"status-publish","4":"has-post-thumbnail","6":"product_cat-festas","7":"product_cat-moldes-de-pastelaria","8":"product_cat-moldes-de-silicone","9":"product_cat-ordem-e-armazenamento","10":"product_cat-pascoa","11":"product_cat-moldes","12":"product_cat-moldes-silicona","13":"product_cat-fiestas","14":"product_cat-pascua","15":"product_cat-ultimas-unidades","16":"product_cat-utensilios","18":"first","19":"instock","20":"taxable","21":"shipping-taxable","22":"purchasable","23":"product-type-simple"},"acf":[],"df_price":1.19,"df_sale_price":1.19,"df_regular_price":2.36,"df_image_link":"https:\/\/glotomania.com\/wp-content\/uploads\/2025\/09\/img_19916_6dd950619dbf43b9464b02901a52a102_1-300x300.png","brands":[],"_links":{"self":[{"href":"https:\/\/glotomania.com\/pt-pt\/wp-json\/wp\/v2\/product\/387034","targetHints":{"allow":["GET"]}}],"collection":[{"href":"https:\/\/glotomania.com\/pt-pt\/wp-json\/wp\/v2\/product"}],"about":[{"href":"https:\/\/glotomania.com\/pt-pt\/wp-json\/wp\/v2\/types\/product"}],"replies":[{"embeddable":true,"href":"https:\/\/glotomania.com\/pt-pt\/wp-json\/wp\/v2\/comments?post=387034"}],"wp:featuredmedia":[{"embeddable":true,"href":"https:\/\/glotomania.com\/pt-pt\/wp-json\/wp\/v2\/media\/151466"}],"wp:attachment":[{"href":"https:\/\/glotomania.com\/pt-pt\/wp-json\/wp\/v2\/media?parent=387034"}],"wp:term":[{"taxonomy":"pwb-brand","embeddable":true,"href":"https:\/\/glotomania.com\/pt-pt\/wp-json\/wp\/v2\/pwb-brand?post=387034"},{"taxonomy":"product_brand","embeddable":true,"href":"https:\/\/glotomania.com\/pt-pt\/wp-json\/wp\/v2\/product_brand?post=387034"},{"taxonomy":"product_cat","embeddable":true,"href":"https:\/\/glotomania.com\/pt-pt\/wp-json\/wp\/v2\/product_cat?post=387034"},{"taxonomy":"product_tag","embeddable":true,"href":"https:\/\/glotomania.com\/pt-pt\/wp-json\/wp\/v2\/product_tag?post=387034"}],"curies":[{"name":"wp","href":"https:\/\/api.w.org\/{rel}","templated":true}]}}