{"id":387057,"date":"2025-09-02T10:17:55","date_gmt":"2025-09-02T10:17:55","guid":{"rendered":"https:\/\/glotomania.com\/p\/cortador-de-acero-angel-2\/"},"modified":"2026-04-23T00:19:18","modified_gmt":"2026-04-23T00:19:18","slug":"cortador-de-acero-angel-2","status":"publish","type":"product","link":"https:\/\/glotomania.com\/pt-pt\/p\/cortador-de-acero-angel-2\/","title":{"rendered":"Cortador De A\u00c7o &#8211; Anjo"},"content":{"rendered":"<div>\u00a0<\/div>\n<div><span style=\"font-size: 14px\">Feito de metal de qualidade premium, adequado para uso alimentar, f\u00e1cil de limpar. Fabricado em\u00a0<strong>a\u00e7o inoxid\u00e1vel\u00a0<\/strong>AISI 304 com 0,4 mm de espessura, com aro de 3 mm para proteger ao pressionar.<\/span><\/div>\n<div>\u00a0<\/div>\n<div><span style=\"font-size:14px\"><strong>Medidas<\/strong>: Comprimento 8,5 cm &#8211; Largura 9 cm &#8211; Altura 2,5 cm.<\/span><\/div>\n","protected":false},"excerpt":{"rendered":"<p>Personalize suas cria\u00e7\u00f5es com esses moldes tem\u00e1ticos divertidos e ousados.<\/p>\n","protected":false},"featured_media":151507,"comment_status":"open","ping_status":"closed","template":"","meta":{"_acf_changed":false},"pwb-brand":[],"product_brand":[],"product_cat":[2911,3199,2920,3087,1788,1862,1866,1767],"product_tag":[],"class_list":{"0":"post-387057","1":"product","2":"type-product","3":"status-publish","4":"has-post-thumbnail","6":"product_cat-comunhoes","7":"product_cat-cortadores-de-metal","8":"product_cat-natal-2","9":"product_cat-ordem-e-armazenamento","10":"product_cat-cortadores-de-cobre","11":"product_cat-comuniones","12":"product_cat-navidad","13":"product_cat-utensilios","15":"first","16":"instock","17":"taxable","18":"shipping-taxable","19":"purchasable","20":"product-type-simple"},"acf":[],"df_price":2.95,"df_sale_price":1.77,"df_regular_price":2.95,"df_image_link":"https:\/\/glotomania.com\/wp-content\/uploads\/2025\/09\/img_20097_c31e15bf7074c7b349e1559dce01dfc9_1-300x300.png","brands":[],"_links":{"self":[{"href":"https:\/\/glotomania.com\/pt-pt\/wp-json\/wp\/v2\/product\/387057","targetHints":{"allow":["GET"]}}],"collection":[{"href":"https:\/\/glotomania.com\/pt-pt\/wp-json\/wp\/v2\/product"}],"about":[{"href":"https:\/\/glotomania.com\/pt-pt\/wp-json\/wp\/v2\/types\/product"}],"replies":[{"embeddable":true,"href":"https:\/\/glotomania.com\/pt-pt\/wp-json\/wp\/v2\/comments?post=387057"}],"wp:featuredmedia":[{"embeddable":true,"href":"https:\/\/glotomania.com\/pt-pt\/wp-json\/wp\/v2\/media\/151507"}],"wp:attachment":[{"href":"https:\/\/glotomania.com\/pt-pt\/wp-json\/wp\/v2\/media?parent=387057"}],"wp:term":[{"taxonomy":"pwb-brand","embeddable":true,"href":"https:\/\/glotomania.com\/pt-pt\/wp-json\/wp\/v2\/pwb-brand?post=387057"},{"taxonomy":"product_brand","embeddable":true,"href":"https:\/\/glotomania.com\/pt-pt\/wp-json\/wp\/v2\/product_brand?post=387057"},{"taxonomy":"product_cat","embeddable":true,"href":"https:\/\/glotomania.com\/pt-pt\/wp-json\/wp\/v2\/product_cat?post=387057"},{"taxonomy":"product_tag","embeddable":true,"href":"https:\/\/glotomania.com\/pt-pt\/wp-json\/wp\/v2\/product_tag?post=387057"}],"curies":[{"name":"wp","href":"https:\/\/api.w.org\/{rel}","templated":true}]}}