{"id":387058,"date":"2025-09-02T10:17:58","date_gmt":"2025-09-02T10:17:58","guid":{"rendered":"https:\/\/glotomania.com\/p\/cortador-de-acero-raton-2\/"},"modified":"2026-04-23T00:19:19","modified_gmt":"2026-04-23T00:19:19","slug":"cortador-de-acero-raton-2","status":"publish","type":"product","link":"https:\/\/glotomania.com\/pt-pt\/p\/cortador-de-acero-raton-2\/","title":{"rendered":"Cortador De A\u00c7o &#8211; Ratinho"},"content":{"rendered":"<p>\u00a0<\/p>\n<div><span style=\"font-size: 14px\">Feito de metal de qualidade premium, adequado para uso alimentar, f\u00e1cil de limpar. Fabricado em\u00a0<strong>a\u00e7o inoxid\u00e1vel\u00a0<\/strong>AISI 304 com 0,4 mm de espessura, com aro de 3 mm para proteger ao pressionar.<\/span><\/div>\n<div>\u00a0<\/div>\n<div><span style=\"font-size: 14px\"><strong>Medidas<\/strong>: Comprimento 8,5 cm &#8211; Largura 9,5 cm &#8211; Altura 2,5 cm.<\/span><\/div>\n","protected":false},"excerpt":{"rendered":"<p>Personalize suas cria\u00e7\u00f5es com esses moldes tem\u00e1ticos divertidos e ousados.<\/p>\n","protected":false},"featured_media":34689,"comment_status":"open","ping_status":"closed","template":"","meta":{"_acf_changed":false},"pwb-brand":[],"product_brand":[],"product_cat":[1788,3199,3087,1767],"product_tag":[],"class_list":{"0":"post-387058","1":"product","2":"type-product","3":"status-publish","4":"has-post-thumbnail","6":"product_cat-cortadores-de-cobre","7":"product_cat-cortadores-de-metal","8":"product_cat-ordem-e-armazenamento","9":"product_cat-utensilios","11":"first","12":"instock","13":"taxable","14":"shipping-taxable","15":"purchasable","16":"product-type-simple"},"acf":[],"df_price":2.95,"df_sale_price":1.77,"df_regular_price":2.95,"df_image_link":"https:\/\/glotomania.com\/wp-content\/uploads\/2022\/09\/img_20103_a18bee2f25dd2131bc25c2194d25c2a8_1-300x300.png","brands":[],"_links":{"self":[{"href":"https:\/\/glotomania.com\/pt-pt\/wp-json\/wp\/v2\/product\/387058","targetHints":{"allow":["GET"]}}],"collection":[{"href":"https:\/\/glotomania.com\/pt-pt\/wp-json\/wp\/v2\/product"}],"about":[{"href":"https:\/\/glotomania.com\/pt-pt\/wp-json\/wp\/v2\/types\/product"}],"replies":[{"embeddable":true,"href":"https:\/\/glotomania.com\/pt-pt\/wp-json\/wp\/v2\/comments?post=387058"}],"wp:featuredmedia":[{"embeddable":true,"href":"https:\/\/glotomania.com\/pt-pt\/wp-json\/wp\/v2\/media\/34689"}],"wp:attachment":[{"href":"https:\/\/glotomania.com\/pt-pt\/wp-json\/wp\/v2\/media?parent=387058"}],"wp:term":[{"taxonomy":"pwb-brand","embeddable":true,"href":"https:\/\/glotomania.com\/pt-pt\/wp-json\/wp\/v2\/pwb-brand?post=387058"},{"taxonomy":"product_brand","embeddable":true,"href":"https:\/\/glotomania.com\/pt-pt\/wp-json\/wp\/v2\/product_brand?post=387058"},{"taxonomy":"product_cat","embeddable":true,"href":"https:\/\/glotomania.com\/pt-pt\/wp-json\/wp\/v2\/product_cat?post=387058"},{"taxonomy":"product_tag","embeddable":true,"href":"https:\/\/glotomania.com\/pt-pt\/wp-json\/wp\/v2\/product_tag?post=387058"}],"curies":[{"name":"wp","href":"https:\/\/api.w.org\/{rel}","templated":true}]}}