{"id":387075,"date":"2025-09-02T10:18:05","date_gmt":"2025-09-02T10:18:05","guid":{"rendered":"https:\/\/glotomania.com\/p\/tulipas-para-muffins-2\/"},"modified":"2026-03-10T12:14:00","modified_gmt":"2026-03-10T12:14:00","slug":"tulipas-para-muffins-2","status":"publish","type":"product","link":"https:\/\/glotomania.com\/pt-pt\/p\/tulipas-para-muffins-2\/","title":{"rendered":"Tulipas Para Muffins Brancas &#8211; 24 Unidades"},"content":{"rendered":"<p>\u00a0<\/p>\n<p><span style=\"font-size:14px\">Fabricado em papel de alta qualidade, adequado para uso em alimentos, com efeito <strong>antiaderente<\/strong>, resistente a congelamento, microondas e cozimento a 230\u00baC, sem perder a cor.<\/span><\/p>\n<p><span style=\"font-size:14px\">Para um resultado perfeito, \u00e9 recomend\u00e1vel usar com nossas bandejas e moldes de cavidades para fazer suas elabora\u00e7\u00f5es.<\/span><\/p>\n<p><span style=\"font-size:14px\"><strong>Medidas<\/strong>: \u00d8 base 5 cm &#8211; altura 8 cm.<\/span><\/p>\n","protected":false},"excerpt":{"rendered":"<p>Pacote de 24 tulipas para bolos. Resistentes ao freezer, microondas e forno at\u00e9 230\u00baC.<\/p>\n","protected":false},"featured_media":152487,"comment_status":"open","ping_status":"closed","template":"","meta":{"_acf_changed":false},"pwb-brand":[],"product_brand":[],"product_cat":[3191,3191,2907,3087,2907,3195,3195,3087],"product_tag":[],"class_list":{"0":"post-387075","1":"product","2":"type-product","3":"status-publish","4":"has-post-thumbnail","6":"product_cat-capacillos-de-papel-2","8":"product_cat-festas","9":"product_cat-ordem-e-armazenamento","11":"product_cat-tulipas-para-muffins-2","15":"first","16":"instock","17":"taxable","18":"shipping-taxable","19":"purchasable","20":"product-type-simple"},"acf":[],"df_price":2.5,"df_sale_price":"","df_regular_price":2.5,"df_image_link":"https:\/\/glotomania.com\/wp-content\/uploads\/2025\/09\/img_20956_f2fe260a9ea8bdef56958589ee8eac5c_1-300x300.png","brands":[],"_links":{"self":[{"href":"https:\/\/glotomania.com\/pt-pt\/wp-json\/wp\/v2\/product\/387075","targetHints":{"allow":["GET"]}}],"collection":[{"href":"https:\/\/glotomania.com\/pt-pt\/wp-json\/wp\/v2\/product"}],"about":[{"href":"https:\/\/glotomania.com\/pt-pt\/wp-json\/wp\/v2\/types\/product"}],"replies":[{"embeddable":true,"href":"https:\/\/glotomania.com\/pt-pt\/wp-json\/wp\/v2\/comments?post=387075"}],"wp:featuredmedia":[{"embeddable":true,"href":"https:\/\/glotomania.com\/pt-pt\/wp-json\/wp\/v2\/media\/152487"}],"wp:attachment":[{"href":"https:\/\/glotomania.com\/pt-pt\/wp-json\/wp\/v2\/media?parent=387075"}],"wp:term":[{"taxonomy":"pwb-brand","embeddable":true,"href":"https:\/\/glotomania.com\/pt-pt\/wp-json\/wp\/v2\/pwb-brand?post=387075"},{"taxonomy":"product_brand","embeddable":true,"href":"https:\/\/glotomania.com\/pt-pt\/wp-json\/wp\/v2\/product_brand?post=387075"},{"taxonomy":"product_cat","embeddable":true,"href":"https:\/\/glotomania.com\/pt-pt\/wp-json\/wp\/v2\/product_cat?post=387075"},{"taxonomy":"product_tag","embeddable":true,"href":"https:\/\/glotomania.com\/pt-pt\/wp-json\/wp\/v2\/product_tag?post=387075"}],"curies":[{"name":"wp","href":"https:\/\/api.w.org\/{rel}","templated":true}]}}