{"id":387088,"date":"2025-09-02T10:18:13","date_gmt":"2025-09-02T10:18:13","guid":{"rendered":"https:\/\/glotomania.com\/p\/set-3-cortadores-de-acero-corazones-n1-2\/"},"modified":"2026-05-02T00:28:04","modified_gmt":"2026-05-02T00:28:04","slug":"set-3-cortadores-de-acero-corazones-n1-2","status":"publish","type":"product","link":"https:\/\/glotomania.com\/pt-pt\/p\/set-3-cortadores-de-acero-corazones-n1-2\/","title":{"rendered":"Set 3 Cortadores De A\u00c7o &#8211; Cora\u00c7\u00d5es N1"},"content":{"rendered":"<p>\u00a0<\/p>\n<div><span style=\"font-size: 14px\">Feito de metal de qualidade premium, adequado para uso alimentar, f\u00e1cil de limpar. Fabricado em\u00a0<strong>a\u00e7o inoxid\u00e1vel\u00a0<\/strong>AISI 304 com 0,4 mm de espessura, com aro de 3 mm para proteger ao pressionar.<\/span><\/div>\n<div>\n<span style=\"font-size: 14px\"><strong>Medidas<\/strong>:\u00a0<\/span><\/div>\n<div>\n<div><span style=\"font-size:14px\">&#8211; <u>Pequeno<\/u> 6,5 x 6,5 x 2,5 cm.<\/span><\/div>\n<div><span style=\"font-size:14px\">&#8211; <u>M\u00e9dio<\/u> 8 x 8 x 2,5 cm.<\/span><\/div>\n<div><span style=\"font-size:14px\">&#8211; <u>Grande<\/u> 9,5 x 9,5 x 2,5 cm.<\/span><\/div>\n<\/div>\n","protected":false},"excerpt":{"rendered":"<p>Personalize suas cria\u00e7\u00f5es com esses moldes tem\u00e1ticos divertidos e ousados.<\/p>\n","protected":false},"featured_media":151540,"comment_status":"open","ping_status":"closed","template":"","meta":{"_acf_changed":false},"pwb-brand":[],"product_brand":[],"product_cat":[1852,1788,3199,3087,2924,1767],"product_tag":[],"class_list":{"0":"post-387088","1":"product","2":"type-product","3":"status-publish","4":"has-post-thumbnail","6":"product_cat-san-valentin","7":"product_cat-cortadores-de-cobre","8":"product_cat-cortadores-de-metal","9":"product_cat-ordem-e-armazenamento","10":"product_cat-sao-valentim-2","11":"product_cat-utensilios","13":"first","14":"instock","15":"taxable","16":"shipping-taxable","17":"purchasable","18":"product-type-simple"},"acf":[],"df_price":6.5,"df_sale_price":3.9,"df_regular_price":6.5,"df_image_link":"https:\/\/glotomania.com\/wp-content\/uploads\/2025\/09\/img_20135_286bad4db7394dea0ac70337c759ba50_1-300x300.png","brands":[],"_links":{"self":[{"href":"https:\/\/glotomania.com\/pt-pt\/wp-json\/wp\/v2\/product\/387088","targetHints":{"allow":["GET"]}}],"collection":[{"href":"https:\/\/glotomania.com\/pt-pt\/wp-json\/wp\/v2\/product"}],"about":[{"href":"https:\/\/glotomania.com\/pt-pt\/wp-json\/wp\/v2\/types\/product"}],"replies":[{"embeddable":true,"href":"https:\/\/glotomania.com\/pt-pt\/wp-json\/wp\/v2\/comments?post=387088"}],"wp:featuredmedia":[{"embeddable":true,"href":"https:\/\/glotomania.com\/pt-pt\/wp-json\/wp\/v2\/media\/151540"}],"wp:attachment":[{"href":"https:\/\/glotomania.com\/pt-pt\/wp-json\/wp\/v2\/media?parent=387088"}],"wp:term":[{"taxonomy":"pwb-brand","embeddable":true,"href":"https:\/\/glotomania.com\/pt-pt\/wp-json\/wp\/v2\/pwb-brand?post=387088"},{"taxonomy":"product_brand","embeddable":true,"href":"https:\/\/glotomania.com\/pt-pt\/wp-json\/wp\/v2\/product_brand?post=387088"},{"taxonomy":"product_cat","embeddable":true,"href":"https:\/\/glotomania.com\/pt-pt\/wp-json\/wp\/v2\/product_cat?post=387088"},{"taxonomy":"product_tag","embeddable":true,"href":"https:\/\/glotomania.com\/pt-pt\/wp-json\/wp\/v2\/product_tag?post=387088"}],"curies":[{"name":"wp","href":"https:\/\/api.w.org\/{rel}","templated":true}]}}