{"id":387089,"date":"2025-09-02T10:18:13","date_gmt":"2025-09-02T10:18:13","guid":{"rendered":"https:\/\/glotomania.com\/p\/set-3-cortadores-de-acero-corazones-n2-2\/"},"modified":"2026-05-02T00:28:05","modified_gmt":"2026-05-02T00:28:05","slug":"set-3-cortadores-de-acero-corazones-n2-2","status":"publish","type":"product","link":"https:\/\/glotomania.com\/pt-pt\/p\/set-3-cortadores-de-acero-corazones-n2-2\/","title":{"rendered":"Set 3 Cortadores De A\u00c7o &#8211; Cora\u00c7\u00d5es N2"},"content":{"rendered":"<p>&nbsp;<\/p>\n<div><span style=\"font-size: 14px\">Feito de metal de qualidade premium, adequado para uso alimentar, f&aacute;cil de limpar. Fabricado em&nbsp;<strong>a&ccedil;o inoxid&aacute;vel&nbsp;<\/strong>AISI 304 com 0,4 mm de espessura, com aro de 3 mm para proteger ao pressionar.<\/span><\/div>\n<div>\n<span style=\"font-size: 14px\"><strong>Medidas<\/strong>:&nbsp;<\/span><\/div>\n<div>\n<div><span style=\"font-size: 14px\">&#8211;&nbsp;<u>Pequeno<\/u>&nbsp;6,5 x 7,5 x 2,5 cm.<\/span><\/div>\n<div><span style=\"font-size: 14px\">&#8211;&nbsp;<u>M&eacute;dio<\/u>&nbsp;8 x 9,5&nbsp;x 2,5 cm.<\/span><\/div>\n<div><span style=\"font-size: 14px\">&#8211;&nbsp;<u>Grande<\/u>&nbsp;9,5 x 11&nbsp;x 2,5 cm.<\/span><\/div>\n<\/div>\n","protected":false},"excerpt":{"rendered":"<p>Personalize suas cria\u00e7\u00f5es com esses moldes tem\u00e1ticos divertidos e ousados.<\/p>\n","protected":false},"featured_media":38500,"comment_status":"open","ping_status":"closed","template":"","meta":{"_acf_changed":false},"pwb-brand":[],"product_brand":[],"product_cat":[3199,3087,2924,1852,1788,1767],"product_tag":[],"class_list":{"0":"post-387089","1":"product","2":"type-product","3":"status-publish","4":"has-post-thumbnail","6":"product_cat-cortadores-de-metal","7":"product_cat-ordem-e-armazenamento","8":"product_cat-sao-valentim-2","9":"product_cat-san-valentin","10":"product_cat-cortadores-de-cobre","11":"product_cat-utensilios","13":"first","14":"instock","15":"taxable","16":"shipping-taxable","17":"purchasable","18":"product-type-simple"},"acf":[],"df_price":6.5,"df_sale_price":3.9,"df_regular_price":6.5,"df_image_link":"https:\/\/glotomania.com\/wp-content\/uploads\/2022\/09\/img_20134_4442ea2640735cf12a74794a415f9295_1-300x300.png","brands":[],"_links":{"self":[{"href":"https:\/\/glotomania.com\/pt-pt\/wp-json\/wp\/v2\/product\/387089","targetHints":{"allow":["GET"]}}],"collection":[{"href":"https:\/\/glotomania.com\/pt-pt\/wp-json\/wp\/v2\/product"}],"about":[{"href":"https:\/\/glotomania.com\/pt-pt\/wp-json\/wp\/v2\/types\/product"}],"replies":[{"embeddable":true,"href":"https:\/\/glotomania.com\/pt-pt\/wp-json\/wp\/v2\/comments?post=387089"}],"wp:featuredmedia":[{"embeddable":true,"href":"https:\/\/glotomania.com\/pt-pt\/wp-json\/wp\/v2\/media\/38500"}],"wp:attachment":[{"href":"https:\/\/glotomania.com\/pt-pt\/wp-json\/wp\/v2\/media?parent=387089"}],"wp:term":[{"taxonomy":"pwb-brand","embeddable":true,"href":"https:\/\/glotomania.com\/pt-pt\/wp-json\/wp\/v2\/pwb-brand?post=387089"},{"taxonomy":"product_brand","embeddable":true,"href":"https:\/\/glotomania.com\/pt-pt\/wp-json\/wp\/v2\/product_brand?post=387089"},{"taxonomy":"product_cat","embeddable":true,"href":"https:\/\/glotomania.com\/pt-pt\/wp-json\/wp\/v2\/product_cat?post=387089"},{"taxonomy":"product_tag","embeddable":true,"href":"https:\/\/glotomania.com\/pt-pt\/wp-json\/wp\/v2\/product_tag?post=387089"}],"curies":[{"name":"wp","href":"https:\/\/api.w.org\/{rel}","templated":true}]}}