{"id":387090,"date":"2025-09-02T10:18:14","date_gmt":"2025-09-02T10:18:14","guid":{"rendered":"https:\/\/glotomania.com\/p\/stand-para-cake-pops-arbol-18-cavidades-2\/"},"modified":"2026-03-10T12:14:29","modified_gmt":"2026-03-10T12:14:29","slug":"stand-para-cake-pops-arbol-18-cavidades-2","status":"publish","type":"product","link":"https:\/\/glotomania.com\/pt-pt\/p\/stand-para-cake-pops-arbol-18-cavidades-2\/","title":{"rendered":"Stand Para Cake Pops \u00c1rvore &#8211; 18 Cavidades"},"content":{"rendered":"<p>\u00a0<\/p>\n<p><span style=\"font-size: 14px\">Suporte de cake pops\u00a0em forma de \u00e1rvore de cor prata. Tem uma forma de pir\u00e2mide para apresentar at\u00e9 18\u00a0cake pops, um design original para decorar sua mesa de festa.<\/span><\/p>\n<p><span style=\"font-size: 14px\">F\u00e1cil de montar e desmontar em eventos, inclui pe\u00e7as de montagem e suas ferramentas.<\/span><\/p>\n<p><span style=\"font-size: 14px\">Feito de material met\u00e1lico de alta qualidade, adequado para a lavagem da m\u00e1quina de lavar lou\u00e7a.<\/span><\/p>\n<p><span style=\"font-size: 14px\"><strong>Medidas<\/strong>: Capacidade para 18 cake pops &#8211; Altura 25 cm<\/span><\/p>\n","protected":false},"excerpt":{"rendered":"<p>Tem capacidade para 18 cake pops, suporte met\u00e1lico em forma de uma \u00e1rvore original para suas mesas doces.<\/p>\n","protected":false},"featured_media":151541,"comment_status":"open","ping_status":"closed","template":"","meta":{"_acf_changed":false},"pwb-brand":[],"product_brand":[],"product_cat":[3093,1768,3087,1769,3228,1767],"product_tag":[],"class_list":{"0":"post-387090","1":"product","2":"type-product","3":"status-publish","4":"has-post-thumbnail","6":"product_cat-bases-para-bolos-2","7":"product_cat-bases","8":"product_cat-ordem-e-armazenamento","9":"product_cat-soportes","10":"product_cat-suportes-para-doces-e-bolos","11":"product_cat-utensilios","13":"first","14":"instock","15":"taxable","16":"shipping-taxable","17":"purchasable","18":"product-type-simple"},"acf":[],"df_price":12.85,"df_sale_price":"","df_regular_price":12.85,"df_image_link":"https:\/\/glotomania.com\/wp-content\/uploads\/2025\/09\/img_20858_b91143a5f247586732dd01b6f958156d_1-300x300.png","brands":[],"_links":{"self":[{"href":"https:\/\/glotomania.com\/pt-pt\/wp-json\/wp\/v2\/product\/387090","targetHints":{"allow":["GET"]}}],"collection":[{"href":"https:\/\/glotomania.com\/pt-pt\/wp-json\/wp\/v2\/product"}],"about":[{"href":"https:\/\/glotomania.com\/pt-pt\/wp-json\/wp\/v2\/types\/product"}],"replies":[{"embeddable":true,"href":"https:\/\/glotomania.com\/pt-pt\/wp-json\/wp\/v2\/comments?post=387090"}],"wp:featuredmedia":[{"embeddable":true,"href":"https:\/\/glotomania.com\/pt-pt\/wp-json\/wp\/v2\/media\/151541"}],"wp:attachment":[{"href":"https:\/\/glotomania.com\/pt-pt\/wp-json\/wp\/v2\/media?parent=387090"}],"wp:term":[{"taxonomy":"pwb-brand","embeddable":true,"href":"https:\/\/glotomania.com\/pt-pt\/wp-json\/wp\/v2\/pwb-brand?post=387090"},{"taxonomy":"product_brand","embeddable":true,"href":"https:\/\/glotomania.com\/pt-pt\/wp-json\/wp\/v2\/product_brand?post=387090"},{"taxonomy":"product_cat","embeddable":true,"href":"https:\/\/glotomania.com\/pt-pt\/wp-json\/wp\/v2\/product_cat?post=387090"},{"taxonomy":"product_tag","embeddable":true,"href":"https:\/\/glotomania.com\/pt-pt\/wp-json\/wp\/v2\/product_tag?post=387090"}],"curies":[{"name":"wp","href":"https:\/\/api.w.org\/{rel}","templated":true}]}}