{"id":387091,"date":"2025-09-02T10:18:14","date_gmt":"2025-09-02T10:18:14","guid":{"rendered":"https:\/\/glotomania.com\/p\/set-push-up-cake-pops-redondos-2\/"},"modified":"2026-04-25T00:25:50","modified_gmt":"2026-04-25T00:25:50","slug":"set-push-up-cake-pops-redondos-2","status":"publish","type":"product","link":"https:\/\/glotomania.com\/pt-pt\/p\/set-push-up-cake-pops-redondos-2\/","title":{"rendered":"Set 2 Push Up Redondos"},"content":{"rendered":"<p>&nbsp;<\/p>\n<p><span style=\"font-size:14px\">Seu uso &eacute; muito simples. As partes s&atilde;o cortadas usando o recipiente de pop-up como molde. Empurre cuidadosamente o bast&atilde;o da base e remova as partes. Voc&ecirc; s&oacute; precisa pressionar o &ecirc;mbolo para elevar a base.<\/span><\/p>\n<p><span style=\"font-size:14px\">&Eacute; reutiliz&aacute;vel e f&aacute;cil de limpar, separando as 3 pe&ccedil;as. Feito de pl&aacute;stico de alta qualidade.<\/span><\/p>\n<p><span style=\"font-size:14px\"><strong>Pe&ccedil;as<\/strong>: Recipiente de pl&aacute;stico, com &ecirc;mbolo deslizante e tampa.<\/span><\/p>\n<p><span style=\"font-size:14px\"><strong>Medidas<\/strong>: Recipiente: Altura 7 cm &#8211; 4,5 cm &Oslash;.<\/span><\/p>\n","protected":false},"excerpt":{"rendered":"<p>Recipiente de pl\u00e1stico transparente para bolos, uma maneira original de apresentar uma por\u00e7\u00e3o individual.<\/p>\n","protected":false},"featured_media":151543,"comment_status":"open","ping_status":"closed","template":"","meta":{"_acf_changed":false},"pwb-brand":[],"product_brand":[],"product_cat":[3106,1820,1788,3199,3124,1823,3087,1767],"product_tag":[],"class_list":{"0":"post-387091","1":"product","2":"type-product","3":"status-publish","4":"has-post-thumbnail","6":"product_cat-basicos-de-pastelaria","7":"product_cat-basicos","8":"product_cat-cortadores-de-cobre","9":"product_cat-cortadores-de-metal","10":"product_cat-ferramentas-de-corte-e-modelacao-2","11":"product_cat-herramientas-corte-y-modelado","12":"product_cat-ordem-e-armazenamento","13":"product_cat-utensilios","15":"first","16":"instock","17":"taxable","18":"shipping-taxable","19":"purchasable","20":"product-type-simple"},"acf":[],"df_price":1.5,"df_sale_price":0.75,"df_regular_price":1.5,"df_image_link":"https:\/\/glotomania.com\/wp-content\/uploads\/2025\/09\/img_20995_79759c3ef284641a7d13675f93812da0_1-300x300.png","brands":[],"_links":{"self":[{"href":"https:\/\/glotomania.com\/pt-pt\/wp-json\/wp\/v2\/product\/387091","targetHints":{"allow":["GET"]}}],"collection":[{"href":"https:\/\/glotomania.com\/pt-pt\/wp-json\/wp\/v2\/product"}],"about":[{"href":"https:\/\/glotomania.com\/pt-pt\/wp-json\/wp\/v2\/types\/product"}],"replies":[{"embeddable":true,"href":"https:\/\/glotomania.com\/pt-pt\/wp-json\/wp\/v2\/comments?post=387091"}],"wp:featuredmedia":[{"embeddable":true,"href":"https:\/\/glotomania.com\/pt-pt\/wp-json\/wp\/v2\/media\/151543"}],"wp:attachment":[{"href":"https:\/\/glotomania.com\/pt-pt\/wp-json\/wp\/v2\/media?parent=387091"}],"wp:term":[{"taxonomy":"pwb-brand","embeddable":true,"href":"https:\/\/glotomania.com\/pt-pt\/wp-json\/wp\/v2\/pwb-brand?post=387091"},{"taxonomy":"product_brand","embeddable":true,"href":"https:\/\/glotomania.com\/pt-pt\/wp-json\/wp\/v2\/product_brand?post=387091"},{"taxonomy":"product_cat","embeddable":true,"href":"https:\/\/glotomania.com\/pt-pt\/wp-json\/wp\/v2\/product_cat?post=387091"},{"taxonomy":"product_tag","embeddable":true,"href":"https:\/\/glotomania.com\/pt-pt\/wp-json\/wp\/v2\/product_tag?post=387091"}],"curies":[{"name":"wp","href":"https:\/\/api.w.org\/{rel}","templated":true}]}}