{"id":387092,"date":"2025-09-02T10:18:14","date_gmt":"2025-09-02T10:18:14","guid":{"rendered":"https:\/\/glotomania.com\/p\/rejilla-para-secar-flores-2\/"},"modified":"2026-04-20T06:30:23","modified_gmt":"2026-04-20T06:30:23","slug":"rejilla-para-secar-flores-2","status":"publish","type":"product","link":"https:\/\/glotomania.com\/pt-pt\/p\/rejilla-para-secar-flores-2\/","title":{"rendered":"Stand De Secagem De Flores"},"content":{"rendered":"<p>\u00a0<\/p>\n<p><span style=\"font-size:14px\">O rack de secagem \u00e9 ideal para secar e formar nossas elabora\u00e7\u00f5es de folhas e flores, obtendo formas c\u00f4ncavas e convexas.<\/span><\/p>\n<p><span style=\"font-size:14px\">Feito de pl\u00e1stico de alta qualidade adequado para uso alimentar.<\/span><\/p>\n<p><span style=\"font-size:14px\"><strong>Medidas<\/strong>: Comprimento 22 cm &#8211; Largura 18 cm.<\/span><\/p>\n","protected":false},"excerpt":{"rendered":"<p>Ideal para secar e formar nossas elabora\u00e7\u00f5es de folhas e flores.<\/p>\n","protected":false},"featured_media":151544,"comment_status":"open","ping_status":"closed","template":"","meta":{"_acf_changed":false},"pwb-brand":[],"product_brand":[],"product_cat":[3087,3230,1813,1767],"product_tag":[],"class_list":{"0":"post-387092","1":"product","2":"type-product","3":"status-publish","4":"has-post-thumbnail","6":"product_cat-ordem-e-armazenamento","7":"product_cat-tubos-para-flores","8":"product_cat-utensilios-flores","9":"product_cat-utensilios","11":"first","12":"instock","13":"taxable","14":"shipping-taxable","15":"purchasable","16":"product-type-simple"},"acf":[],"df_price":3.36,"df_sale_price":"","df_regular_price":3.36,"df_image_link":"https:\/\/glotomania.com\/wp-content\/uploads\/2025\/09\/img_20993_2e588a061181e562f63eac0fb3ec7be4_1-300x300.png","brands":[],"_links":{"self":[{"href":"https:\/\/glotomania.com\/pt-pt\/wp-json\/wp\/v2\/product\/387092","targetHints":{"allow":["GET"]}}],"collection":[{"href":"https:\/\/glotomania.com\/pt-pt\/wp-json\/wp\/v2\/product"}],"about":[{"href":"https:\/\/glotomania.com\/pt-pt\/wp-json\/wp\/v2\/types\/product"}],"replies":[{"embeddable":true,"href":"https:\/\/glotomania.com\/pt-pt\/wp-json\/wp\/v2\/comments?post=387092"}],"wp:featuredmedia":[{"embeddable":true,"href":"https:\/\/glotomania.com\/pt-pt\/wp-json\/wp\/v2\/media\/151544"}],"wp:attachment":[{"href":"https:\/\/glotomania.com\/pt-pt\/wp-json\/wp\/v2\/media?parent=387092"}],"wp:term":[{"taxonomy":"pwb-brand","embeddable":true,"href":"https:\/\/glotomania.com\/pt-pt\/wp-json\/wp\/v2\/pwb-brand?post=387092"},{"taxonomy":"product_brand","embeddable":true,"href":"https:\/\/glotomania.com\/pt-pt\/wp-json\/wp\/v2\/product_brand?post=387092"},{"taxonomy":"product_cat","embeddable":true,"href":"https:\/\/glotomania.com\/pt-pt\/wp-json\/wp\/v2\/product_cat?post=387092"},{"taxonomy":"product_tag","embeddable":true,"href":"https:\/\/glotomania.com\/pt-pt\/wp-json\/wp\/v2\/product_tag?post=387092"}],"curies":[{"name":"wp","href":"https:\/\/api.w.org\/{rel}","templated":true}]}}