{"id":387095,"date":"2025-09-02T10:18:16","date_gmt":"2025-09-02T10:18:16","guid":{"rendered":"https:\/\/glotomania.com\/p\/molde-aluminio-redondo-2\/"},"modified":"2026-03-10T12:14:38","modified_gmt":"2026-03-10T12:14:38","slug":"molde-aluminio-redondo-2","status":"publish","type":"product","link":"https:\/\/glotomania.com\/pt-pt\/p\/molde-aluminio-redondo-2\/","title":{"rendered":"Molde De Alum\u00cdnio Redondo &#8211; \u00d8 16 Cm \/ H 10 Cm"},"content":{"rendered":"<p>&nbsp;<\/p>\n<p><span style=\"font-size:14px\">Molde de <strong>alum&iacute;nio<\/strong> <strong>anodizado<\/strong> profissional, antiaderente, leve e dur&aacute;vel. Resistente a altas e baixas temperaturas, aquece ou esfria muito rapidamente. Seu <strong>cozimento<\/strong> &eacute; muito <strong>homog&ecirc;neo<\/strong>, uma distribui&ccedil;&atilde;o de calor perfeita &eacute; garantida.<\/span><\/p>\n<p><span style=\"font-size:14px\">F&aacute;cil de lavar, lav&aacute;vel na m&aacute;quina de lavar lou&ccedil;a.<\/span><\/p>\n<p><span style=\"font-size:14px\"><strong>Medidas<\/strong>: Altura 10 cm &#8211; &Oslash; 16 cm.<\/span><\/p>\n","protected":false},"excerpt":{"rendered":"<p>Feito de alum\u00ednio anodizado. \u00c9 antiaderente e garante perfeita distribui\u00e7\u00e3o de calor.<\/p>\n","protected":false},"featured_media":151664,"comment_status":"open","ping_status":"closed","template":"","meta":{"_acf_changed":false},"pwb-brand":[],"product_brand":[],"product_cat":[3217,1802,3214,1801,1804,3087,1767],"product_tag":[],"class_list":{"0":"post-387095","1":"product","2":"type-product","3":"status-publish","4":"has-post-thumbnail","6":"product_cat-moldes-de-formas-especiais","7":"product_cat-moldes-metal","8":"product_cat-moldes-de-pastelaria","9":"product_cat-moldes","10":"product_cat-moldes-redondos","11":"product_cat-ordem-e-armazenamento","12":"product_cat-utensilios","14":"first","15":"instock","16":"taxable","17":"shipping-taxable","18":"purchasable","19":"product-type-simple"},"acf":[],"df_price":6.95,"df_sale_price":"","df_regular_price":6.95,"df_image_link":"https:\/\/glotomania.com\/wp-content\/uploads\/2025\/09\/img_19828_e651d5f0a3fcb2dc86a4a66b7d7231a5_1-300x300.png","brands":[],"_links":{"self":[{"href":"https:\/\/glotomania.com\/pt-pt\/wp-json\/wp\/v2\/product\/387095","targetHints":{"allow":["GET"]}}],"collection":[{"href":"https:\/\/glotomania.com\/pt-pt\/wp-json\/wp\/v2\/product"}],"about":[{"href":"https:\/\/glotomania.com\/pt-pt\/wp-json\/wp\/v2\/types\/product"}],"replies":[{"embeddable":true,"href":"https:\/\/glotomania.com\/pt-pt\/wp-json\/wp\/v2\/comments?post=387095"}],"wp:featuredmedia":[{"embeddable":true,"href":"https:\/\/glotomania.com\/pt-pt\/wp-json\/wp\/v2\/media\/151664"}],"wp:attachment":[{"href":"https:\/\/glotomania.com\/pt-pt\/wp-json\/wp\/v2\/media?parent=387095"}],"wp:term":[{"taxonomy":"pwb-brand","embeddable":true,"href":"https:\/\/glotomania.com\/pt-pt\/wp-json\/wp\/v2\/pwb-brand?post=387095"},{"taxonomy":"product_brand","embeddable":true,"href":"https:\/\/glotomania.com\/pt-pt\/wp-json\/wp\/v2\/product_brand?post=387095"},{"taxonomy":"product_cat","embeddable":true,"href":"https:\/\/glotomania.com\/pt-pt\/wp-json\/wp\/v2\/product_cat?post=387095"},{"taxonomy":"product_tag","embeddable":true,"href":"https:\/\/glotomania.com\/pt-pt\/wp-json\/wp\/v2\/product_tag?post=387095"}],"curies":[{"name":"wp","href":"https:\/\/api.w.org\/{rel}","templated":true}]}}