{"id":387098,"date":"2025-09-02T10:18:21","date_gmt":"2025-09-02T10:18:21","guid":{"rendered":"https:\/\/glotomania.com\/p\/molde-de-aluminio-desmontable-redondo-2\/"},"modified":"2026-03-10T12:14:46","modified_gmt":"2026-03-10T12:14:46","slug":"molde-de-aluminio-desmontable-redondo-2","status":"publish","type":"product","link":"https:\/\/glotomania.com\/pt-pt\/p\/molde-de-aluminio-desmontable-redondo-2\/","title":{"rendered":"Molde Redondo Amov\u00cdvel De Alum\u00cdnio (aro Frisado) &#8211; \u00d8 24 Cm"},"content":{"rendered":"<p>&nbsp;<\/p>\n<p><span style=\"font-size:14px\">Molde<\/span><span style=\"font-size: 14px\">&nbsp;<\/span><span style=\"font-size: 14px\">profissional<\/span><span style=\"font-size: 14px\">&nbsp;de<strong> alum&iacute;nio anodizado<\/strong>, antiaderente, leve e dur&aacute;vel. Resistente a altas e baixas temperaturas, aquece ou esfria muito rapidamente. Seu <strong>cozimento<\/strong> &eacute; muito <strong>homog&ecirc;neo<\/strong>, uma distribui&ccedil;&atilde;o de calor perfeita &eacute; garantida.<\/span><\/p>\n<p><span style=\"font-size:14px\">Com<strong> fundo remov&iacute;vel<\/strong>, ideal para desenformar nossas elabora&ccedil;&otilde;es sem sofrer danos.<\/span><\/p>\n<p><span style=\"font-size:14px\"><strong>Conselhos:&nbsp;<\/strong>Lave e seque o molde antes de us&aacute;-lo pela primeira vez. Deve ser lavado em &aacute;gua quente com detergente e secar.<\/span><\/p>\n<p><span style=\"font-size:14px\"><strong>Medidas<\/strong>: Altura 4 cm &#8211; &Oslash; 24 cm.<\/span><\/p>\n","protected":false},"excerpt":{"rendered":"<p>Feito de alum\u00ednio anodizado. \u00c9 antiaderente, com fundo remov\u00edvel e garante perfeita distribui\u00e7\u00e3o de calor.<\/p>\n","protected":false},"featured_media":34779,"comment_status":"open","ping_status":"closed","template":"","meta":{"_acf_changed":false},"pwb-brand":[],"product_brand":[],"product_cat":[3217,1802,3214,1801,1804,3087,1767],"product_tag":[],"class_list":{"0":"post-387098","1":"product","2":"type-product","3":"status-publish","4":"has-post-thumbnail","6":"product_cat-moldes-de-formas-especiais","7":"product_cat-moldes-metal","8":"product_cat-moldes-de-pastelaria","9":"product_cat-moldes","10":"product_cat-moldes-redondos","11":"product_cat-ordem-e-armazenamento","12":"product_cat-utensilios","14":"first","15":"instock","16":"taxable","17":"shipping-taxable","18":"purchasable","19":"product-type-simple"},"acf":[],"df_price":14.6,"df_sale_price":"","df_regular_price":14.6,"df_image_link":"https:\/\/glotomania.com\/wp-content\/uploads\/2022\/09\/img_19806_1873deb46e6a13b87e24057cea4cf7a4_1-300x300.png","brands":[],"_links":{"self":[{"href":"https:\/\/glotomania.com\/pt-pt\/wp-json\/wp\/v2\/product\/387098","targetHints":{"allow":["GET"]}}],"collection":[{"href":"https:\/\/glotomania.com\/pt-pt\/wp-json\/wp\/v2\/product"}],"about":[{"href":"https:\/\/glotomania.com\/pt-pt\/wp-json\/wp\/v2\/types\/product"}],"replies":[{"embeddable":true,"href":"https:\/\/glotomania.com\/pt-pt\/wp-json\/wp\/v2\/comments?post=387098"}],"wp:featuredmedia":[{"embeddable":true,"href":"https:\/\/glotomania.com\/pt-pt\/wp-json\/wp\/v2\/media\/34779"}],"wp:attachment":[{"href":"https:\/\/glotomania.com\/pt-pt\/wp-json\/wp\/v2\/media?parent=387098"}],"wp:term":[{"taxonomy":"pwb-brand","embeddable":true,"href":"https:\/\/glotomania.com\/pt-pt\/wp-json\/wp\/v2\/pwb-brand?post=387098"},{"taxonomy":"product_brand","embeddable":true,"href":"https:\/\/glotomania.com\/pt-pt\/wp-json\/wp\/v2\/product_brand?post=387098"},{"taxonomy":"product_cat","embeddable":true,"href":"https:\/\/glotomania.com\/pt-pt\/wp-json\/wp\/v2\/product_cat?post=387098"},{"taxonomy":"product_tag","embeddable":true,"href":"https:\/\/glotomania.com\/pt-pt\/wp-json\/wp\/v2\/product_tag?post=387098"}],"curies":[{"name":"wp","href":"https:\/\/api.w.org\/{rel}","templated":true}]}}