{"id":387099,"date":"2025-09-02T10:18:23","date_gmt":"2025-09-02T10:18:23","guid":{"rendered":"https:\/\/glotomania.com\/p\/molde-de-aluminio-para-puding-con-tapa-2\/"},"modified":"2026-03-10T12:14:51","modified_gmt":"2026-03-10T12:14:51","slug":"molde-de-aluminio-para-puding-con-tapa-2","status":"publish","type":"product","link":"https:\/\/glotomania.com\/pt-pt\/p\/molde-de-aluminio-para-puding-con-tapa-2\/","title":{"rendered":"Molde De Alum\u00cdnio Para Pudim Com Tampa &#8211; \u00d8 18 Cm \/ H 11 Cm"},"content":{"rendered":"<p>&nbsp;<\/p>\n<p><span style=\"font-size:14px\">Molde profissional de <strong>alum&iacute;nio anodizado<\/strong>, antiaderente, leve e dur&aacute;vel. Resistente a altas e baixas temperaturas, aquece ou esfria muito rapidamente. Seu <strong>cozimento <\/strong>&eacute; muito <strong>homog&ecirc;neo<\/strong>, uma distribui&ccedil;&atilde;o de calor perfeita &eacute; garantida.<\/span><\/p>\n<p><span style=\"font-size:14px\">Tem um design <strong>encaracolado<\/strong>, ideal para a receita tradicional de pudim. Incorpora uma <strong>tampa <\/strong>que sela perfeitamente o molde para um cozimento ideal da prepara&ccedil;&atilde;o do vapor.<\/span><\/p>\n<p><span style=\"font-size:14px\"><strong>Medidas:<\/strong> Altura 11 cm &#8211; &Oslash; 18 cm.<\/span><\/p>\n","protected":false},"excerpt":{"rendered":"<p>Feito de alum\u00ednio anodizado. Com um design encaracolado ideal para pudim e uma tampa de veda\u00e7\u00e3o para cozinhar a vapor com perfei\u00e7\u00e3o.<\/p>\n","protected":false},"featured_media":151555,"comment_status":"open","ping_status":"closed","template":"","meta":{"_acf_changed":false},"pwb-brand":[],"product_brand":[],"product_cat":[3217,1802,3214,1801,3087,1767],"product_tag":[],"class_list":{"0":"post-387099","1":"product","2":"type-product","3":"status-publish","4":"has-post-thumbnail","6":"product_cat-moldes-de-formas-especiais","7":"product_cat-moldes-metal","8":"product_cat-moldes-de-pastelaria","9":"product_cat-moldes","10":"product_cat-ordem-e-armazenamento","11":"product_cat-utensilios","13":"first","14":"instock","15":"taxable","16":"shipping-taxable","17":"purchasable","18":"product-type-simple"},"acf":[],"df_price":13.37,"df_sale_price":"","df_regular_price":13.37,"df_image_link":"https:\/\/glotomania.com\/wp-content\/uploads\/2025\/09\/img_19811_b3043ffcf9991626d9e0544efc92c5fa_1-300x300.png","brands":[],"_links":{"self":[{"href":"https:\/\/glotomania.com\/pt-pt\/wp-json\/wp\/v2\/product\/387099","targetHints":{"allow":["GET"]}}],"collection":[{"href":"https:\/\/glotomania.com\/pt-pt\/wp-json\/wp\/v2\/product"}],"about":[{"href":"https:\/\/glotomania.com\/pt-pt\/wp-json\/wp\/v2\/types\/product"}],"replies":[{"embeddable":true,"href":"https:\/\/glotomania.com\/pt-pt\/wp-json\/wp\/v2\/comments?post=387099"}],"wp:featuredmedia":[{"embeddable":true,"href":"https:\/\/glotomania.com\/pt-pt\/wp-json\/wp\/v2\/media\/151555"}],"wp:attachment":[{"href":"https:\/\/glotomania.com\/pt-pt\/wp-json\/wp\/v2\/media?parent=387099"}],"wp:term":[{"taxonomy":"pwb-brand","embeddable":true,"href":"https:\/\/glotomania.com\/pt-pt\/wp-json\/wp\/v2\/pwb-brand?post=387099"},{"taxonomy":"product_brand","embeddable":true,"href":"https:\/\/glotomania.com\/pt-pt\/wp-json\/wp\/v2\/product_brand?post=387099"},{"taxonomy":"product_cat","embeddable":true,"href":"https:\/\/glotomania.com\/pt-pt\/wp-json\/wp\/v2\/product_cat?post=387099"},{"taxonomy":"product_tag","embeddable":true,"href":"https:\/\/glotomania.com\/pt-pt\/wp-json\/wp\/v2\/product_tag?post=387099"}],"curies":[{"name":"wp","href":"https:\/\/api.w.org\/{rel}","templated":true}]}}