{"id":387104,"date":"2025-09-02T10:18:33","date_gmt":"2025-09-02T10:18:33","guid":{"rendered":"https:\/\/glotomania.com\/p\/caja-para-turron-dorada-con-ventana-2\/"},"modified":"2026-03-10T12:15:04","modified_gmt":"2026-03-10T12:15:04","slug":"caja-para-turron-dorada-con-ventana-2","status":"publish","type":"product","link":"https:\/\/glotomania.com\/pt-pt\/p\/caja-para-turron-dorada-con-ventana-2\/","title":{"rendered":"Caixa Dourada Com Janela Para Nougat &#8211; 18,5 Cm"},"content":{"rendered":"<p>\u00a0<\/p>\n<p><span style=\"font-size:14px\">Caixa de nougat de ouro met\u00e1lico elegante e tradicional.<\/span><\/p>\n<p><span style=\"font-size:14px\">Forma retangular, medi\u00e7\u00e3o padr\u00e3o profissional. Com aba de fechamento em ambos os lados e janela de acetato na face superior, com faixa para personalizar, se desejado. Feito de papel\u00e3o e acetato de alta resist\u00eancia.<\/span><\/p>\n<p><span style=\"font-size:14px\">F\u00e1cil de desdobrar, \u00e9 servido dobrado para melhor armazenamento e conserva\u00e7\u00e3o.<\/span><\/p>\n<p><span style=\"font-size:14px\"><strong>Medidas<\/strong>: Comprimento 18,5 cm &#8211; Largura 8,7 cm &#8211; Altura 2,7 cm.<\/span><\/p>\n","protected":false},"excerpt":{"rendered":"<p>Feito de papel\u00e3o resistente com uma janela de acetato. Ideal para embrulhar nossos nougats com um toque elegante.<\/p>\n","protected":false},"featured_media":34795,"comment_status":"open","ping_status":"closed","template":"","meta":{"_acf_changed":false},"pwb-brand":[],"product_brand":[],"product_cat":[3158,3182,2920,3087,1782,1984,1866,1767],"product_tag":[],"class_list":{"0":"post-387104","1":"product","2":"type-product","3":"status-publish","4":"has-post-thumbnail","6":"product_cat-caixas-de-pastelaria","7":"product_cat-caixas-para-nougat-2","8":"product_cat-natal-2","9":"product_cat-ordem-e-armazenamento","10":"product_cat-cajas","11":"product_cat-cajas-turron","12":"product_cat-navidad","13":"product_cat-utensilios","15":"first","16":"instock","17":"taxable","18":"shipping-taxable","19":"purchasable","20":"product-type-simple"},"acf":[],"df_price":0.75,"df_sale_price":"","df_regular_price":0.75,"df_image_link":"https:\/\/glotomania.com\/wp-content\/uploads\/2022\/09\/img_20728_3f90cd345f9834ee5a45a73ac6ba0729_1-300x300.png","brands":[],"_links":{"self":[{"href":"https:\/\/glotomania.com\/pt-pt\/wp-json\/wp\/v2\/product\/387104","targetHints":{"allow":["GET"]}}],"collection":[{"href":"https:\/\/glotomania.com\/pt-pt\/wp-json\/wp\/v2\/product"}],"about":[{"href":"https:\/\/glotomania.com\/pt-pt\/wp-json\/wp\/v2\/types\/product"}],"replies":[{"embeddable":true,"href":"https:\/\/glotomania.com\/pt-pt\/wp-json\/wp\/v2\/comments?post=387104"}],"wp:featuredmedia":[{"embeddable":true,"href":"https:\/\/glotomania.com\/pt-pt\/wp-json\/wp\/v2\/media\/34795"}],"wp:attachment":[{"href":"https:\/\/glotomania.com\/pt-pt\/wp-json\/wp\/v2\/media?parent=387104"}],"wp:term":[{"taxonomy":"pwb-brand","embeddable":true,"href":"https:\/\/glotomania.com\/pt-pt\/wp-json\/wp\/v2\/pwb-brand?post=387104"},{"taxonomy":"product_brand","embeddable":true,"href":"https:\/\/glotomania.com\/pt-pt\/wp-json\/wp\/v2\/product_brand?post=387104"},{"taxonomy":"product_cat","embeddable":true,"href":"https:\/\/glotomania.com\/pt-pt\/wp-json\/wp\/v2\/product_cat?post=387104"},{"taxonomy":"product_tag","embeddable":true,"href":"https:\/\/glotomania.com\/pt-pt\/wp-json\/wp\/v2\/product_tag?post=387104"}],"curies":[{"name":"wp","href":"https:\/\/api.w.org\/{rel}","templated":true}]}}