{"id":387105,"date":"2025-09-02T10:18:34","date_gmt":"2025-09-02T10:18:34","guid":{"rendered":"https:\/\/glotomania.com\/p\/blondas-de-papel-blancas-2\/"},"modified":"2026-03-10T12:15:06","modified_gmt":"2026-03-10T12:15:06","slug":"blondas-de-papel-blancas-2","status":"publish","type":"product","link":"https:\/\/glotomania.com\/pt-pt\/p\/blondas-de-papel-blancas-2\/","title":{"rendered":"Doilies De Papel Branco (35 Cm \u00d8) &#8211; 5 Unidades"},"content":{"rendered":"<p>&nbsp;<\/p>\n<p><span style=\"font-size: 14px\">Feito com papel premium resistente.<\/span><br style=\"font-size: 14px\" \/><br \/>\n<span style=\"font-size: 14px\">Embalagem de<\/span><u style=\"font-size: 14px\">&nbsp;5&nbsp;unidades.<\/u><br style=\"font-size: 14px\" \/><br \/>\n<strong style=\"font-size: 14px\">Cor<\/strong><span style=\"font-size: 14px\">&nbsp;branca.<\/span><br style=\"font-size: 14px\" \/><br \/>\n<strong style=\"font-size: 14px\">Medida<\/strong><span style=\"font-size: 14px\">: 35&nbsp;cm &Oslash;<\/span><\/p>\n","protected":false},"excerpt":{"rendered":"<p>Feitos de papel e com uma borda aberta. Ideal para dar um toque elegante \u00e0s suas elabora\u00e7\u00f5es e \u00e0s suas mesas doces.<\/p>\n","protected":false},"featured_media":151562,"comment_status":"open","ping_status":"closed","template":"","meta":{"_acf_changed":false},"pwb-brand":[],"product_brand":[],"product_cat":[1822,3116,3087,1767],"product_tag":[],"class_list":{"0":"post-387105","1":"product","2":"type-product","3":"status-publish","4":"has-post-thumbnail","6":"product_cat-blondas-papel","7":"product_cat-doilies-de-papel-2","8":"product_cat-ordem-e-armazenamento","9":"product_cat-utensilios","11":"first","12":"instock","13":"taxable","14":"shipping-taxable","15":"purchasable","16":"product-type-simple"},"acf":[],"df_price":0.5,"df_sale_price":"","df_regular_price":0.5,"df_image_link":"https:\/\/glotomania.com\/wp-content\/uploads\/2025\/09\/img_21058_e2f9303aea050c36a5be9580b04d57b9_1-300x300.png","brands":[],"_links":{"self":[{"href":"https:\/\/glotomania.com\/pt-pt\/wp-json\/wp\/v2\/product\/387105","targetHints":{"allow":["GET"]}}],"collection":[{"href":"https:\/\/glotomania.com\/pt-pt\/wp-json\/wp\/v2\/product"}],"about":[{"href":"https:\/\/glotomania.com\/pt-pt\/wp-json\/wp\/v2\/types\/product"}],"replies":[{"embeddable":true,"href":"https:\/\/glotomania.com\/pt-pt\/wp-json\/wp\/v2\/comments?post=387105"}],"wp:featuredmedia":[{"embeddable":true,"href":"https:\/\/glotomania.com\/pt-pt\/wp-json\/wp\/v2\/media\/151562"}],"wp:attachment":[{"href":"https:\/\/glotomania.com\/pt-pt\/wp-json\/wp\/v2\/media?parent=387105"}],"wp:term":[{"taxonomy":"pwb-brand","embeddable":true,"href":"https:\/\/glotomania.com\/pt-pt\/wp-json\/wp\/v2\/pwb-brand?post=387105"},{"taxonomy":"product_brand","embeddable":true,"href":"https:\/\/glotomania.com\/pt-pt\/wp-json\/wp\/v2\/product_brand?post=387105"},{"taxonomy":"product_cat","embeddable":true,"href":"https:\/\/glotomania.com\/pt-pt\/wp-json\/wp\/v2\/product_cat?post=387105"},{"taxonomy":"product_tag","embeddable":true,"href":"https:\/\/glotomania.com\/pt-pt\/wp-json\/wp\/v2\/product_tag?post=387105"}],"curies":[{"name":"wp","href":"https:\/\/api.w.org\/{rel}","templated":true}]}}