{"id":387110,"date":"2025-09-02T10:18:38","date_gmt":"2025-09-02T10:18:38","guid":{"rendered":"https:\/\/glotomania.com\/p\/cuchara-pluma-para-chocolate-2\/"},"modified":"2026-05-06T00:25:20","modified_gmt":"2026-05-06T00:25:20","slug":"cuchara-pluma-para-chocolate-2","status":"publish","type":"product","link":"https:\/\/glotomania.com\/pt-pt\/p\/cuchara-pluma-para-chocolate-2\/","title":{"rendered":"Colher Pena Para Chocolate"},"content":{"rendered":"<p>\u00a0<\/p>\n<p><span style=\"font-size:14px\">Ideal para os nossos molhos e chocolates, \u00e9 um utens\u00edlio muito pr\u00e1tico, pois facilita o trabalho de decora\u00e7\u00e3o, gra\u00e7as ao formato de uma pena com termina\u00e7\u00e3o em V.<\/span><\/p>\n<p><span style=\"font-size:14px\">Feito de pl\u00e1stico de alta qualidade, adequado para uso em alimentos e pode ser lavado na m\u00e1quina de lavar lou\u00e7a.<\/span><\/p>\n<p><span style=\"font-size:14px\"><strong>Medidas<\/strong>: Comprimento 17,5 cm &#8211; Largura 3,5 cm &#8211; <u>Profundidade m\u00e1xima da colher:<\/u> 3,5 cm.<\/span><\/p>\n","protected":false},"excerpt":{"rendered":"<p>Feito de pl\u00e1stico de alta qualidade, ideal para nossos molhos e chocolates.<\/p>\n","protected":false},"featured_media":151566,"comment_status":"open","ping_status":"closed","template":"","meta":{"_acf_changed":false},"pwb-brand":[],"product_brand":[],"product_cat":[3106,1820,3118,1935,3087,1767],"product_tag":[],"class_list":{"0":"post-387110","1":"product","2":"type-product","3":"status-publish","4":"has-post-thumbnail","6":"product_cat-basicos-de-pastelaria","7":"product_cat-basicos","8":"product_cat-colheres-2","9":"product_cat-cucharas","10":"product_cat-ordem-e-armazenamento","11":"product_cat-utensilios","13":"first","14":"instock","15":"taxable","16":"shipping-taxable","17":"purchasable","18":"product-type-simple"},"acf":[],"df_price":0.77,"df_sale_price":0.77,"df_regular_price":1.95,"df_image_link":"https:\/\/glotomania.com\/wp-content\/uploads\/2025\/09\/img_21054_77512c31e10af773e840f86d8b42dc31_1-300x300.png","brands":[],"_links":{"self":[{"href":"https:\/\/glotomania.com\/pt-pt\/wp-json\/wp\/v2\/product\/387110","targetHints":{"allow":["GET"]}}],"collection":[{"href":"https:\/\/glotomania.com\/pt-pt\/wp-json\/wp\/v2\/product"}],"about":[{"href":"https:\/\/glotomania.com\/pt-pt\/wp-json\/wp\/v2\/types\/product"}],"replies":[{"embeddable":true,"href":"https:\/\/glotomania.com\/pt-pt\/wp-json\/wp\/v2\/comments?post=387110"}],"wp:featuredmedia":[{"embeddable":true,"href":"https:\/\/glotomania.com\/pt-pt\/wp-json\/wp\/v2\/media\/151566"}],"wp:attachment":[{"href":"https:\/\/glotomania.com\/pt-pt\/wp-json\/wp\/v2\/media?parent=387110"}],"wp:term":[{"taxonomy":"pwb-brand","embeddable":true,"href":"https:\/\/glotomania.com\/pt-pt\/wp-json\/wp\/v2\/pwb-brand?post=387110"},{"taxonomy":"product_brand","embeddable":true,"href":"https:\/\/glotomania.com\/pt-pt\/wp-json\/wp\/v2\/product_brand?post=387110"},{"taxonomy":"product_cat","embeddable":true,"href":"https:\/\/glotomania.com\/pt-pt\/wp-json\/wp\/v2\/product_cat?post=387110"},{"taxonomy":"product_tag","embeddable":true,"href":"https:\/\/glotomania.com\/pt-pt\/wp-json\/wp\/v2\/product_tag?post=387110"}],"curies":[{"name":"wp","href":"https:\/\/api.w.org\/{rel}","templated":true}]}}