{"id":387112,"date":"2025-09-02T10:18:39","date_gmt":"2025-09-02T10:18:39","guid":{"rendered":"https:\/\/glotomania.com\/p\/utensilios-para-donuts-y-rosquillas-2\/"},"modified":"2026-04-29T00:17:19","modified_gmt":"2026-04-29T00:17:19","slug":"utensilios-para-donuts-y-rosquillas-2","status":"publish","type":"product","link":"https:\/\/glotomania.com\/pt-pt\/p\/utensilios-para-donuts-y-rosquillas-2\/","title":{"rendered":"Utens\u00cdlios Para Donuts E Rosquinhas"},"content":{"rendered":"<p>&nbsp;<\/p>\n<p><span style=\"font-size:14px\">Cont&eacute;m <strong>um molde de corte<\/strong> com al&ccedil;a anat&ocirc;mica para maior precis&atilde;o, e uma <strong>pin&ccedil;a&nbsp;<\/strong>que, inserindo-o no orif&iacute;cio do doce, facilita o processo de revestimento.<\/span><\/p>\n<p><span style=\"font-size:14px\">Ambas as pe&ccedil;as se encaixam, inserindo o grampo no orif&iacute;cio central para economizar espa&ccedil;o.<\/span><\/p>\n<p><span style=\"font-size:14px\">Feito de excelente <strong>nylon <\/strong>resistente a temperaturas de at&eacute; 210 &ordm;C, adequado para uso em alimentos e pode ser lavado na m&aacute;quina de lavar lou&ccedil;a<\/span><\/p>\n<p><span style=\"font-size:14px\"><strong>Medidas<\/strong>: <u>Molde de corte<\/u>: Comprimento 8,5 cm x &Oslash; 8cm x &Oslash; do furo central 2,7 cm &#8211; <u>Pin&ccedil;a<\/u>: Comprimento 11cm x Largura m&aacute;xima 2,5 cm.<\/span><\/p>\n","protected":false},"excerpt":{"rendered":"<p>Inclui um molde de corte com al\u00e7a anat\u00f4mica e uma bra\u00e7adeira de nylon, ideal para fazer donuts e rosquinhas profissionalmente.<\/p>\n","protected":false},"featured_media":35688,"comment_status":"open","ping_status":"closed","template":"","meta":{"_acf_changed":false},"pwb-brand":[],"product_brand":[],"product_cat":[3106,3087,1820,1869,1767],"product_tag":[],"class_list":{"0":"post-387112","1":"product","2":"type-product","3":"status-publish","4":"has-post-thumbnail","6":"product_cat-basicos-de-pastelaria","7":"product_cat-ordem-e-armazenamento","8":"product_cat-basicos","9":"product_cat-ultimas-unidades","10":"product_cat-utensilios","12":"first","13":"instock","14":"taxable","15":"shipping-taxable","16":"purchasable","17":"product-type-simple"},"acf":[],"df_price":2.95,"df_sale_price":1.19,"df_regular_price":2.95,"df_image_link":"https:\/\/glotomania.com\/wp-content\/uploads\/2022\/09\/img_14911_4766dbfc5cc6cac2689d3ad602aca52d_1-300x300.png","brands":[],"_links":{"self":[{"href":"https:\/\/glotomania.com\/pt-pt\/wp-json\/wp\/v2\/product\/387112","targetHints":{"allow":["GET"]}}],"collection":[{"href":"https:\/\/glotomania.com\/pt-pt\/wp-json\/wp\/v2\/product"}],"about":[{"href":"https:\/\/glotomania.com\/pt-pt\/wp-json\/wp\/v2\/types\/product"}],"replies":[{"embeddable":true,"href":"https:\/\/glotomania.com\/pt-pt\/wp-json\/wp\/v2\/comments?post=387112"}],"wp:featuredmedia":[{"embeddable":true,"href":"https:\/\/glotomania.com\/pt-pt\/wp-json\/wp\/v2\/media\/35688"}],"wp:attachment":[{"href":"https:\/\/glotomania.com\/pt-pt\/wp-json\/wp\/v2\/media?parent=387112"}],"wp:term":[{"taxonomy":"pwb-brand","embeddable":true,"href":"https:\/\/glotomania.com\/pt-pt\/wp-json\/wp\/v2\/pwb-brand?post=387112"},{"taxonomy":"product_brand","embeddable":true,"href":"https:\/\/glotomania.com\/pt-pt\/wp-json\/wp\/v2\/product_brand?post=387112"},{"taxonomy":"product_cat","embeddable":true,"href":"https:\/\/glotomania.com\/pt-pt\/wp-json\/wp\/v2\/product_cat?post=387112"},{"taxonomy":"product_tag","embeddable":true,"href":"https:\/\/glotomania.com\/pt-pt\/wp-json\/wp\/v2\/product_tag?post=387112"}],"curies":[{"name":"wp","href":"https:\/\/api.w.org\/{rel}","templated":true}]}}