{"id":387114,"date":"2025-09-02T10:18:40","date_gmt":"2025-09-02T10:18:40","guid":{"rendered":"https:\/\/glotomania.com\/p\/cuchillo-de-sierra-de-acero-2\/"},"modified":"2026-03-10T12:15:26","modified_gmt":"2026-03-10T12:15:26","slug":"cuchillo-de-sierra-de-acero-2","status":"publish","type":"product","link":"https:\/\/glotomania.com\/pt-pt\/p\/cuchillo-de-sierra-de-acero-2\/","title":{"rendered":"Faca De Serra Em A\u00c7o"},"content":{"rendered":"<p>\u00a0<\/p>\n<p><span style=\"font-size:14px\">Tanto a l\u00e2mina quanto a al\u00e7a foram projetadas ergonomicamente para cortar sem esfor\u00e7o, de maneira limpa e precisa todos os tipos de trabalho.<\/span><\/p>\n<p><span style=\"font-size:14px\">Fabricado com<strong> cabo de madeira<\/strong> tratado e <strong>l\u00e2mina de a\u00e7o inoxid\u00e1vel<\/strong> premium para evitar ferrugem ou corros\u00e3o. Afiado, dur\u00e1vel e altamente r\u00edgido.<\/span><\/p>\n<p><span style=\"font-size:14px\"><strong>Medidas<\/strong>: Comprimento 49 cm &#8211; Comprimento da l\u00e2mina 36 cm &#8211; Largura m\u00e1xima 3 cm.<\/span><\/p>\n","protected":false},"excerpt":{"rendered":"<p>Faca de pe\u00e7a \u00fanica, ergon\u00f3micamente projetado para corte f\u00e1cil, limpo e preciso.<\/p>\n","protected":false},"featured_media":151570,"comment_status":"open","ping_status":"closed","template":"","meta":{"_acf_changed":false},"pwb-brand":[],"product_brand":[],"product_cat":[3106,1820,3124,1823,3087,1767],"product_tag":[],"class_list":{"0":"post-387114","1":"product","2":"type-product","3":"status-publish","4":"has-post-thumbnail","6":"product_cat-basicos-de-pastelaria","7":"product_cat-basicos","8":"product_cat-ferramentas-de-corte-e-modelacao-2","9":"product_cat-herramientas-corte-y-modelado","10":"product_cat-ordem-e-armazenamento","11":"product_cat-utensilios","13":"first","14":"instock","15":"taxable","16":"shipping-taxable","17":"purchasable","18":"product-type-simple"},"acf":[],"df_price":10.95,"df_sale_price":"","df_regular_price":10.95,"df_image_link":"https:\/\/glotomania.com\/wp-content\/uploads\/2025\/09\/img_21059_50d3b594176b07f10704fb2eebe6f5d6_1-300x300.png","brands":[],"_links":{"self":[{"href":"https:\/\/glotomania.com\/pt-pt\/wp-json\/wp\/v2\/product\/387114","targetHints":{"allow":["GET"]}}],"collection":[{"href":"https:\/\/glotomania.com\/pt-pt\/wp-json\/wp\/v2\/product"}],"about":[{"href":"https:\/\/glotomania.com\/pt-pt\/wp-json\/wp\/v2\/types\/product"}],"replies":[{"embeddable":true,"href":"https:\/\/glotomania.com\/pt-pt\/wp-json\/wp\/v2\/comments?post=387114"}],"wp:featuredmedia":[{"embeddable":true,"href":"https:\/\/glotomania.com\/pt-pt\/wp-json\/wp\/v2\/media\/151570"}],"wp:attachment":[{"href":"https:\/\/glotomania.com\/pt-pt\/wp-json\/wp\/v2\/media?parent=387114"}],"wp:term":[{"taxonomy":"pwb-brand","embeddable":true,"href":"https:\/\/glotomania.com\/pt-pt\/wp-json\/wp\/v2\/pwb-brand?post=387114"},{"taxonomy":"product_brand","embeddable":true,"href":"https:\/\/glotomania.com\/pt-pt\/wp-json\/wp\/v2\/product_brand?post=387114"},{"taxonomy":"product_cat","embeddable":true,"href":"https:\/\/glotomania.com\/pt-pt\/wp-json\/wp\/v2\/product_cat?post=387114"},{"taxonomy":"product_tag","embeddable":true,"href":"https:\/\/glotomania.com\/pt-pt\/wp-json\/wp\/v2\/product_tag?post=387114"}],"curies":[{"name":"wp","href":"https:\/\/api.w.org\/{rel}","templated":true}]}}