{"id":387116,"date":"2025-09-02T10:18:41","date_gmt":"2025-09-02T10:18:41","guid":{"rendered":"https:\/\/glotomania.com\/p\/molde-de-aluminio-alfanumerico-ajustable-2\/"},"modified":"2026-05-09T00:23:54","modified_gmt":"2026-05-09T00:23:54","slug":"molde-de-aluminio-alfanumerico-ajustable-2","status":"publish","type":"product","link":"https:\/\/glotomania.com\/pt-pt\/p\/molde-de-aluminio-alfanumerico-ajustable-2\/","title":{"rendered":"Molde De Alum\u00cdnio Alfanum\u00c9rico Ajust\u00c1vel"},"content":{"rendered":"<p>&nbsp;<\/p>\n<p><span style=\"font-size:14px\">Inclui tudo o que voc&ecirc; precisa para assar bolos na forma das 26 letras do alfabeto e nos n&uacute;meros cardinais de 0 a 9. Asse as letras ou os n&uacute;meros que voc&ecirc; quiser!<\/span><\/p>\n<p><span style=\"font-size:14px\">Ele vem com uma <strong>bandeja antiaderente <\/strong>e <strong>12 quadrados intercambi&aacute;veis<\/strong>. O padr&atilde;o de guia de grade impresso na parte inferior mant&eacute;m cada quadrado no lugar, para que a massa permane&ccedil;a em forma e o bolo saia perfeitamente.<\/span><\/p>\n<p><span style=\"font-size:14px\">Feito de<strong> alum&iacute;nio anodizado <\/strong>seguro para m&aacute;quina de lavar lou&ccedil;a e de f&aacute;cil lavagem. <strong>Antiaderente<\/strong>, <strong>leve <\/strong>e <strong>dur&aacute;vel<\/strong>. Resistente a altas e baixas temperaturas, aquece ou esfria muito rapidamente e seu <strong>cozimento <\/strong>&eacute; muito <strong>homog&ecirc;neo<\/strong>.<\/span><\/p>\n<p><span style=\"font-size:14px\"><strong>Medidas da bandeja: <\/strong>29 x 16,7 cm.<\/span><\/p>\n","protected":false},"excerpt":{"rendered":"<p>Inclui bandeja de padr\u00e3o de grade e 12 quadrados de alum\u00ednio intercambi\u00e1veis.<\/p>\n","protected":false},"featured_media":34790,"comment_status":"open","ping_status":"closed","template":"","meta":{"_acf_changed":false},"pwb-brand":[],"product_brand":[],"product_cat":[3217,1802,3214,1801,3087,1767],"product_tag":[],"class_list":{"0":"post-387116","1":"product","2":"type-product","3":"status-publish","4":"has-post-thumbnail","6":"product_cat-moldes-de-formas-especiais","7":"product_cat-moldes-metal","8":"product_cat-moldes-de-pastelaria","9":"product_cat-moldes","10":"product_cat-ordem-e-armazenamento","11":"product_cat-utensilios","13":"first","14":"instock","15":"taxable","16":"shipping-taxable","17":"purchasable","18":"product-type-simple"},"acf":[],"df_price":18.85,"df_sale_price":7.54,"df_regular_price":18.85,"df_image_link":"https:\/\/glotomania.com\/wp-content\/uploads\/2022\/09\/img_19809_a73006ee10f61b879feedf19f0e8d3a9_1-300x300.png","brands":[],"_links":{"self":[{"href":"https:\/\/glotomania.com\/pt-pt\/wp-json\/wp\/v2\/product\/387116","targetHints":{"allow":["GET"]}}],"collection":[{"href":"https:\/\/glotomania.com\/pt-pt\/wp-json\/wp\/v2\/product"}],"about":[{"href":"https:\/\/glotomania.com\/pt-pt\/wp-json\/wp\/v2\/types\/product"}],"replies":[{"embeddable":true,"href":"https:\/\/glotomania.com\/pt-pt\/wp-json\/wp\/v2\/comments?post=387116"}],"wp:featuredmedia":[{"embeddable":true,"href":"https:\/\/glotomania.com\/pt-pt\/wp-json\/wp\/v2\/media\/34790"}],"wp:attachment":[{"href":"https:\/\/glotomania.com\/pt-pt\/wp-json\/wp\/v2\/media?parent=387116"}],"wp:term":[{"taxonomy":"pwb-brand","embeddable":true,"href":"https:\/\/glotomania.com\/pt-pt\/wp-json\/wp\/v2\/pwb-brand?post=387116"},{"taxonomy":"product_brand","embeddable":true,"href":"https:\/\/glotomania.com\/pt-pt\/wp-json\/wp\/v2\/product_brand?post=387116"},{"taxonomy":"product_cat","embeddable":true,"href":"https:\/\/glotomania.com\/pt-pt\/wp-json\/wp\/v2\/product_cat?post=387116"},{"taxonomy":"product_tag","embeddable":true,"href":"https:\/\/glotomania.com\/pt-pt\/wp-json\/wp\/v2\/product_tag?post=387116"}],"curies":[{"name":"wp","href":"https:\/\/api.w.org\/{rel}","templated":true}]}}