{"id":387120,"date":"2025-09-02T10:18:42","date_gmt":"2025-09-02T10:18:42","guid":{"rendered":"https:\/\/glotomania.com\/p\/tapete-texturizador-ajedrez-2\/"},"modified":"2026-03-16T21:53:30","modified_gmt":"2026-03-16T21:53:30","slug":"tapete-texturizador-ajedrez-2","status":"publish","type":"product","link":"https:\/\/glotomania.com\/pt-pt\/p\/tapete-texturizador-ajedrez-2\/","title":{"rendered":"Texturizante &#8211; Xadrez"},"content":{"rendered":"<p>&nbsp;<\/p>\n<p><strong><span style=\"font-size: 14px\">Instru&ccedil;&otilde;es de uso:<\/span><\/strong><\/p>\n<p><span style=\"font-size: 14px\"><strong>1<\/strong>. Amasse e espalhe o fondant a uma espessura de aproximadamente 2-3 mm.<br \/>\n<strong>2<\/strong>. Recomenda-se untar o tapete com um pouco de manteiga ou polvilhar com a&ccedil;&uacute;car de confeiteiro para que n&atilde;o grude.<br \/>\n<strong>3<\/strong>. Pressione firmemente com um rolo para marcar o desenho no fondant.<br \/>\n<strong>4<\/strong>. Levante levemente a pasta gravada pelo canto.<br \/>\n<strong>5<\/strong>. Pulverize com glitter comest&iacute;vel para destacar o design.<br \/>\n<strong>Material<\/strong>: pl&aacute;stico de alta qualidade, adequado para uso alimentar.&nbsp;<strong>Cor<\/strong>: transl&uacute;cido.<\/span><\/p>\n<p><span style=\"font-size: 14px\"><strong>Medidas<\/strong>: 25 x 17,3 cm.<\/span><\/p>\n","protected":false},"excerpt":{"rendered":"<p>Ideal para obter detalhes profissionais, dando textura \u00e0s nossas pastas de a\u00e7\u00facar, ma\u00e7ap\u00e3o, pastas de modelagem, &#8230;<\/p>\n","protected":false},"featured_media":151575,"comment_status":"open","ping_status":"closed","template":"","meta":{"_acf_changed":false},"pwb-brand":[],"product_brand":[],"product_cat":[3214,1801,3087,3145,1920,1767],"product_tag":[],"class_list":{"0":"post-387120","1":"product","2":"type-product","3":"status-publish","4":"has-post-thumbnail","6":"product_cat-moldes-de-pastelaria","7":"product_cat-moldes","8":"product_cat-ordem-e-armazenamento","9":"product_cat-tapetes-de-texturizacao-2","10":"product_cat-tapetes-texturizadores","11":"product_cat-utensilios","13":"first","14":"instock","15":"taxable","16":"shipping-taxable","17":"purchasable","18":"product-type-simple"},"acf":[],"df_price":0.7,"df_sale_price":"","df_regular_price":0.7,"df_image_link":"https:\/\/glotomania.com\/wp-content\/uploads\/2025\/09\/img_21062_b7d063b33832b7a433d9c7f77e933cad_1-300x300.png","brands":[],"_links":{"self":[{"href":"https:\/\/glotomania.com\/pt-pt\/wp-json\/wp\/v2\/product\/387120","targetHints":{"allow":["GET"]}}],"collection":[{"href":"https:\/\/glotomania.com\/pt-pt\/wp-json\/wp\/v2\/product"}],"about":[{"href":"https:\/\/glotomania.com\/pt-pt\/wp-json\/wp\/v2\/types\/product"}],"replies":[{"embeddable":true,"href":"https:\/\/glotomania.com\/pt-pt\/wp-json\/wp\/v2\/comments?post=387120"}],"wp:featuredmedia":[{"embeddable":true,"href":"https:\/\/glotomania.com\/pt-pt\/wp-json\/wp\/v2\/media\/151575"}],"wp:attachment":[{"href":"https:\/\/glotomania.com\/pt-pt\/wp-json\/wp\/v2\/media?parent=387120"}],"wp:term":[{"taxonomy":"pwb-brand","embeddable":true,"href":"https:\/\/glotomania.com\/pt-pt\/wp-json\/wp\/v2\/pwb-brand?post=387120"},{"taxonomy":"product_brand","embeddable":true,"href":"https:\/\/glotomania.com\/pt-pt\/wp-json\/wp\/v2\/product_brand?post=387120"},{"taxonomy":"product_cat","embeddable":true,"href":"https:\/\/glotomania.com\/pt-pt\/wp-json\/wp\/v2\/product_cat?post=387120"},{"taxonomy":"product_tag","embeddable":true,"href":"https:\/\/glotomania.com\/pt-pt\/wp-json\/wp\/v2\/product_tag?post=387120"}],"curies":[{"name":"wp","href":"https:\/\/api.w.org\/{rel}","templated":true}]}}