{"id":387121,"date":"2025-09-02T10:18:42","date_gmt":"2025-09-02T10:18:42","guid":{"rendered":"https:\/\/glotomania.com\/p\/molde-de-acero-para-6-magdalenas-conchas-2\/"},"modified":"2026-04-26T00:16:09","modified_gmt":"2026-04-26T00:16:09","slug":"molde-de-acero-para-6-magdalenas-conchas-2","status":"publish","type":"product","link":"https:\/\/glotomania.com\/pt-pt\/p\/molde-de-acero-para-6-magdalenas-conchas-2\/","title":{"rendered":"Molde De A\u00c7o Para 6 Madalenas"},"content":{"rendered":"<p>&nbsp;<\/p>\n<p><span style=\"font-size:14px\">Feito de <strong>a&ccedil;o<\/strong> resistente com revestimento <strong>antiaderente <\/strong>em toda a sua superf&iacute;cie, esse material facilita a remo&ccedil;&atilde;o do molde e a limpeza subsequente. Al&eacute;m disso, consegue uma distribui&ccedil;&atilde;o uniforme de calor para um <strong>cozimento <\/strong>totalmente <strong>homog&ecirc;neo<\/strong>.<\/span><\/p>\n<p><span style=\"font-size:14px\"><strong>Recomenda&ccedil;&otilde;es<\/strong>: &#8211; Lave com &aacute;gua e sab&atilde;o antes de usar pela primeira vez. &#8211; Lavagem delicada, n&atilde;o lave na m&aacute;quina de lavar lou&ccedil;a. &#8211; Lubrifique levemente antes de cada uso.<\/span><\/p>\n<p><span style=\"font-size:14px\"><strong>Medidas<\/strong>: Molde: C&nbsp;26,5 cm x&nbsp;L 18,5 cm x A&nbsp;3 cm &#8211; Cavidade: &Oslash; 6,5 cm.<\/span><\/p>\n","protected":false},"excerpt":{"rendered":"<p>Perfeito para fazer o t\u00edpico bolinho franc\u00eas em forma de concha. Feito de a\u00e7o antiaderente e resistente.<\/p>\n","protected":false},"featured_media":151576,"comment_status":"open","ping_status":"closed","template":"","meta":{"_acf_changed":false},"pwb-brand":[],"product_brand":[],"product_cat":[3217,1802,3214,1801,3219,1807,3087,1767],"product_tag":[],"class_list":{"0":"post-387121","1":"product","2":"type-product","3":"status-publish","4":"has-post-thumbnail","6":"product_cat-moldes-de-formas-especiais","7":"product_cat-moldes-metal","8":"product_cat-moldes-de-pastelaria","9":"product_cat-moldes","10":"product_cat-moldes-multi-porcoes","11":"product_cat-moldes-multiporciones","12":"product_cat-ordem-e-armazenamento","13":"product_cat-utensilios","15":"first","16":"instock","17":"taxable","18":"shipping-taxable","19":"purchasable","20":"product-type-simple"},"acf":[],"df_price":2.7,"df_sale_price":2.7,"df_regular_price":6.75,"df_image_link":"https:\/\/glotomania.com\/wp-content\/uploads\/2025\/09\/img_21078_d61fb1aee07ca9c6038e1d70df62a55b_1-300x300.png","brands":[],"_links":{"self":[{"href":"https:\/\/glotomania.com\/pt-pt\/wp-json\/wp\/v2\/product\/387121","targetHints":{"allow":["GET"]}}],"collection":[{"href":"https:\/\/glotomania.com\/pt-pt\/wp-json\/wp\/v2\/product"}],"about":[{"href":"https:\/\/glotomania.com\/pt-pt\/wp-json\/wp\/v2\/types\/product"}],"replies":[{"embeddable":true,"href":"https:\/\/glotomania.com\/pt-pt\/wp-json\/wp\/v2\/comments?post=387121"}],"wp:featuredmedia":[{"embeddable":true,"href":"https:\/\/glotomania.com\/pt-pt\/wp-json\/wp\/v2\/media\/151576"}],"wp:attachment":[{"href":"https:\/\/glotomania.com\/pt-pt\/wp-json\/wp\/v2\/media?parent=387121"}],"wp:term":[{"taxonomy":"pwb-brand","embeddable":true,"href":"https:\/\/glotomania.com\/pt-pt\/wp-json\/wp\/v2\/pwb-brand?post=387121"},{"taxonomy":"product_brand","embeddable":true,"href":"https:\/\/glotomania.com\/pt-pt\/wp-json\/wp\/v2\/product_brand?post=387121"},{"taxonomy":"product_cat","embeddable":true,"href":"https:\/\/glotomania.com\/pt-pt\/wp-json\/wp\/v2\/product_cat?post=387121"},{"taxonomy":"product_tag","embeddable":true,"href":"https:\/\/glotomania.com\/pt-pt\/wp-json\/wp\/v2\/product_tag?post=387121"}],"curies":[{"name":"wp","href":"https:\/\/api.w.org\/{rel}","templated":true}]}}