{"id":387122,"date":"2025-09-02T10:18:43","date_gmt":"2025-09-02T10:18:43","guid":{"rendered":"https:\/\/glotomania.com\/p\/molde-de-acero-para-6-corazones-2\/"},"modified":"2026-04-26T00:16:10","modified_gmt":"2026-04-26T00:16:10","slug":"molde-de-acero-para-6-corazones-2","status":"publish","type":"product","link":"https:\/\/glotomania.com\/pt-pt\/p\/molde-de-acero-para-6-corazones-2\/","title":{"rendered":"Molde De A\u00c7o Para 6 Cora\u00c7\u00d5es"},"content":{"rendered":"<p>&nbsp;<\/p>\n<p><span style=\"font-size: 14px\">Feito de&nbsp;<strong>a&ccedil;o<\/strong>&nbsp;resistente com revestimento&nbsp;<strong>antiaderente&nbsp;<\/strong>em toda a sua superf&iacute;cie, esse material facilita a remo&ccedil;&atilde;o do molde e a limpeza subsequente. Al&eacute;m disso, consegue uma distribui&ccedil;&atilde;o uniforme de calor para um&nbsp;<strong>cozimento&nbsp;<\/strong>totalmente&nbsp;<strong>homog&ecirc;neo<\/strong>.<\/span><\/p>\n<p><span style=\"font-size: 14px\"><strong>Recomenda&ccedil;&otilde;es<\/strong>: &#8211; Lave com &aacute;gua e sab&atilde;o antes de usar pela primeira vez. &#8211; Lavagem delicada, n&atilde;o lave na m&aacute;quina de lavar lou&ccedil;a. &#8211; Lubrifique levemente antes de cada uso.<\/span><\/p>\n<p><span style=\"font-size: 14px\"><strong>Medidas<\/strong>: Molde: C<\/span><span style=\"font-family: Helvetica;font-size: 14px\">&nbsp;26,5 cm x L&nbsp;18,5 cm x A 3 cm<\/span><span style=\"font-size: 14px\">&nbsp;&#8211; Cavidade: 6 cm x 6 cm.<\/span><\/p>\n","protected":false},"excerpt":{"rendered":"<p>Perfeito para criar ador\u00e1veis cria\u00e7\u00f5es em forma de cora\u00e7\u00e3o. Feito de a\u00e7o antiaderente e resistente.<\/p>\n","protected":false},"featured_media":151577,"comment_status":"open","ping_status":"closed","template":"","meta":{"_acf_changed":false},"pwb-brand":[],"product_brand":[],"product_cat":[2907,3217,3214,3219,3087,2924,1852,1802,1801,1807,1849,1767],"product_tag":[],"class_list":{"0":"post-387122","1":"product","2":"type-product","3":"status-publish","4":"has-post-thumbnail","6":"product_cat-festas","7":"product_cat-moldes-de-formas-especiais","8":"product_cat-moldes-de-pastelaria","9":"product_cat-moldes-multi-porcoes","10":"product_cat-ordem-e-armazenamento","11":"product_cat-sao-valentim-2","12":"product_cat-san-valentin","13":"product_cat-moldes-metal","14":"product_cat-moldes","15":"product_cat-moldes-multiporciones","16":"product_cat-fiestas","17":"product_cat-utensilios","19":"first","20":"instock","21":"taxable","22":"shipping-taxable","23":"purchasable","24":"product-type-simple"},"acf":[],"df_price":2.7,"df_sale_price":2.7,"df_regular_price":6.75,"df_image_link":"https:\/\/glotomania.com\/wp-content\/uploads\/2025\/09\/img_21081_bf98b57f4b9a77e887858f3ebd6c12f8_1-300x300.png","brands":[],"_links":{"self":[{"href":"https:\/\/glotomania.com\/pt-pt\/wp-json\/wp\/v2\/product\/387122","targetHints":{"allow":["GET"]}}],"collection":[{"href":"https:\/\/glotomania.com\/pt-pt\/wp-json\/wp\/v2\/product"}],"about":[{"href":"https:\/\/glotomania.com\/pt-pt\/wp-json\/wp\/v2\/types\/product"}],"replies":[{"embeddable":true,"href":"https:\/\/glotomania.com\/pt-pt\/wp-json\/wp\/v2\/comments?post=387122"}],"wp:featuredmedia":[{"embeddable":true,"href":"https:\/\/glotomania.com\/pt-pt\/wp-json\/wp\/v2\/media\/151577"}],"wp:attachment":[{"href":"https:\/\/glotomania.com\/pt-pt\/wp-json\/wp\/v2\/media?parent=387122"}],"wp:term":[{"taxonomy":"pwb-brand","embeddable":true,"href":"https:\/\/glotomania.com\/pt-pt\/wp-json\/wp\/v2\/pwb-brand?post=387122"},{"taxonomy":"product_brand","embeddable":true,"href":"https:\/\/glotomania.com\/pt-pt\/wp-json\/wp\/v2\/product_brand?post=387122"},{"taxonomy":"product_cat","embeddable":true,"href":"https:\/\/glotomania.com\/pt-pt\/wp-json\/wp\/v2\/product_cat?post=387122"},{"taxonomy":"product_tag","embeddable":true,"href":"https:\/\/glotomania.com\/pt-pt\/wp-json\/wp\/v2\/product_tag?post=387122"}],"curies":[{"name":"wp","href":"https:\/\/api.w.org\/{rel}","templated":true}]}}