{"id":387125,"date":"2025-09-02T10:18:43","date_gmt":"2025-09-02T10:18:43","guid":{"rendered":"https:\/\/glotomania.com\/p\/molde-de-acero-para-12-galletas-margaritas-2\/"},"modified":"2026-04-26T00:16:12","modified_gmt":"2026-04-26T00:16:12","slug":"molde-de-acero-para-12-galletas-margaritas-2","status":"publish","type":"product","link":"https:\/\/glotomania.com\/pt-pt\/p\/molde-de-acero-para-12-galletas-margaritas-2\/","title":{"rendered":"Molde De A\u00c7o Para 12 Margaridas"},"content":{"rendered":"<p>&nbsp;<\/p>\n<p><span style=\"font-size: 14px\">Feito de&nbsp;<strong>a&ccedil;o<\/strong>&nbsp;resistente com revestimento&nbsp;<strong>antiaderente&nbsp;<\/strong>em toda a sua superf&iacute;cie, esse material facilita a remo&ccedil;&atilde;o do molde e a limpeza subsequente. Al&eacute;m disso, consegue uma distribui&ccedil;&atilde;o uniforme de calor para um&nbsp;<strong>cozimento&nbsp;<\/strong>totalmente&nbsp;<strong>homog&ecirc;neo<\/strong>.<\/span><\/p>\n<p><span style=\"font-size: 14px\"><strong>Recomenda&ccedil;&otilde;es<\/strong>: &#8211; Lave com &aacute;gua e sab&atilde;o antes de usar pela primeira vez. &#8211; Lavagem delicada, n&atilde;o lave na m&aacute;quina de lavar lou&ccedil;a. &#8211; Lubrifique levemente antes de cada uso.<\/span><\/p>\n<p><span style=\"font-size: 14px\"><strong>Medidas<\/strong>: Molde: C<\/span><span style=\"font-family: Helvetica;font-size: 14px\">&nbsp;35 cm x L 26,5 cm x A 3 cm<\/span><span style=\"font-size: 14px\">&nbsp;&#8211; Cavidade:<\/span><span style=\"font-family: Helvetica;font-size: 14px\">&nbsp;&Oslash;<\/span><span style=\"font-size: 14px\">&nbsp;6,5 cm.<\/span><\/p>\n","protected":false},"excerpt":{"rendered":"<p>Perfeito para criar ador\u00e1veis cria\u00e7\u00f5es de primavera. Feito de a\u00e7o antiaderente e resistente.<\/p>\n","protected":false},"featured_media":151580,"comment_status":"open","ping_status":"closed","template":"","meta":{"_acf_changed":false},"pwb-brand":[],"product_brand":[],"product_cat":[3217,1802,3214,1801,3219,1807,3087,1767],"product_tag":[],"class_list":{"0":"post-387125","1":"product","2":"type-product","3":"status-publish","4":"has-post-thumbnail","6":"product_cat-moldes-de-formas-especiais","7":"product_cat-moldes-metal","8":"product_cat-moldes-de-pastelaria","9":"product_cat-moldes","10":"product_cat-moldes-multi-porcoes","11":"product_cat-moldes-multiporciones","12":"product_cat-ordem-e-armazenamento","13":"product_cat-utensilios","15":"first","16":"instock","17":"taxable","18":"shipping-taxable","19":"purchasable","20":"product-type-simple"},"acf":[],"df_price":2.7,"df_sale_price":2.7,"df_regular_price":6.75,"df_image_link":"https:\/\/glotomania.com\/wp-content\/uploads\/2025\/09\/img_21080_477349982f098f67295c6de1404c3b0d_1-300x300.png","brands":[],"_links":{"self":[{"href":"https:\/\/glotomania.com\/pt-pt\/wp-json\/wp\/v2\/product\/387125","targetHints":{"allow":["GET"]}}],"collection":[{"href":"https:\/\/glotomania.com\/pt-pt\/wp-json\/wp\/v2\/product"}],"about":[{"href":"https:\/\/glotomania.com\/pt-pt\/wp-json\/wp\/v2\/types\/product"}],"replies":[{"embeddable":true,"href":"https:\/\/glotomania.com\/pt-pt\/wp-json\/wp\/v2\/comments?post=387125"}],"wp:featuredmedia":[{"embeddable":true,"href":"https:\/\/glotomania.com\/pt-pt\/wp-json\/wp\/v2\/media\/151580"}],"wp:attachment":[{"href":"https:\/\/glotomania.com\/pt-pt\/wp-json\/wp\/v2\/media?parent=387125"}],"wp:term":[{"taxonomy":"pwb-brand","embeddable":true,"href":"https:\/\/glotomania.com\/pt-pt\/wp-json\/wp\/v2\/pwb-brand?post=387125"},{"taxonomy":"product_brand","embeddable":true,"href":"https:\/\/glotomania.com\/pt-pt\/wp-json\/wp\/v2\/product_brand?post=387125"},{"taxonomy":"product_cat","embeddable":true,"href":"https:\/\/glotomania.com\/pt-pt\/wp-json\/wp\/v2\/product_cat?post=387125"},{"taxonomy":"product_tag","embeddable":true,"href":"https:\/\/glotomania.com\/pt-pt\/wp-json\/wp\/v2\/product_tag?post=387125"}],"curies":[{"name":"wp","href":"https:\/\/api.w.org\/{rel}","templated":true}]}}