{"id":387130,"date":"2025-09-18T15:28:30","date_gmt":"2025-09-18T15:28:30","guid":{"rendered":"https:\/\/glotomania.com\/p\/velas-en-espiral-2\/"},"modified":"2026-03-10T12:15:59","modified_gmt":"2026-03-10T12:15:59","slug":"velas-en-espiral-2","status":"publish","type":"product","link":"https:\/\/glotomania.com\/pt-pt\/p\/velas-en-espiral-2\/","title":{"rendered":"Velas Em Espiral Rosas"},"content":{"rendered":"<p>&nbsp;<\/p>\n<p><span style=\"font-size: 14px\">Com suporte branco&nbsp;para poder pregar em nossas elabora&ccedil;&otilde;es.<\/span><\/p>\n<p><span style=\"font-size: 14px\"><strong>Material<\/strong>: Parafina.<\/span><\/p>\n<p><span style=\"font-size:14px\"><strong>Medida<\/strong>:&nbsp;Altura total 13 cm &#8211; &Oslash; 0,5 cm.<\/span><\/p>\n","protected":false},"excerpt":{"rendered":"<p>Pacote de 12 velas altas, juntamente com os suportes para preg\u00e1-las. Ilumine suas cria\u00e7\u00f5es com altura!<\/p>\n","protected":false},"featured_media":151690,"comment_status":"open","ping_status":"closed","template":"","meta":{"_acf_changed":false},"pwb-brand":[],"product_brand":[],"product_cat":[2905,2905],"product_tag":[],"class_list":{"0":"post-387130","1":"product","2":"type-product","3":"status-publish","4":"has-post-thumbnail","6":"product_cat-data-de-expiracao-proxima","9":"first","10":"instock","11":"taxable","12":"shipping-taxable","13":"purchasable","14":"product-type-simple"},"acf":[],"df_price":0.75,"df_sale_price":"","df_regular_price":0.75,"df_image_link":"https:\/\/glotomania.com\/wp-content\/uploads\/2025\/09\/img_21665_3b27ede6abb4ac7bc3ba57b4aefa0d4f_1-300x300.png","brands":[],"_links":{"self":[{"href":"https:\/\/glotomania.com\/pt-pt\/wp-json\/wp\/v2\/product\/387130","targetHints":{"allow":["GET"]}}],"collection":[{"href":"https:\/\/glotomania.com\/pt-pt\/wp-json\/wp\/v2\/product"}],"about":[{"href":"https:\/\/glotomania.com\/pt-pt\/wp-json\/wp\/v2\/types\/product"}],"replies":[{"embeddable":true,"href":"https:\/\/glotomania.com\/pt-pt\/wp-json\/wp\/v2\/comments?post=387130"}],"wp:featuredmedia":[{"embeddable":true,"href":"https:\/\/glotomania.com\/pt-pt\/wp-json\/wp\/v2\/media\/151690"}],"wp:attachment":[{"href":"https:\/\/glotomania.com\/pt-pt\/wp-json\/wp\/v2\/media?parent=387130"}],"wp:term":[{"taxonomy":"pwb-brand","embeddable":true,"href":"https:\/\/glotomania.com\/pt-pt\/wp-json\/wp\/v2\/pwb-brand?post=387130"},{"taxonomy":"product_brand","embeddable":true,"href":"https:\/\/glotomania.com\/pt-pt\/wp-json\/wp\/v2\/product_brand?post=387130"},{"taxonomy":"product_cat","embeddable":true,"href":"https:\/\/glotomania.com\/pt-pt\/wp-json\/wp\/v2\/product_cat?post=387130"},{"taxonomy":"product_tag","embeddable":true,"href":"https:\/\/glotomania.com\/pt-pt\/wp-json\/wp\/v2\/product_tag?post=387130"}],"curies":[{"name":"wp","href":"https:\/\/api.w.org\/{rel}","templated":true}]}}