{"id":387139,"date":"2025-09-02T10:18:54","date_gmt":"2025-09-02T10:18:54","guid":{"rendered":"https:\/\/glotomania.com\/p\/set-5-cortadores-de-acero-bolas-arbol-de-navidad\/"},"modified":"2026-04-23T00:19:52","modified_gmt":"2026-04-23T00:19:52","slug":"set-5-cortadores-de-acero-bolas-arbol-de-navidad","status":"publish","type":"product","link":"https:\/\/glotomania.com\/pt-pt\/p\/set-5-cortadores-de-acero-bolas-arbol-de-navidad\/","title":{"rendered":"Set 5 Cortadores De A\u00c7o &#8211; Bolas De Natal"},"content":{"rendered":"<p>&nbsp;<\/p>\n<p><span style=\"font-size:14px\">Feito de metal de qualidade premium, adequado para uso alimentar, f&aacute;cil de limpar. Fabricado em&nbsp;<strong style=\"font-size: 14px\">a&ccedil;o inoxid&aacute;vel&nbsp;<\/strong>AISI 304 com 0,4 mm de espessura, com aro de 3 mm para proteger ao pressionar.<\/span><\/p>\n<p><u><strong><span style=\"font-size:14px\">Medidas:<\/span><\/strong><\/u><\/p>\n<p><span style=\"font-size:14px\">&#8211; <strong>Cortador 1<\/strong>: Comprimento 5 cm x Largura 10,5 cm x Altura 2,5 cm.<br \/>\n&#8211; <strong>Cortador 2<\/strong>: Comprimento 4,8 cm x Largura 11 cm x Altura 2,5 cm.<br \/>\n&#8211; <strong>Cortador 3<\/strong>: Comprimento 5 cm x Largura 6 cm x Altura 2,5 cm.<br \/>\n&#8211; <strong>Cortador&nbsp;4<\/strong>: Comprimento 4,8 cm x Largura 10,8 cm x Altura 2,5 cm.<br \/>\n&#8211; <strong>Cortador 5<\/strong>: Comprimento 5 cm x Largura 10,8 cm x Altura 2,5 cm.<\/span><\/p>\n","protected":false},"excerpt":{"rendered":"<p>Personalize suas cria\u00e7\u00f5es com esses moldes tem\u00e1ticos divertidos e ousados.<\/p>\n","protected":false},"featured_media":34816,"comment_status":"open","ping_status":"closed","template":"","meta":{"_acf_changed":false},"pwb-brand":[],"product_brand":[],"product_cat":[3199,2907,2920,3087,1788,1849,1866,1767],"product_tag":[],"class_list":{"0":"post-387139","1":"product","2":"type-product","3":"status-publish","4":"has-post-thumbnail","6":"product_cat-cortadores-de-metal","7":"product_cat-festas","8":"product_cat-natal-2","9":"product_cat-ordem-e-armazenamento","10":"product_cat-cortadores-de-cobre","11":"product_cat-fiestas","12":"product_cat-navidad","13":"product_cat-utensilios","15":"first","16":"instock","17":"taxable","18":"shipping-taxable","19":"purchasable","20":"product-type-simple"},"acf":[],"df_price":13.95,"df_sale_price":6.98,"df_regular_price":13.95,"df_image_link":"https:\/\/glotomania.com\/wp-content\/uploads\/2022\/09\/img_20151_6c094b5de14965c6386c8d0222b622f1_1-300x300.png","brands":[],"_links":{"self":[{"href":"https:\/\/glotomania.com\/pt-pt\/wp-json\/wp\/v2\/product\/387139","targetHints":{"allow":["GET"]}}],"collection":[{"href":"https:\/\/glotomania.com\/pt-pt\/wp-json\/wp\/v2\/product"}],"about":[{"href":"https:\/\/glotomania.com\/pt-pt\/wp-json\/wp\/v2\/types\/product"}],"replies":[{"embeddable":true,"href":"https:\/\/glotomania.com\/pt-pt\/wp-json\/wp\/v2\/comments?post=387139"}],"wp:featuredmedia":[{"embeddable":true,"href":"https:\/\/glotomania.com\/pt-pt\/wp-json\/wp\/v2\/media\/34816"}],"wp:attachment":[{"href":"https:\/\/glotomania.com\/pt-pt\/wp-json\/wp\/v2\/media?parent=387139"}],"wp:term":[{"taxonomy":"pwb-brand","embeddable":true,"href":"https:\/\/glotomania.com\/pt-pt\/wp-json\/wp\/v2\/pwb-brand?post=387139"},{"taxonomy":"product_brand","embeddable":true,"href":"https:\/\/glotomania.com\/pt-pt\/wp-json\/wp\/v2\/product_brand?post=387139"},{"taxonomy":"product_cat","embeddable":true,"href":"https:\/\/glotomania.com\/pt-pt\/wp-json\/wp\/v2\/product_cat?post=387139"},{"taxonomy":"product_tag","embeddable":true,"href":"https:\/\/glotomania.com\/pt-pt\/wp-json\/wp\/v2\/product_tag?post=387139"}],"curies":[{"name":"wp","href":"https:\/\/api.w.org\/{rel}","templated":true}]}}