{"id":387140,"date":"2025-09-02T10:18:54","date_gmt":"2025-09-02T10:18:54","guid":{"rendered":"https:\/\/glotomania.com\/p\/caja-para-bombones-y-macarons-con-ventana-2\/"},"modified":"2026-03-17T12:04:48","modified_gmt":"2026-03-17T12:04:48","slug":"caja-para-bombones-y-macarons-con-ventana-2","status":"publish","type":"product","link":"https:\/\/glotomania.com\/pt-pt\/p\/caja-para-bombones-y-macarons-con-ventana-2\/","title":{"rendered":"Caixa Para Chocolates E Macarons Com Janela"},"content":{"rendered":"<p>\n<span style=\"font-size:14px\">Fabricado em cart&atilde;o resistente e janela de acetato, adequado para uso alimentar.<\/span><\/p>\n<p><span style=\"font-size:14px\"><strong>Medidas<\/strong>: 4,5 x 4,5 x 13 cm.<\/span><\/p>\n","protected":false},"excerpt":{"rendered":"<p>Caixa de cart\u00e3o castanho com janela de acetato, tem um belo fecho em forma de flor. Ideal para chocolates, macarr\u00e3o, ch\u00e1s, ervas arom\u00e1ticas,&#8230;<\/p>\n","protected":false},"featured_media":151596,"comment_status":"open","ping_status":"closed","template":"","meta":{"_acf_changed":false},"pwb-brand":[],"product_brand":[],"product_cat":[3158,3168,3162,3174,1921,1785,1786,1782,1767],"product_tag":[],"class_list":{"0":"post-387140","1":"product","2":"type-product","3":"status-publish","4":"has-post-thumbnail","6":"product_cat-caixas-de-pastelaria","7":"product_cat-caixas-para-bolachas-2","8":"product_cat-caixas-para-chocolates-2","9":"product_cat-caixas-para-macarons-2","10":"product_cat-cajas-bombones","11":"product_cat-cajas-galletas","12":"product_cat-cajas-macarons","13":"product_cat-cajas","14":"product_cat-utensilios","16":"first","17":"instock","18":"taxable","19":"shipping-taxable","20":"purchasable","21":"product-type-simple"},"acf":[],"df_price":0.82,"df_sale_price":"","df_regular_price":0.9,"df_image_link":"https:\/\/glotomania.com\/wp-content\/uploads\/2025\/09\/img_14976_75d4077506de829937c8ffce567ef92f_1-300x300.png","brands":[],"_links":{"self":[{"href":"https:\/\/glotomania.com\/pt-pt\/wp-json\/wp\/v2\/product\/387140","targetHints":{"allow":["GET"]}}],"collection":[{"href":"https:\/\/glotomania.com\/pt-pt\/wp-json\/wp\/v2\/product"}],"about":[{"href":"https:\/\/glotomania.com\/pt-pt\/wp-json\/wp\/v2\/types\/product"}],"replies":[{"embeddable":true,"href":"https:\/\/glotomania.com\/pt-pt\/wp-json\/wp\/v2\/comments?post=387140"}],"wp:featuredmedia":[{"embeddable":true,"href":"https:\/\/glotomania.com\/pt-pt\/wp-json\/wp\/v2\/media\/151596"}],"wp:attachment":[{"href":"https:\/\/glotomania.com\/pt-pt\/wp-json\/wp\/v2\/media?parent=387140"}],"wp:term":[{"taxonomy":"pwb-brand","embeddable":true,"href":"https:\/\/glotomania.com\/pt-pt\/wp-json\/wp\/v2\/pwb-brand?post=387140"},{"taxonomy":"product_brand","embeddable":true,"href":"https:\/\/glotomania.com\/pt-pt\/wp-json\/wp\/v2\/product_brand?post=387140"},{"taxonomy":"product_cat","embeddable":true,"href":"https:\/\/glotomania.com\/pt-pt\/wp-json\/wp\/v2\/product_cat?post=387140"},{"taxonomy":"product_tag","embeddable":true,"href":"https:\/\/glotomania.com\/pt-pt\/wp-json\/wp\/v2\/product_tag?post=387140"}],"curies":[{"name":"wp","href":"https:\/\/api.w.org\/{rel}","templated":true}]}}