{"id":387156,"date":"2025-09-02T10:19:31","date_gmt":"2025-09-02T10:19:31","guid":{"rendered":"https:\/\/glotomania.com\/p\/set-3-cortadores-de-acero-reyes-magos-2\/"},"modified":"2026-04-23T00:19:52","modified_gmt":"2026-04-23T00:19:52","slug":"set-3-cortadores-de-acero-reyes-magos-2","status":"publish","type":"product","link":"https:\/\/glotomania.com\/pt-pt\/p\/set-3-cortadores-de-acero-reyes-magos-2\/","title":{"rendered":"Set 3 Cortadores De A\u00c7o &#8211; Reis Magos"},"content":{"rendered":"<p>&nbsp;<\/p>\n<div><span style=\"font-size: 14px\">Feito de metal de qualidade premium, adequado para uso alimentar, f&aacute;cil de limpar. Fabricado em&nbsp;<strong>a&ccedil;o inoxid&aacute;vel&nbsp;<\/strong>AISI 304 com 0,4 mm de espessura, com aro de 3 mm para proteger ao pressionar.<\/span><\/div>\n<div>&nbsp;<\/div>\n<div>\n<div><u style=\"font-size: 14px\">GASPAR<\/u><span style=\"font-size: 14px\">:<\/span><\/div>\n<p><span><span style=\"font-size: 14px\"><span><b>Dimensions<\/b>:&nbsp;<\/span><\/span><\/span><font color=\"#000000\"><span style=\"font-size: 14px\">Comprimento 10 cm &#8211; Largura 8 cm &#8211; Altura 2,5 cm.<\/span><\/font><\/p>\n<p><span><span style=\"font-size: 14px\"><span><u>BALTASAR<\/u>:<\/span><\/span><\/span><\/p>\n<p><span><span style=\"font-size: 14px\"><span>&nbsp;<\/span><strong>Dimensions<\/strong><\/span><span style=\"font-size: 14px\">: Comprimento 10,2 cm &#8211; Largura&nbsp;7,5 cm &#8211; Altura 2,5 cm.<\/span><\/span><\/p>\n<\/div>\n","protected":false},"excerpt":{"rendered":"<p>Personalize suas cria\u00e7\u00f5es com esses moldes tem\u00e1ticos divertidos e ousados.<\/p>\n","protected":false},"featured_media":37036,"comment_status":"open","ping_status":"closed","template":"","meta":{"_acf_changed":false},"pwb-brand":[],"product_brand":[],"product_cat":[3199,2920,3087,1788,1866,1767],"product_tag":[],"class_list":{"0":"post-387156","1":"product","2":"type-product","3":"status-publish","4":"has-post-thumbnail","6":"product_cat-cortadores-de-metal","7":"product_cat-natal-2","8":"product_cat-ordem-e-armazenamento","9":"product_cat-cortadores-de-cobre","10":"product_cat-navidad","11":"product_cat-utensilios","13":"first","14":"instock","15":"taxable","16":"shipping-taxable","17":"purchasable","18":"product-type-simple"},"acf":[],"df_price":9.95,"df_sale_price":5.97,"df_regular_price":9.95,"df_image_link":"https:\/\/glotomania.com\/wp-content\/uploads\/2022\/09\/img_20095_1ea789eea513ffe60546646df550981d_1-300x300.png","brands":[],"_links":{"self":[{"href":"https:\/\/glotomania.com\/pt-pt\/wp-json\/wp\/v2\/product\/387156","targetHints":{"allow":["GET"]}}],"collection":[{"href":"https:\/\/glotomania.com\/pt-pt\/wp-json\/wp\/v2\/product"}],"about":[{"href":"https:\/\/glotomania.com\/pt-pt\/wp-json\/wp\/v2\/types\/product"}],"replies":[{"embeddable":true,"href":"https:\/\/glotomania.com\/pt-pt\/wp-json\/wp\/v2\/comments?post=387156"}],"wp:featuredmedia":[{"embeddable":true,"href":"https:\/\/glotomania.com\/pt-pt\/wp-json\/wp\/v2\/media\/37036"}],"wp:attachment":[{"href":"https:\/\/glotomania.com\/pt-pt\/wp-json\/wp\/v2\/media?parent=387156"}],"wp:term":[{"taxonomy":"pwb-brand","embeddable":true,"href":"https:\/\/glotomania.com\/pt-pt\/wp-json\/wp\/v2\/pwb-brand?post=387156"},{"taxonomy":"product_brand","embeddable":true,"href":"https:\/\/glotomania.com\/pt-pt\/wp-json\/wp\/v2\/product_brand?post=387156"},{"taxonomy":"product_cat","embeddable":true,"href":"https:\/\/glotomania.com\/pt-pt\/wp-json\/wp\/v2\/product_cat?post=387156"},{"taxonomy":"product_tag","embeddable":true,"href":"https:\/\/glotomania.com\/pt-pt\/wp-json\/wp\/v2\/product_tag?post=387156"}],"curies":[{"name":"wp","href":"https:\/\/api.w.org\/{rel}","templated":true}]}}