{"id":387157,"date":"2025-09-02T10:19:31","date_gmt":"2025-09-02T10:19:31","guid":{"rendered":"https:\/\/glotomania.com\/p\/set-decoracion-de-futbol-2\/"},"modified":"2026-04-22T23:41:18","modified_gmt":"2026-04-22T23:41:18","slug":"set-decoracion-de-futbol-2","status":"publish","type":"product","link":"https:\/\/glotomania.com\/pt-pt\/p\/set-decoracion-de-futbol-2\/","title":{"rendered":"Set Decora\u00c7\u00c3o Futebol"},"content":{"rendered":"<p>&nbsp;<\/p>\n<p><span style=\"font-size:14px\">Conjunto de decora&ccedil;&atilde;o ideal para decorar bolos para quem gosta de esportes. Feito de pl&aacute;stico de alta qualidade, resistente e seguro.<\/span><\/p>\n<p><span style=\"font-size:14px\"><strong>Medidas<\/strong>: <u>Jogadores de futebol<\/u>: altura 6 cm &#8211; <u>Gol<\/u>: largura 3,5 cm x comprimento 10 cm x altura 8,9 cm.<\/span><\/p>\n<p><span style=\"font-size:14px\">Decora&ccedil;&atilde;o n&atilde;o comest&iacute;vel.<\/span><\/p>\n","protected":false},"excerpt":{"rendered":"<p>Inclui 7 jogadores de futebol e 2 gols. Decora\u00e7\u00e3o n\u00e3o comest\u00edvel, ideal para apaixonados do esporte.<\/p>\n","protected":false},"featured_media":151640,"comment_status":"open","ping_status":"closed","template":"","meta":{"_acf_changed":false},"pwb-brand":[],"product_brand":[],"product_cat":[1792,3200,1879,3203,3202,1860,3087,1767],"product_tag":[],"class_list":{"0":"post-387157","1":"product","2":"type-product","3":"status-publish","4":"has-post-thumbnail","6":"product_cat-decoracion-no-comestible","7":"product_cat-decoracoes-nao-comestiveis","8":"product_cat-figuras-deportivas","9":"product_cat-figuras-desportivas","10":"product_cat-figuras-para-bolos","11":"product_cat-figuras-tartas","12":"product_cat-ordem-e-armazenamento","13":"product_cat-utensilios","15":"first","16":"instock","17":"taxable","18":"shipping-taxable","19":"purchasable","20":"product-type-simple"},"acf":[],"df_price":4.95,"df_sale_price":"","df_regular_price":4.95,"df_image_link":"https:\/\/glotomania.com\/wp-content\/uploads\/2025\/09\/img_20702_096f94977dc194eed7868bc88f12900b_1-300x300.png","brands":[],"_links":{"self":[{"href":"https:\/\/glotomania.com\/pt-pt\/wp-json\/wp\/v2\/product\/387157","targetHints":{"allow":["GET"]}}],"collection":[{"href":"https:\/\/glotomania.com\/pt-pt\/wp-json\/wp\/v2\/product"}],"about":[{"href":"https:\/\/glotomania.com\/pt-pt\/wp-json\/wp\/v2\/types\/product"}],"replies":[{"embeddable":true,"href":"https:\/\/glotomania.com\/pt-pt\/wp-json\/wp\/v2\/comments?post=387157"}],"wp:featuredmedia":[{"embeddable":true,"href":"https:\/\/glotomania.com\/pt-pt\/wp-json\/wp\/v2\/media\/151640"}],"wp:attachment":[{"href":"https:\/\/glotomania.com\/pt-pt\/wp-json\/wp\/v2\/media?parent=387157"}],"wp:term":[{"taxonomy":"pwb-brand","embeddable":true,"href":"https:\/\/glotomania.com\/pt-pt\/wp-json\/wp\/v2\/pwb-brand?post=387157"},{"taxonomy":"product_brand","embeddable":true,"href":"https:\/\/glotomania.com\/pt-pt\/wp-json\/wp\/v2\/product_brand?post=387157"},{"taxonomy":"product_cat","embeddable":true,"href":"https:\/\/glotomania.com\/pt-pt\/wp-json\/wp\/v2\/product_cat?post=387157"},{"taxonomy":"product_tag","embeddable":true,"href":"https:\/\/glotomania.com\/pt-pt\/wp-json\/wp\/v2\/product_tag?post=387157"}],"curies":[{"name":"wp","href":"https:\/\/api.w.org\/{rel}","templated":true}]}}