{"id":387164,"date":"2025-09-02T10:19:51","date_gmt":"2025-09-02T10:19:51","guid":{"rendered":"https:\/\/glotomania.com\/p\/caja-para-12-mini-cupcakes-blanca-con-ventana-2\/"},"modified":"2026-03-10T12:18:48","modified_gmt":"2026-03-10T12:18:48","slug":"caja-para-12-mini-cupcakes-blanca-con-ventana-2","status":"publish","type":"product","link":"https:\/\/glotomania.com\/pt-pt\/p\/caja-para-12-mini-cupcakes-blanca-con-ventana-2\/","title":{"rendered":"Caixa Branca Com Janela Para 12 Mini Cupcakes"},"content":{"rendered":"<p>\u00a0<\/p>\n<p><span style=\"font-size: 14px\">Caixa pr\u00e1tica com capacidade para transporte de 12\u00a0cupcakes ou muffins ou como embalagem.<br \/>\nDe lado, incorpora uma\u00a0<strong>janela<\/strong>\u00a0de pl\u00e1stico transparente para visualiza\u00e7\u00e3o do produto e, dentro, inclui uma\u00a0<strong>bandeja<\/strong>\u00a0com 12\u00a0furos para impedir o movimento. Sua elegante cor branca permite que voc\u00ea personalize, se desejar.<\/span><\/p>\n<p><span style=\"font-size: 14px\">F\u00e1cil de desdobrar e<strong>\u00a0fechamento de aba<\/strong>. Feito de papel\u00e3o resistente e janela de pl\u00e1stico, adequado para uso alimentar<\/span><\/p>\n<p><span style=\"font-size: 14px\"><strong>Medidas<\/strong>:\u00a0<\/span><span style=\"font-family: Helvetica;font-size: 14px\">24\u00a0cm x 16\u00a0cm x 7\u00a0cm &#8211;\u00a0<u>Orif\u00edcio<\/u>:\u00a06 cm<\/span><\/p>\n","protected":false},"excerpt":{"rendered":"<p>Inclui a caixa e uma bandeja interna com 12 orif\u00edcios para impedir o movimento.<\/p>\n","protected":false},"featured_media":151672,"comment_status":"open","ping_status":"closed","template":"","meta":{"_acf_changed":false},"pwb-brand":[],"product_brand":[],"product_cat":[3158,3166,3087,1784,1782,1767],"product_tag":[],"class_list":{"0":"post-387164","1":"product","2":"type-product","3":"status-publish","4":"has-post-thumbnail","6":"product_cat-caixas-de-pastelaria","7":"product_cat-caixas-para-cupcakes-2","8":"product_cat-ordem-e-armazenamento","9":"product_cat-cajas-cupcakes","10":"product_cat-cajas","11":"product_cat-utensilios","13":"first","14":"outofstock","15":"taxable","16":"shipping-taxable","17":"purchasable","18":"product-type-simple"},"acf":[],"df_price":0.72,"df_sale_price":"","df_regular_price":0.72,"df_image_link":"https:\/\/glotomania.com\/wp-content\/uploads\/2025\/09\/img_20732_d228534284655a6c005bdc8becd0e13f_1-300x300.png","brands":[],"_links":{"self":[{"href":"https:\/\/glotomania.com\/pt-pt\/wp-json\/wp\/v2\/product\/387164","targetHints":{"allow":["GET"]}}],"collection":[{"href":"https:\/\/glotomania.com\/pt-pt\/wp-json\/wp\/v2\/product"}],"about":[{"href":"https:\/\/glotomania.com\/pt-pt\/wp-json\/wp\/v2\/types\/product"}],"replies":[{"embeddable":true,"href":"https:\/\/glotomania.com\/pt-pt\/wp-json\/wp\/v2\/comments?post=387164"}],"wp:featuredmedia":[{"embeddable":true,"href":"https:\/\/glotomania.com\/pt-pt\/wp-json\/wp\/v2\/media\/151672"}],"wp:attachment":[{"href":"https:\/\/glotomania.com\/pt-pt\/wp-json\/wp\/v2\/media?parent=387164"}],"wp:term":[{"taxonomy":"pwb-brand","embeddable":true,"href":"https:\/\/glotomania.com\/pt-pt\/wp-json\/wp\/v2\/pwb-brand?post=387164"},{"taxonomy":"product_brand","embeddable":true,"href":"https:\/\/glotomania.com\/pt-pt\/wp-json\/wp\/v2\/product_brand?post=387164"},{"taxonomy":"product_cat","embeddable":true,"href":"https:\/\/glotomania.com\/pt-pt\/wp-json\/wp\/v2\/product_cat?post=387164"},{"taxonomy":"product_tag","embeddable":true,"href":"https:\/\/glotomania.com\/pt-pt\/wp-json\/wp\/v2\/product_tag?post=387164"}],"curies":[{"name":"wp","href":"https:\/\/api.w.org\/{rel}","templated":true}]}}