{"id":387191,"date":"2025-09-02T10:20:04","date_gmt":"2025-09-02T10:20:04","guid":{"rendered":"https:\/\/glotomania.com\/p\/capsulas-cuadradas-para-marquesas-30-unidades-2\/"},"modified":"2026-03-10T12:19:39","modified_gmt":"2026-03-10T12:19:39","slug":"capsulas-cuadradas-para-marquesas-30-unidades-2","status":"publish","type":"product","link":"https:\/\/glotomania.com\/pt-pt\/p\/capsulas-cuadradas-para-marquesas-30-unidades-2\/","title":{"rendered":"C\u00c1psulas Quadradas Para Marquesas &#8211; 30 Unidades"},"content":{"rendered":"<p>\u00a0<\/p>\n<p><span style=\"font-size: 14px\">Feito de papel de alta qualidade, adequado para uso em alimentos. T\u00eam um efeito antiaderente, tamb\u00e9m s\u00e3o resistentes ao congelamento, ao microondas e ao cozimento de at\u00e9 230 \u00baC.<\/span><\/p>\n<p><span style=\"font-size: 14px\"><strong>Medidas<\/strong>:\u00a0<u>Base<\/u>: 4\u00a0x 4\u00a0cm &#8211;\u00a0<u>Altura<\/u>: 1,9\u00a0cm.<\/span><\/p>\n","protected":false},"excerpt":{"rendered":"<p>30 c\u00e1psulas de papel branco, ideais para nossas marquesas. Doces t\u00edpicos de Natal!<\/p>\n","protected":false},"featured_media":151698,"comment_status":"open","ping_status":"closed","template":"","meta":{"_acf_changed":false,"_joinchat":[]},"pwb-brand":[],"product_brand":[],"product_cat":[3191,3193,3087,2009,2010,1767],"product_tag":[],"class_list":{"0":"post-387191","1":"product","2":"type-product","3":"status-publish","4":"has-post-thumbnail","6":"product_cat-capacillos-de-papel-2","7":"product_cat-capsulas-para-cupcakes-2","8":"product_cat-ordem-e-armazenamento","9":"product_cat-capsulas","10":"product_cat-capsulas-cupcakes","11":"product_cat-utensilios","13":"first","14":"instock","15":"taxable","16":"shipping-taxable","17":"purchasable","18":"product-type-simple"},"acf":[],"df_price":0.45,"df_sale_price":"","df_regular_price":0.45,"df_image_link":"https:\/\/e622tfk5wxd.exactdn.com\/wp-content\/uploads\/2025\/09\/img_20262_89448817f4f2686fa2f88e77ffd13625_1-300x300.png?strip=all","brands":[],"_links":{"self":[{"href":"https:\/\/glotomania.com\/pt-pt\/wp-json\/wp\/v2\/product\/387191","targetHints":{"allow":["GET"]}}],"collection":[{"href":"https:\/\/glotomania.com\/pt-pt\/wp-json\/wp\/v2\/product"}],"about":[{"href":"https:\/\/glotomania.com\/pt-pt\/wp-json\/wp\/v2\/types\/product"}],"replies":[{"embeddable":true,"href":"https:\/\/glotomania.com\/pt-pt\/wp-json\/wp\/v2\/comments?post=387191"}],"wp:featuredmedia":[{"embeddable":true,"href":"https:\/\/glotomania.com\/pt-pt\/wp-json\/wp\/v2\/media\/151698"}],"wp:attachment":[{"href":"https:\/\/glotomania.com\/pt-pt\/wp-json\/wp\/v2\/media?parent=387191"}],"wp:term":[{"taxonomy":"pwb-brand","embeddable":true,"href":"https:\/\/glotomania.com\/pt-pt\/wp-json\/wp\/v2\/pwb-brand?post=387191"},{"taxonomy":"product_brand","embeddable":true,"href":"https:\/\/glotomania.com\/pt-pt\/wp-json\/wp\/v2\/product_brand?post=387191"},{"taxonomy":"product_cat","embeddable":true,"href":"https:\/\/glotomania.com\/pt-pt\/wp-json\/wp\/v2\/product_cat?post=387191"},{"taxonomy":"product_tag","embeddable":true,"href":"https:\/\/glotomania.com\/pt-pt\/wp-json\/wp\/v2\/product_tag?post=387191"}],"curies":[{"name":"wp","href":"https:\/\/api.w.org\/{rel}","templated":true}]}}