{"id":387196,"date":"2025-09-24T15:14:38","date_gmt":"2025-09-24T15:14:38","guid":{"rendered":"https:\/\/glotomania.com\/p\/algodon-de-azucar-blanco-1-kg-sabor-nube-marshmallow\/"},"modified":"2026-03-10T12:19:59","modified_gmt":"2026-03-10T12:19:59","slug":"algodon-de-azucar-blanco-1-kg-sabor-nube-marshmallow","status":"publish","type":"product","link":"https:\/\/glotomania.com\/pt-pt\/p\/algodon-de-azucar-blanco-1-kg-sabor-nube-marshmallow\/","title":{"rendered":"Algod\u00c3o Doce Rosa 1 Kg &#8211; Sabor Morango"},"content":{"rendered":"","protected":false},"excerpt":{"rendered":"<p>A\u00e7\u00facar preparado para fazer nuvens de algod\u00e3o doce cor-de-rosa, com um delicioso sabor a morango. Ideal para todo o tipo de celebra\u00e7\u00f5es.<\/p>\n","protected":false},"featured_media":154610,"comment_status":"open","ping_status":"closed","template":"","meta":{"_acf_changed":false},"pwb-brand":[],"product_brand":[],"product_cat":[2905,1829],"product_tag":[],"class_list":{"0":"post-387196","1":"product","2":"type-product","3":"status-publish","4":"has-post-thumbnail","6":"product_cat-data-de-expiracao-proxima","7":"product_cat-ingredientes","9":"first","10":"instock","11":"taxable","12":"shipping-taxable","13":"purchasable","14":"product-type-simple"},"acf":[],"df_price":9.95,"df_sale_price":"","df_regular_price":9.95,"df_image_link":"https:\/\/glotomania.com\/wp-content\/uploads\/2025\/09\/img_19003_c1d0efd5f28af7854b4bf2104e90f11c_1-300x300.jpg","brands":[],"_links":{"self":[{"href":"https:\/\/glotomania.com\/pt-pt\/wp-json\/wp\/v2\/product\/387196","targetHints":{"allow":["GET"]}}],"collection":[{"href":"https:\/\/glotomania.com\/pt-pt\/wp-json\/wp\/v2\/product"}],"about":[{"href":"https:\/\/glotomania.com\/pt-pt\/wp-json\/wp\/v2\/types\/product"}],"replies":[{"embeddable":true,"href":"https:\/\/glotomania.com\/pt-pt\/wp-json\/wp\/v2\/comments?post=387196"}],"wp:featuredmedia":[{"embeddable":true,"href":"https:\/\/glotomania.com\/pt-pt\/wp-json\/wp\/v2\/media\/154610"}],"wp:attachment":[{"href":"https:\/\/glotomania.com\/pt-pt\/wp-json\/wp\/v2\/media?parent=387196"}],"wp:term":[{"taxonomy":"pwb-brand","embeddable":true,"href":"https:\/\/glotomania.com\/pt-pt\/wp-json\/wp\/v2\/pwb-brand?post=387196"},{"taxonomy":"product_brand","embeddable":true,"href":"https:\/\/glotomania.com\/pt-pt\/wp-json\/wp\/v2\/product_brand?post=387196"},{"taxonomy":"product_cat","embeddable":true,"href":"https:\/\/glotomania.com\/pt-pt\/wp-json\/wp\/v2\/product_cat?post=387196"},{"taxonomy":"product_tag","embeddable":true,"href":"https:\/\/glotomania.com\/pt-pt\/wp-json\/wp\/v2\/product_tag?post=387196"}],"curies":[{"name":"wp","href":"https:\/\/api.w.org\/{rel}","templated":true}]}}