{"id":387204,"date":"2025-09-02T10:20:22","date_gmt":"2025-09-02T10:20:22","guid":{"rendered":"https:\/\/glotomania.com\/p\/boquilla-no-97-petalos-2\/"},"modified":"2026-03-10T12:20:21","modified_gmt":"2026-03-10T12:20:21","slug":"boquilla-no-97-petalos-2","status":"publish","type":"product","link":"https:\/\/glotomania.com\/pt-pt\/p\/boquilla-no-97-petalos-2\/","title":{"rendered":"Bico N\u00ba 97 &#8211; P\u00c9talas"},"content":{"rendered":"<p>&nbsp;<\/p>\n<p><span style=\"font-size: 14px\">Feito de a&ccedil;o inoxid&aacute;vel, resistente &agrave; lavagem e &agrave; press&atilde;o aplicada ao trabalhar com o saco de confeitar.<\/span><\/p>\n<p><span style=\"font-size: 14px\">Para maior conforto e suporte durante o trabalho, o bico pode ser combinado com o adaptador de bico em 3 tamanhos, SWK 1061.<\/span><\/p>\n<p><span style=\"font-size: 14px\"><strong>Medidas:&nbsp;<\/strong>Abertura 1,09&nbsp;cm &#8211; Altura 3&nbsp;cm &#8211; Base 1,8 cm.<\/span><\/p>\n","protected":false},"excerpt":{"rendered":"<p>Boquilla de acero inoxidable para realizar dise\u00f1os de p\u00e9talas, cortinas, guirlandas e la\u00e7os muito reais.<\/p>\n","protected":false},"featured_media":151719,"comment_status":"open","ping_status":"closed","template":"","meta":{"_acf_changed":false},"pwb-brand":[],"product_brand":[],"product_cat":[1770,3087,3157,1767],"product_tag":[],"class_list":{"0":"post-387204","1":"product","2":"type-product","3":"status-publish","4":"has-post-thumbnail","6":"product_cat-boquilas","7":"product_cat-ordem-e-armazenamento","8":"product_cat-sets-de-bicos","9":"product_cat-utensilios","11":"first","12":"instock","13":"taxable","14":"shipping-taxable","15":"purchasable","16":"product-type-simple"},"acf":[],"df_price":1.5,"df_sale_price":"","df_regular_price":1.5,"df_image_link":"https:\/\/glotomania.com\/wp-content\/uploads\/2025\/09\/img_10986_ab4f54555f2b3420b6e7387995577464_1-300x300.jpg","brands":[],"_links":{"self":[{"href":"https:\/\/glotomania.com\/pt-pt\/wp-json\/wp\/v2\/product\/387204","targetHints":{"allow":["GET"]}}],"collection":[{"href":"https:\/\/glotomania.com\/pt-pt\/wp-json\/wp\/v2\/product"}],"about":[{"href":"https:\/\/glotomania.com\/pt-pt\/wp-json\/wp\/v2\/types\/product"}],"replies":[{"embeddable":true,"href":"https:\/\/glotomania.com\/pt-pt\/wp-json\/wp\/v2\/comments?post=387204"}],"wp:featuredmedia":[{"embeddable":true,"href":"https:\/\/glotomania.com\/pt-pt\/wp-json\/wp\/v2\/media\/151719"}],"wp:attachment":[{"href":"https:\/\/glotomania.com\/pt-pt\/wp-json\/wp\/v2\/media?parent=387204"}],"wp:term":[{"taxonomy":"pwb-brand","embeddable":true,"href":"https:\/\/glotomania.com\/pt-pt\/wp-json\/wp\/v2\/pwb-brand?post=387204"},{"taxonomy":"product_brand","embeddable":true,"href":"https:\/\/glotomania.com\/pt-pt\/wp-json\/wp\/v2\/product_brand?post=387204"},{"taxonomy":"product_cat","embeddable":true,"href":"https:\/\/glotomania.com\/pt-pt\/wp-json\/wp\/v2\/product_cat?post=387204"},{"taxonomy":"product_tag","embeddable":true,"href":"https:\/\/glotomania.com\/pt-pt\/wp-json\/wp\/v2\/product_tag?post=387204"}],"curies":[{"name":"wp","href":"https:\/\/api.w.org\/{rel}","templated":true}]}}