{"id":387211,"date":"2025-09-02T10:20:25","date_gmt":"2025-09-02T10:20:25","guid":{"rendered":"https:\/\/glotomania.com\/p\/boquilla-no-03-redondas-2\/"},"modified":"2026-03-10T12:20:40","modified_gmt":"2026-03-10T12:20:40","slug":"boquilla-no-03-redondas-2","status":"publish","type":"product","link":"https:\/\/glotomania.com\/pt-pt\/p\/boquilla-no-03-redondas-2\/","title":{"rendered":"Bico N\u00ba 03 &#8211; Redondo"},"content":{"rendered":"<p>&nbsp;<\/p>\n<p><span style=\"font-size: 14px\">Feito de a&ccedil;o inoxid&aacute;vel, resistente &agrave; lavagem e &agrave; press&atilde;o aplicada ao trabalhar com o saco de confeitar.<\/span><\/p>\n<p><span style=\"font-size: 14px\">Para maior conforto e suporte durante o trabalho, o bico pode ser combinado com o adaptador de bico em 3 tamanhos, SWK 1061.<\/span><\/p>\n<p><span style=\"font-size: 14px\"><strong>Medidas:&nbsp;<\/strong>Abertura&nbsp;0,3&nbsp;cm &#8211; Altura 3,1&nbsp;cm &#8211; Base 1,8 cm.<\/span><\/p>\n","protected":false},"excerpt":{"rendered":"<p>Bico de a\u00e7o inoxid\u00e1vel para criar desenhos, sinais, pontos, bolas, mi\u00e7angas, guirlandas, treli\u00e7a e renda.<\/p>\n","protected":false},"featured_media":151726,"comment_status":"open","ping_status":"closed","template":"","meta":{"_acf_changed":false},"pwb-brand":[],"product_brand":[],"product_cat":[1770,3087,3157,1767],"product_tag":[],"class_list":{"0":"post-387211","1":"product","2":"type-product","3":"status-publish","4":"has-post-thumbnail","6":"product_cat-boquilas","7":"product_cat-ordem-e-armazenamento","8":"product_cat-sets-de-bicos","9":"product_cat-utensilios","11":"first","12":"outofstock","13":"taxable","14":"shipping-taxable","15":"purchasable","16":"product-type-simple"},"acf":[],"df_price":1.5,"df_sale_price":"","df_regular_price":1.5,"df_image_link":"https:\/\/glotomania.com\/wp-content\/uploads\/2025\/09\/img_11013_e1dc9c02f87fee9df7e4d158be9c448a_1-300x300.png","brands":[],"_links":{"self":[{"href":"https:\/\/glotomania.com\/pt-pt\/wp-json\/wp\/v2\/product\/387211","targetHints":{"allow":["GET"]}}],"collection":[{"href":"https:\/\/glotomania.com\/pt-pt\/wp-json\/wp\/v2\/product"}],"about":[{"href":"https:\/\/glotomania.com\/pt-pt\/wp-json\/wp\/v2\/types\/product"}],"replies":[{"embeddable":true,"href":"https:\/\/glotomania.com\/pt-pt\/wp-json\/wp\/v2\/comments?post=387211"}],"wp:featuredmedia":[{"embeddable":true,"href":"https:\/\/glotomania.com\/pt-pt\/wp-json\/wp\/v2\/media\/151726"}],"wp:attachment":[{"href":"https:\/\/glotomania.com\/pt-pt\/wp-json\/wp\/v2\/media?parent=387211"}],"wp:term":[{"taxonomy":"pwb-brand","embeddable":true,"href":"https:\/\/glotomania.com\/pt-pt\/wp-json\/wp\/v2\/pwb-brand?post=387211"},{"taxonomy":"product_brand","embeddable":true,"href":"https:\/\/glotomania.com\/pt-pt\/wp-json\/wp\/v2\/product_brand?post=387211"},{"taxonomy":"product_cat","embeddable":true,"href":"https:\/\/glotomania.com\/pt-pt\/wp-json\/wp\/v2\/product_cat?post=387211"},{"taxonomy":"product_tag","embeddable":true,"href":"https:\/\/glotomania.com\/pt-pt\/wp-json\/wp\/v2\/product_tag?post=387211"}],"curies":[{"name":"wp","href":"https:\/\/api.w.org\/{rel}","templated":true}]}}