{"id":387254,"date":"2025-09-02T10:20:42","date_gmt":"2025-09-02T10:20:42","guid":{"rendered":"https:\/\/glotomania.com\/p\/boquilla-no-789-tejido-de-canasta-2\/"},"modified":"2026-04-27T01:29:06","modified_gmt":"2026-04-27T01:29:06","slug":"boquilla-no-789-tejido-de-canasta-2","status":"publish","type":"product","link":"https:\/\/glotomania.com\/pt-pt\/p\/boquilla-no-789-tejido-de-canasta-2\/","title":{"rendered":"Bico N\u00ba 789 &#8211; Tecido De Cesta"},"content":{"rendered":"<p>\u00a0<\/p>\n<p><span style=\"font-size: 14px\">Feito de a\u00e7o inoxid\u00e1vel, resistente \u00e0 lavagem e \u00e0 press\u00e3o aplicada ao trabalhar com o saco de confeitar.<\/span><\/p>\n<p><span style=\"font-size: 14px\">Para maior conforto e suporte durante o trabalho, o bico pode ser combinado com o adaptador de bico em 3 tamanhos, SWK 1061.<\/span><\/p>\n<p><span style=\"font-size: 14px\"><strong>Medidas:\u00a0<\/strong>Abertura\u00a04,5\u00a0cm.<\/span><\/p>\n","protected":false},"excerpt":{"rendered":"<p>Bico de a\u00e7o inoxid\u00e1vel para fazer desenhos com listras suaves e estriadas.<\/p>\n","protected":false},"featured_media":151770,"comment_status":"open","ping_status":"closed","template":"","meta":{"_acf_changed":false},"pwb-brand":[],"product_brand":[],"product_cat":[1770,3087,3157,1767],"product_tag":[],"class_list":{"0":"post-387254","1":"product","2":"type-product","3":"status-publish","4":"has-post-thumbnail","6":"product_cat-boquilas","7":"product_cat-ordem-e-armazenamento","8":"product_cat-sets-de-bicos","9":"product_cat-utensilios","11":"first","12":"instock","13":"taxable","14":"shipping-taxable","15":"purchasable","16":"product-type-simple"},"acf":[],"df_price":2.95,"df_sale_price":"","df_regular_price":2.95,"df_image_link":"https:\/\/glotomania.com\/wp-content\/uploads\/2025\/09\/img_11062_443f6c3d7b95b1f713e41b0a889d8fba_1-300x300.jpg","brands":[],"_links":{"self":[{"href":"https:\/\/glotomania.com\/pt-pt\/wp-json\/wp\/v2\/product\/387254","targetHints":{"allow":["GET"]}}],"collection":[{"href":"https:\/\/glotomania.com\/pt-pt\/wp-json\/wp\/v2\/product"}],"about":[{"href":"https:\/\/glotomania.com\/pt-pt\/wp-json\/wp\/v2\/types\/product"}],"replies":[{"embeddable":true,"href":"https:\/\/glotomania.com\/pt-pt\/wp-json\/wp\/v2\/comments?post=387254"}],"wp:featuredmedia":[{"embeddable":true,"href":"https:\/\/glotomania.com\/pt-pt\/wp-json\/wp\/v2\/media\/151770"}],"wp:attachment":[{"href":"https:\/\/glotomania.com\/pt-pt\/wp-json\/wp\/v2\/media?parent=387254"}],"wp:term":[{"taxonomy":"pwb-brand","embeddable":true,"href":"https:\/\/glotomania.com\/pt-pt\/wp-json\/wp\/v2\/pwb-brand?post=387254"},{"taxonomy":"product_brand","embeddable":true,"href":"https:\/\/glotomania.com\/pt-pt\/wp-json\/wp\/v2\/product_brand?post=387254"},{"taxonomy":"product_cat","embeddable":true,"href":"https:\/\/glotomania.com\/pt-pt\/wp-json\/wp\/v2\/product_cat?post=387254"},{"taxonomy":"product_tag","embeddable":true,"href":"https:\/\/glotomania.com\/pt-pt\/wp-json\/wp\/v2\/product_tag?post=387254"}],"curies":[{"name":"wp","href":"https:\/\/api.w.org\/{rel}","templated":true}]}}