{"id":387291,"date":"2025-09-02T10:20:55","date_gmt":"2025-09-02T10:20:55","guid":{"rendered":"https:\/\/glotomania.com\/p\/scraper-alisador-de-contorno-ajustable-2\/"},"modified":"2026-04-25T00:27:01","modified_gmt":"2026-04-25T00:27:01","slug":"scraper-alisador-de-contorno-ajustable-2","status":"publish","type":"product","link":"https:\/\/glotomania.com\/pt-pt\/p\/scraper-alisador-de-contorno-ajustable-2\/","title":{"rendered":"Alisador De Contorno Ajust\u00c1vel"},"content":{"rendered":"<p>&nbsp;<\/p>\n<p><span style=\"font-size:14px\">A barra superior ajusta at&eacute; <strong>30 cm de altura<\/strong>. Permite obter uma cobertura simultaneamente lisa: na superf&iacute;cie e na lateral do bolo. Ajuda a criar bordas afiadas facilmente.<\/span><\/p>\n<p><span style=\"font-size:14px\">Feito de a&ccedil;o inoxid&aacute;vel, adequado para uso alimentar. F&aacute;cil de limpar e possui<strong> ader&ecirc;ncia ergon&ocirc;mica<\/strong>.<\/span><\/p>\n<p><strong><span style=\"font-size:14px\">M&eacute;todo de uso:<\/span><\/strong><\/p>\n<p><span style=\"font-size:14px\">Espalhe o bolo com creme de manteiga, ganache, creme de manteiga, &#8230; e coloque o bolo em <strong>uma base rotativa<\/strong>, mantendo o raspador preso &agrave; borda do bolo e girando a base.<\/span><\/p>\n","protected":false},"excerpt":{"rendered":"<p>Alisador de contorno ajust\u00e1vel com roda, em a\u00e7o inoxid\u00e1vel, ideal para acabamentos profissionais.<\/p>\n","protected":false},"featured_media":151799,"comment_status":"open","ping_status":"closed","template":"","meta":{"_acf_changed":false},"pwb-brand":[],"product_brand":[],"product_cat":[3106,1820,3120,1943,3087,1767],"product_tag":[],"class_list":{"0":"post-387291","1":"product","2":"type-product","3":"status-publish","4":"has-post-thumbnail","6":"product_cat-basicos-de-pastelaria","7":"product_cat-basicos","8":"product_cat-espatulas-e-alisadores-2","9":"product_cat-espatulas-y-alisadores","10":"product_cat-ordem-e-armazenamento","11":"product_cat-utensilios","13":"first","14":"instock","15":"taxable","16":"shipping-taxable","17":"purchasable","18":"product-type-simple"},"acf":[],"df_price":18.95,"df_sale_price":7.57,"df_regular_price":18.95,"df_image_link":"https:\/\/glotomania.com\/wp-content\/uploads\/2025\/09\/img_11068_799e933250909803e23e6ee68c78c4c4_1-300x300.png","brands":[],"_links":{"self":[{"href":"https:\/\/glotomania.com\/pt-pt\/wp-json\/wp\/v2\/product\/387291","targetHints":{"allow":["GET"]}}],"collection":[{"href":"https:\/\/glotomania.com\/pt-pt\/wp-json\/wp\/v2\/product"}],"about":[{"href":"https:\/\/glotomania.com\/pt-pt\/wp-json\/wp\/v2\/types\/product"}],"replies":[{"embeddable":true,"href":"https:\/\/glotomania.com\/pt-pt\/wp-json\/wp\/v2\/comments?post=387291"}],"wp:featuredmedia":[{"embeddable":true,"href":"https:\/\/glotomania.com\/pt-pt\/wp-json\/wp\/v2\/media\/151799"}],"wp:attachment":[{"href":"https:\/\/glotomania.com\/pt-pt\/wp-json\/wp\/v2\/media?parent=387291"}],"wp:term":[{"taxonomy":"pwb-brand","embeddable":true,"href":"https:\/\/glotomania.com\/pt-pt\/wp-json\/wp\/v2\/pwb-brand?post=387291"},{"taxonomy":"product_brand","embeddable":true,"href":"https:\/\/glotomania.com\/pt-pt\/wp-json\/wp\/v2\/product_brand?post=387291"},{"taxonomy":"product_cat","embeddable":true,"href":"https:\/\/glotomania.com\/pt-pt\/wp-json\/wp\/v2\/product_cat?post=387291"},{"taxonomy":"product_tag","embeddable":true,"href":"https:\/\/glotomania.com\/pt-pt\/wp-json\/wp\/v2\/product_tag?post=387291"}],"curies":[{"name":"wp","href":"https:\/\/api.w.org\/{rel}","templated":true}]}}