{"id":387292,"date":"2025-09-02T10:20:56","date_gmt":"2025-09-02T10:20:56","guid":{"rendered":"https:\/\/glotomania.com\/p\/recambio-de-cuchillas-para-bisturi-2\/"},"modified":"2026-03-11T11:44:28","modified_gmt":"2026-03-11T11:44:28","slug":"recambio-de-cuchillas-para-bisturi-2","status":"publish","type":"product","link":"https:\/\/glotomania.com\/pt-pt\/p\/recambio-de-cuchillas-para-bisturi-2\/","title":{"rendered":"L\u00c2minas De Reposi\u00c7\u00c3o Para Bisturi"},"content":{"rendered":"<p>\u00a0<\/p>\n<p><span style=\"font-size:14px\">L\u00e2minas de <\/span><strong>reposi\u00e7\u00e3o\u00a0<\/strong><span style=\"font-size:14px\">para a faca de modelagem SWK0738.<\/span><\/p>\n","protected":false},"excerpt":{"rendered":"<p>Inclui 5 l\u00e2minas de reposi\u00e7\u00e3o de a\u00e7o inoxid\u00e1vel.<\/p>\n","protected":false},"featured_media":151800,"comment_status":"open","ping_status":"closed","template":"","meta":{"_acf_changed":false},"pwb-brand":[],"product_brand":[],"product_cat":[3106,3124,3087,1820,1823,1767],"product_tag":[],"class_list":{"0":"post-387292","1":"product","2":"type-product","3":"status-publish","4":"has-post-thumbnail","6":"product_cat-basicos-de-pastelaria","7":"product_cat-ferramentas-de-corte-e-modelacao-2","8":"product_cat-ordem-e-armazenamento","9":"product_cat-basicos","10":"product_cat-herramientas-corte-y-modelado","11":"product_cat-utensilios","13":"first","14":"instock","15":"taxable","16":"shipping-taxable","17":"purchasable","18":"product-type-simple"},"acf":[],"df_price":1.23,"df_sale_price":"","df_regular_price":1.23,"df_image_link":"https:\/\/glotomania.com\/wp-content\/uploads\/2025\/09\/img_6596_319f9f46db6bf8698551040b97875077_1-300x300.png","brands":[],"_links":{"self":[{"href":"https:\/\/glotomania.com\/pt-pt\/wp-json\/wp\/v2\/product\/387292","targetHints":{"allow":["GET"]}}],"collection":[{"href":"https:\/\/glotomania.com\/pt-pt\/wp-json\/wp\/v2\/product"}],"about":[{"href":"https:\/\/glotomania.com\/pt-pt\/wp-json\/wp\/v2\/types\/product"}],"replies":[{"embeddable":true,"href":"https:\/\/glotomania.com\/pt-pt\/wp-json\/wp\/v2\/comments?post=387292"}],"wp:featuredmedia":[{"embeddable":true,"href":"https:\/\/glotomania.com\/pt-pt\/wp-json\/wp\/v2\/media\/151800"}],"wp:attachment":[{"href":"https:\/\/glotomania.com\/pt-pt\/wp-json\/wp\/v2\/media?parent=387292"}],"wp:term":[{"taxonomy":"pwb-brand","embeddable":true,"href":"https:\/\/glotomania.com\/pt-pt\/wp-json\/wp\/v2\/pwb-brand?post=387292"},{"taxonomy":"product_brand","embeddable":true,"href":"https:\/\/glotomania.com\/pt-pt\/wp-json\/wp\/v2\/product_brand?post=387292"},{"taxonomy":"product_cat","embeddable":true,"href":"https:\/\/glotomania.com\/pt-pt\/wp-json\/wp\/v2\/product_cat?post=387292"},{"taxonomy":"product_tag","embeddable":true,"href":"https:\/\/glotomania.com\/pt-pt\/wp-json\/wp\/v2\/product_tag?post=387292"}],"curies":[{"name":"wp","href":"https:\/\/api.w.org\/{rel}","templated":true}]}}