{"id":387307,"date":"2025-09-02T10:21:02","date_gmt":"2025-09-02T10:21:02","guid":{"rendered":"https:\/\/glotomania.com\/p\/set-5-pinceles-de-silicona-para-modelar-2\/"},"modified":"2026-04-24T00:15:20","modified_gmt":"2026-04-24T00:15:20","slug":"set-5-pinceles-de-silicona-para-modelar-2","status":"publish","type":"product","link":"https:\/\/glotomania.com\/pt-pt\/p\/set-5-pinceles-de-silicona-para-modelar-2\/","title":{"rendered":"Pinc\u00c9is De Silicone Para Modelagem"},"content":{"rendered":"<p>\u00a0<\/p>\n<p><span style=\"font-size:14px\">Pinc\u00e9is perfeitos para modelar com precis\u00e3o detalhes ou figuras em pasta de a\u00e7\u00facar.<\/span><\/p>\n<p><span style=\"font-size:14px\">Feito com materiais de silicone de alta qualidade. S\u00e3o <strong>semi-flex\u00edveis <\/strong>e <strong>antiaderentes<\/strong>.<\/span><\/p>\n<p><span style=\"font-size:14px\">Inclui 5 modelos diferentes.<\/span><\/p>\n<p><span style=\"font-size:14px\">Eles podem ser limpos com um pano seco ou lavados com \u00e1gua e sab\u00e3o.<\/span><\/p>\n","protected":false},"excerpt":{"rendered":"<p>Inclui 5 unidades de silicone de qualidade, ideais para decora\u00e7\u00e3o e modelagem.<\/p>\n","protected":false},"featured_media":151814,"comment_status":"open","ping_status":"closed","template":"","meta":{"_acf_changed":false},"pwb-brand":[],"product_brand":[],"product_cat":[3106,3087,3133,1820,1993,1767],"product_tag":[],"class_list":{"0":"post-387307","1":"product","2":"type-product","3":"status-publish","4":"has-post-thumbnail","6":"product_cat-basicos-de-pastelaria","7":"product_cat-ordem-e-armazenamento","8":"product_cat-pinceis-de-pastelaria-2","9":"product_cat-basicos","10":"product_cat-pinceles","11":"product_cat-utensilios","13":"first","14":"instock","15":"taxable","16":"shipping-taxable","17":"purchasable","18":"product-type-simple"},"acf":[],"df_price":3.58,"df_sale_price":3.58,"df_regular_price":8.95,"df_image_link":"https:\/\/glotomania.com\/wp-content\/uploads\/2025\/09\/img_16663_298f1a9084601e274e53dcb3ee54fd45_1-300x300.png","brands":[],"_links":{"self":[{"href":"https:\/\/glotomania.com\/pt-pt\/wp-json\/wp\/v2\/product\/387307","targetHints":{"allow":["GET"]}}],"collection":[{"href":"https:\/\/glotomania.com\/pt-pt\/wp-json\/wp\/v2\/product"}],"about":[{"href":"https:\/\/glotomania.com\/pt-pt\/wp-json\/wp\/v2\/types\/product"}],"replies":[{"embeddable":true,"href":"https:\/\/glotomania.com\/pt-pt\/wp-json\/wp\/v2\/comments?post=387307"}],"wp:featuredmedia":[{"embeddable":true,"href":"https:\/\/glotomania.com\/pt-pt\/wp-json\/wp\/v2\/media\/151814"}],"wp:attachment":[{"href":"https:\/\/glotomania.com\/pt-pt\/wp-json\/wp\/v2\/media?parent=387307"}],"wp:term":[{"taxonomy":"pwb-brand","embeddable":true,"href":"https:\/\/glotomania.com\/pt-pt\/wp-json\/wp\/v2\/pwb-brand?post=387307"},{"taxonomy":"product_brand","embeddable":true,"href":"https:\/\/glotomania.com\/pt-pt\/wp-json\/wp\/v2\/product_brand?post=387307"},{"taxonomy":"product_cat","embeddable":true,"href":"https:\/\/glotomania.com\/pt-pt\/wp-json\/wp\/v2\/product_cat?post=387307"},{"taxonomy":"product_tag","embeddable":true,"href":"https:\/\/glotomania.com\/pt-pt\/wp-json\/wp\/v2\/product_tag?post=387307"}],"curies":[{"name":"wp","href":"https:\/\/api.w.org\/{rel}","templated":true}]}}