{"id":387321,"date":"2025-09-02T10:21:08","date_gmt":"2025-09-02T10:21:08","guid":{"rendered":"https:\/\/glotomania.com\/p\/velas-globos-de-colores-metalizados-2\/"},"modified":"2026-04-14T07:19:28","modified_gmt":"2026-04-14T07:19:28","slug":"velas-globos-de-colores-metalizados-2","status":"publish","type":"product","link":"https:\/\/glotomania.com\/pt-pt\/p\/velas-globos-de-colores-metalizados-2\/","title":{"rendered":"Vela Bal\u00d5es Coloridos Met\u00c1licos"},"content":{"rendered":"<p>&nbsp;<\/p>\n<p><span style=\"font-size: 14px\">Inclui um palito para poder pregar em nossas elabora&ccedil;&otilde;es.<\/span><\/p>\n<p><span style=\"font-size: 14px\"><strong>Material<\/strong>: parafina.<\/span><\/p>\n","protected":false},"excerpt":{"rendered":"<p>Inclui 4 unidades, ideais para dar um toque m\u00e1gico e brilhante \u00e0s nossas elabora\u00e7\u00f5es.<\/p>\n","protected":false},"featured_media":151830,"comment_status":"open","ping_status":"closed","template":"","meta":{"_acf_changed":false},"pwb-brand":[],"product_brand":[],"product_cat":[1792,3200,3087,1767,3211,1796,3209,1795],"product_tag":[],"class_list":{"0":"post-387321","1":"product","2":"type-product","3":"status-publish","4":"has-post-thumbnail","6":"product_cat-decoracion-no-comestible","7":"product_cat-decoracoes-nao-comestiveis","8":"product_cat-ordem-e-armazenamento","9":"product_cat-utensilios","10":"product_cat-velas-originais","11":"product_cat-velas-originales","12":"product_cat-velas-para-bolos","13":"product_cat-velas","15":"first","16":"instock","17":"taxable","18":"shipping-taxable","19":"purchasable","20":"product-type-simple"},"acf":[],"df_price":2.95,"df_sale_price":"","df_regular_price":2.95,"df_image_link":"https:\/\/glotomania.com\/wp-content\/uploads\/2025\/09\/img_6646_42af5c90216b2cbda0c2f23f892e4c8f_1-300x300.png","brands":[],"_links":{"self":[{"href":"https:\/\/glotomania.com\/pt-pt\/wp-json\/wp\/v2\/product\/387321","targetHints":{"allow":["GET"]}}],"collection":[{"href":"https:\/\/glotomania.com\/pt-pt\/wp-json\/wp\/v2\/product"}],"about":[{"href":"https:\/\/glotomania.com\/pt-pt\/wp-json\/wp\/v2\/types\/product"}],"replies":[{"embeddable":true,"href":"https:\/\/glotomania.com\/pt-pt\/wp-json\/wp\/v2\/comments?post=387321"}],"wp:featuredmedia":[{"embeddable":true,"href":"https:\/\/glotomania.com\/pt-pt\/wp-json\/wp\/v2\/media\/151830"}],"wp:attachment":[{"href":"https:\/\/glotomania.com\/pt-pt\/wp-json\/wp\/v2\/media?parent=387321"}],"wp:term":[{"taxonomy":"pwb-brand","embeddable":true,"href":"https:\/\/glotomania.com\/pt-pt\/wp-json\/wp\/v2\/pwb-brand?post=387321"},{"taxonomy":"product_brand","embeddable":true,"href":"https:\/\/glotomania.com\/pt-pt\/wp-json\/wp\/v2\/product_brand?post=387321"},{"taxonomy":"product_cat","embeddable":true,"href":"https:\/\/glotomania.com\/pt-pt\/wp-json\/wp\/v2\/product_cat?post=387321"},{"taxonomy":"product_tag","embeddable":true,"href":"https:\/\/glotomania.com\/pt-pt\/wp-json\/wp\/v2\/product_tag?post=387321"}],"curies":[{"name":"wp","href":"https:\/\/api.w.org\/{rel}","templated":true}]}}