{"id":387323,"date":"2025-09-02T10:21:08","date_gmt":"2025-09-02T10:21:08","guid":{"rendered":"https:\/\/glotomania.com\/p\/velas-pies-azules-2\/"},"modified":"2026-03-10T12:25:36","modified_gmt":"2026-03-10T12:25:36","slug":"velas-pies-azules-2","status":"publish","type":"product","link":"https:\/\/glotomania.com\/pt-pt\/p\/velas-pies-azules-2\/","title":{"rendered":"Velas P\u00c9s Azuis"},"content":{"rendered":"<p>&nbsp;<\/p>\n<p><span style=\"font-size: 14px\">Inclui um palito para poder pregar em nossas elabora&ccedil;&otilde;es.<\/span><\/p>\n<p><span style=\"font-size: 14px\"><strong>Material<\/strong>: parafina.<\/span><\/p>\n","protected":false},"excerpt":{"rendered":"<p>Inclui 5 unidades, ideais para dar um toque suave e original \u00e0s nossas elabora\u00e7\u00f5es.<\/p>\n","protected":false},"featured_media":151832,"comment_status":"open","ping_status":"closed","template":"","meta":{"_acf_changed":false},"pwb-brand":[],"product_brand":[],"product_cat":[2908,1792,3200,1885,1767,3211,1796,3209,1795],"product_tag":[],"class_list":{"0":"post-387323","1":"product","2":"type-product","3":"status-publish","4":"has-post-thumbnail","6":"product_cat-batizados","7":"product_cat-decoracion-no-comestible","8":"product_cat-decoracoes-nao-comestiveis","9":"product_cat-bautizos","10":"product_cat-utensilios","11":"product_cat-velas-originais","12":"product_cat-velas-originales","13":"product_cat-velas-para-bolos","14":"product_cat-velas","16":"first","17":"instock","18":"taxable","19":"shipping-taxable","20":"purchasable","21":"product-type-simple"},"acf":[],"df_price":0.84,"df_sale_price":"","df_regular_price":0.84,"df_image_link":"https:\/\/glotomania.com\/wp-content\/uploads\/2025\/09\/img_6648_04e9282e4156bad96a727cdfcd2279d8_1-300x300.png","brands":[],"_links":{"self":[{"href":"https:\/\/glotomania.com\/pt-pt\/wp-json\/wp\/v2\/product\/387323","targetHints":{"allow":["GET"]}}],"collection":[{"href":"https:\/\/glotomania.com\/pt-pt\/wp-json\/wp\/v2\/product"}],"about":[{"href":"https:\/\/glotomania.com\/pt-pt\/wp-json\/wp\/v2\/types\/product"}],"replies":[{"embeddable":true,"href":"https:\/\/glotomania.com\/pt-pt\/wp-json\/wp\/v2\/comments?post=387323"}],"wp:featuredmedia":[{"embeddable":true,"href":"https:\/\/glotomania.com\/pt-pt\/wp-json\/wp\/v2\/media\/151832"}],"wp:attachment":[{"href":"https:\/\/glotomania.com\/pt-pt\/wp-json\/wp\/v2\/media?parent=387323"}],"wp:term":[{"taxonomy":"pwb-brand","embeddable":true,"href":"https:\/\/glotomania.com\/pt-pt\/wp-json\/wp\/v2\/pwb-brand?post=387323"},{"taxonomy":"product_brand","embeddable":true,"href":"https:\/\/glotomania.com\/pt-pt\/wp-json\/wp\/v2\/product_brand?post=387323"},{"taxonomy":"product_cat","embeddable":true,"href":"https:\/\/glotomania.com\/pt-pt\/wp-json\/wp\/v2\/product_cat?post=387323"},{"taxonomy":"product_tag","embeddable":true,"href":"https:\/\/glotomania.com\/pt-pt\/wp-json\/wp\/v2\/product_tag?post=387323"}],"curies":[{"name":"wp","href":"https:\/\/api.w.org\/{rel}","templated":true}]}}