{"id":387326,"date":"2026-02-04T20:10:33","date_gmt":"2026-02-04T20:10:33","guid":{"rendered":"https:\/\/glotomania.com\/p\/velas-corazones-plateados-2\/"},"modified":"2026-03-10T12:25:42","modified_gmt":"2026-03-10T12:25:42","slug":"velas-corazones-plateados-2","status":"publish","type":"product","link":"https:\/\/glotomania.com\/pt-pt\/p\/velas-corazones-plateados-2\/","title":{"rendered":"Velas Cora\u00c7\u00d5es Prateados"},"content":{"rendered":"<p>&nbsp;<\/p>\n<p><span style=\"font-size: 14px\">Inclui um palito para poder pregar em nossas elabora&ccedil;&otilde;es.<\/span><\/p>\n<p><span style=\"font-size: 14px\"><strong>Material<\/strong>: parafina.<\/span><\/p>\n","protected":false},"excerpt":{"rendered":"<p>Inclui 5 unidades, ideais para dar um toque m\u00e1gico e brilhante \u00e0s nossas elabora\u00e7\u00f5es.<\/p>\n","protected":false},"featured_media":151836,"comment_status":"open","ping_status":"closed","template":"","meta":{"_acf_changed":false,"_joinchat":[]},"pwb-brand":[],"product_brand":[],"product_cat":[2924,3200,3200,2924,3087,3211,3211,3209,3209],"product_tag":[],"class_list":{"0":"post-387326","1":"product","2":"type-product","3":"status-publish","4":"has-post-thumbnail","6":"product_cat-sao-valentim-2","7":"product_cat-decoracoes-nao-comestiveis","10":"product_cat-ordem-e-armazenamento","11":"product_cat-velas-originais","13":"product_cat-velas-para-bolos","16":"first","17":"instock","18":"taxable","19":"shipping-taxable","20":"purchasable","21":"product-type-simple"},"acf":[],"df_price":1.98,"df_sale_price":"","df_regular_price":1.98,"df_image_link":"https:\/\/glotomania.com\/wp-content\/uploads\/2025\/09\/img_6651_63da1ce9f780b9eeb5b61eec9fff79c2_1-300x300.png","brands":[],"_links":{"self":[{"href":"https:\/\/glotomania.com\/pt-pt\/wp-json\/wp\/v2\/product\/387326","targetHints":{"allow":["GET"]}}],"collection":[{"href":"https:\/\/glotomania.com\/pt-pt\/wp-json\/wp\/v2\/product"}],"about":[{"href":"https:\/\/glotomania.com\/pt-pt\/wp-json\/wp\/v2\/types\/product"}],"replies":[{"embeddable":true,"href":"https:\/\/glotomania.com\/pt-pt\/wp-json\/wp\/v2\/comments?post=387326"}],"wp:featuredmedia":[{"embeddable":true,"href":"https:\/\/glotomania.com\/pt-pt\/wp-json\/wp\/v2\/media\/151836"}],"wp:attachment":[{"href":"https:\/\/glotomania.com\/pt-pt\/wp-json\/wp\/v2\/media?parent=387326"}],"wp:term":[{"taxonomy":"pwb-brand","embeddable":true,"href":"https:\/\/glotomania.com\/pt-pt\/wp-json\/wp\/v2\/pwb-brand?post=387326"},{"taxonomy":"product_brand","embeddable":true,"href":"https:\/\/glotomania.com\/pt-pt\/wp-json\/wp\/v2\/product_brand?post=387326"},{"taxonomy":"product_cat","embeddable":true,"href":"https:\/\/glotomania.com\/pt-pt\/wp-json\/wp\/v2\/product_cat?post=387326"},{"taxonomy":"product_tag","embeddable":true,"href":"https:\/\/glotomania.com\/pt-pt\/wp-json\/wp\/v2\/product_tag?post=387326"}],"curies":[{"name":"wp","href":"https:\/\/api.w.org\/{rel}","templated":true}]}}