{"id":387331,"date":"2025-09-02T10:21:12","date_gmt":"2025-09-02T10:21:12","guid":{"rendered":"https:\/\/glotomania.com\/p\/clavos-formadores-de-lirios-2\/"},"modified":"2026-04-28T00:11:49","modified_gmt":"2026-04-28T00:11:49","slug":"clavos-formadores-de-lirios-2","status":"publish","type":"product","link":"https:\/\/glotomania.com\/pt-pt\/p\/clavos-formadores-de-lirios-2\/","title":{"rendered":"Cravos Formadores De Lirios"},"content":{"rendered":"<p>\n<span style=\"font-size:14px\">Fabricado em pl&aacute;stico resistente de excelente qualidade. Adequado para uso alimentar.<\/span><\/p>\n<p><span style=\"font-size:14px\"><strong>&Oslash; dos 4 desenhos: <\/strong>1,25 cm &#8211; 3,1 cm &#8211; 4 cm &#8211; 6,25 cm.<\/span><\/p>\n","protected":false},"excerpt":{"rendered":"<p>Inclui 8 unidades com 4 desenhos diferentes. Ideal para fazer l\u00edrios, pet\u00fanias e outras flores em pasta de a\u00e7\u00facar, para al\u00e9m dos c\u00e1lices.<\/p>\n","protected":false},"featured_media":47473,"comment_status":"open","ping_status":"closed","template":"","meta":{"_acf_changed":false},"pwb-brand":[],"product_brand":[],"product_cat":[3230,1813],"product_tag":[],"class_list":{"0":"post-387331","1":"product","2":"type-product","3":"status-publish","4":"has-post-thumbnail","6":"product_cat-tubos-para-flores","7":"product_cat-utensilios-flores","9":"first","10":"instock","11":"taxable","12":"shipping-taxable","13":"purchasable","14":"product-type-simple"},"acf":[],"df_price":2.14,"df_sale_price":2.14,"df_regular_price":5.35,"df_image_link":"https:\/\/glotomania.com\/wp-content\/uploads\/2022\/09\/img_25433_c5a2c451e475b255808c6ff4f2b47eaf_1-300x300.jpg","brands":[],"_links":{"self":[{"href":"https:\/\/glotomania.com\/pt-pt\/wp-json\/wp\/v2\/product\/387331","targetHints":{"allow":["GET"]}}],"collection":[{"href":"https:\/\/glotomania.com\/pt-pt\/wp-json\/wp\/v2\/product"}],"about":[{"href":"https:\/\/glotomania.com\/pt-pt\/wp-json\/wp\/v2\/types\/product"}],"replies":[{"embeddable":true,"href":"https:\/\/glotomania.com\/pt-pt\/wp-json\/wp\/v2\/comments?post=387331"}],"wp:featuredmedia":[{"embeddable":true,"href":"https:\/\/glotomania.com\/pt-pt\/wp-json\/wp\/v2\/media\/47473"}],"wp:attachment":[{"href":"https:\/\/glotomania.com\/pt-pt\/wp-json\/wp\/v2\/media?parent=387331"}],"wp:term":[{"taxonomy":"pwb-brand","embeddable":true,"href":"https:\/\/glotomania.com\/pt-pt\/wp-json\/wp\/v2\/pwb-brand?post=387331"},{"taxonomy":"product_brand","embeddable":true,"href":"https:\/\/glotomania.com\/pt-pt\/wp-json\/wp\/v2\/product_brand?post=387331"},{"taxonomy":"product_cat","embeddable":true,"href":"https:\/\/glotomania.com\/pt-pt\/wp-json\/wp\/v2\/product_cat?post=387331"},{"taxonomy":"product_tag","embeddable":true,"href":"https:\/\/glotomania.com\/pt-pt\/wp-json\/wp\/v2\/product_tag?post=387331"}],"curies":[{"name":"wp","href":"https:\/\/api.w.org\/{rel}","templated":true}]}}