{"id":387343,"date":"2025-09-02T10:21:22","date_gmt":"2025-09-02T10:21:22","guid":{"rendered":"https:\/\/glotomania.com\/p\/guia-ajustable-de-corte-para-tarta-15-20-cm-2\/"},"modified":"2026-03-10T12:26:25","modified_gmt":"2026-03-10T12:26:25","slug":"guia-ajustable-de-corte-para-tarta-15-20-cm-2","status":"publish","type":"product","link":"https:\/\/glotomania.com\/pt-pt\/p\/guia-ajustable-de-corte-para-tarta-15-20-cm-2\/","title":{"rendered":"Guia De Corte Ajust\u00c1vel Para Bolo (15 &#8211; 20 Cm)"},"content":{"rendered":"<p>\n<span style=\"font-size:14px\">Guia de corte ajust\u00e1vel, nos permite criar camadas <strong>horizontais <\/strong>e <strong>uniformes <\/strong>de bolo. \u00c9 ideal para criar camadas em bolos ou para arredondar a parte superior de bolos de camada \u00fanica.<\/span><\/p>\n<p><span style=\"font-size:14px\">Possui <strong>seis ranhuras <\/strong>para corte uniforme e espa\u00e7ado, al\u00e9m de um<strong> anel ajust\u00e1vel de a\u00e7o inoxid\u00e1vel<\/strong>.\u00a0<\/span><\/p>\n<p><span style=\"font-size:14px\">O anel de a\u00e7o inoxid\u00e1vel cabe facilmente na forma de bolo para bolos de 15 a 20 cm.<\/span><\/p>\n<p><span style=\"font-size:14px\">Conv\u00e9m na m\u00e1quina de lavar lou\u00e7a.<\/span><\/p>\n","protected":false},"excerpt":{"rendered":"<p>Ideal para dividir nossos bolos, de 15 a 20 cm, de uma maneira r\u00e1pida e f\u00e1cil. Fabricado em a\u00e7o inoxid\u00e1vel.<\/p>\n","protected":false},"featured_media":151858,"comment_status":"open","ping_status":"closed","template":"","meta":{"_acf_changed":false},"pwb-brand":[],"product_brand":[],"product_cat":[3106,1820,3124,1823,3087,1767],"product_tag":[],"class_list":{"0":"post-387343","1":"product","2":"type-product","3":"status-publish","4":"has-post-thumbnail","6":"product_cat-basicos-de-pastelaria","7":"product_cat-basicos","8":"product_cat-ferramentas-de-corte-e-modelacao-2","9":"product_cat-herramientas-corte-y-modelado","10":"product_cat-ordem-e-armazenamento","11":"product_cat-utensilios","13":"first","14":"instock","15":"taxable","16":"shipping-taxable","17":"purchasable","18":"product-type-simple"},"acf":[],"df_price":7.5,"df_sale_price":"","df_regular_price":7.5,"df_image_link":"https:\/\/glotomania.com\/wp-content\/uploads\/2025\/09\/img_6687_b6cbac5bec64cf8cef82c6cb9786d392_1-300x300.png","brands":[],"_links":{"self":[{"href":"https:\/\/glotomania.com\/pt-pt\/wp-json\/wp\/v2\/product\/387343","targetHints":{"allow":["GET"]}}],"collection":[{"href":"https:\/\/glotomania.com\/pt-pt\/wp-json\/wp\/v2\/product"}],"about":[{"href":"https:\/\/glotomania.com\/pt-pt\/wp-json\/wp\/v2\/types\/product"}],"replies":[{"embeddable":true,"href":"https:\/\/glotomania.com\/pt-pt\/wp-json\/wp\/v2\/comments?post=387343"}],"wp:featuredmedia":[{"embeddable":true,"href":"https:\/\/glotomania.com\/pt-pt\/wp-json\/wp\/v2\/media\/151858"}],"wp:attachment":[{"href":"https:\/\/glotomania.com\/pt-pt\/wp-json\/wp\/v2\/media?parent=387343"}],"wp:term":[{"taxonomy":"pwb-brand","embeddable":true,"href":"https:\/\/glotomania.com\/pt-pt\/wp-json\/wp\/v2\/pwb-brand?post=387343"},{"taxonomy":"product_brand","embeddable":true,"href":"https:\/\/glotomania.com\/pt-pt\/wp-json\/wp\/v2\/product_brand?post=387343"},{"taxonomy":"product_cat","embeddable":true,"href":"https:\/\/glotomania.com\/pt-pt\/wp-json\/wp\/v2\/product_cat?post=387343"},{"taxonomy":"product_tag","embeddable":true,"href":"https:\/\/glotomania.com\/pt-pt\/wp-json\/wp\/v2\/product_tag?post=387343"}],"curies":[{"name":"wp","href":"https:\/\/api.w.org\/{rel}","templated":true}]}}