{"id":387346,"date":"2025-09-02T10:21:24","date_gmt":"2025-09-02T10:21:24","guid":{"rendered":"https:\/\/glotomania.com\/p\/rodillo-cortador-de-cintas-ajustable-2\/"},"modified":"2026-03-10T12:26:31","modified_gmt":"2026-03-10T12:26:31","slug":"rodillo-cortador-de-cintas-ajustable-2","status":"publish","type":"product","link":"https:\/\/glotomania.com\/pt-pt\/p\/rodillo-cortador-de-cintas-ajustable-2\/","title":{"rendered":"Rolo De Corte De Fita Ajust\u00c1vel"},"content":{"rendered":"<p>\n<span style=\"font-size:14px\">Cilindro de corte com rodas intercambi\u00e1veis, pr\u00e1tico e engenhoso. Ideal para cortar tiras de v\u00e1rias larguras com<strong> bordas retas, onduladas ou em ziguezague.<\/strong><\/span><\/p>\n<p><span style=\"font-size:14px\">Ele vem com um conjunto de discos remov\u00edveis que aumentam a superf\u00edcie para criar exatamente a espessura necess\u00e1ria na massa: <strong>2 mm , 4 mm , 6 mm ou 10 mm . <\/strong>Espessura uniforme e tamanho exato.<\/span><\/p>\n<p><span style=\"font-size:14px\">Fabricado em um pl\u00e1stico de alta qualidade muito resistente.<\/span><\/p>\n<p><span style=\"font-size:14px\"><strong>Tamanho do rolo:<\/strong> 9,5 cm.<\/span><\/p>\n","protected":false},"excerpt":{"rendered":"<p>Rolo com rodas de corte ajust\u00e1veis, ideal para a fabrica\u00e7\u00e3o de fitas com diferentes designs.<\/p>\n","protected":false},"featured_media":151862,"comment_status":"open","ping_status":"closed","template":"","meta":{"_acf_changed":false},"pwb-brand":[],"product_brand":[],"product_cat":[3106,1820,1788,3199,3124,1823,3087,1767],"product_tag":[],"class_list":{"0":"post-387346","1":"product","2":"type-product","3":"status-publish","4":"has-post-thumbnail","6":"product_cat-basicos-de-pastelaria","7":"product_cat-basicos","8":"product_cat-cortadores-de-cobre","9":"product_cat-cortadores-de-metal","10":"product_cat-ferramentas-de-corte-e-modelacao-2","11":"product_cat-herramientas-corte-y-modelado","12":"product_cat-ordem-e-armazenamento","13":"product_cat-utensilios","15":"first","16":"instock","17":"taxable","18":"shipping-taxable","19":"purchasable","20":"product-type-simple"},"acf":[],"df_price":5.9,"df_sale_price":"","df_regular_price":5.9,"df_image_link":"https:\/\/glotomania.com\/wp-content\/uploads\/2025\/09\/img_20150_2b1c0a24b780c1be5493068fa80566c6_1-300x300.png","brands":[],"_links":{"self":[{"href":"https:\/\/glotomania.com\/pt-pt\/wp-json\/wp\/v2\/product\/387346","targetHints":{"allow":["GET"]}}],"collection":[{"href":"https:\/\/glotomania.com\/pt-pt\/wp-json\/wp\/v2\/product"}],"about":[{"href":"https:\/\/glotomania.com\/pt-pt\/wp-json\/wp\/v2\/types\/product"}],"replies":[{"embeddable":true,"href":"https:\/\/glotomania.com\/pt-pt\/wp-json\/wp\/v2\/comments?post=387346"}],"wp:featuredmedia":[{"embeddable":true,"href":"https:\/\/glotomania.com\/pt-pt\/wp-json\/wp\/v2\/media\/151862"}],"wp:attachment":[{"href":"https:\/\/glotomania.com\/pt-pt\/wp-json\/wp\/v2\/media?parent=387346"}],"wp:term":[{"taxonomy":"pwb-brand","embeddable":true,"href":"https:\/\/glotomania.com\/pt-pt\/wp-json\/wp\/v2\/pwb-brand?post=387346"},{"taxonomy":"product_brand","embeddable":true,"href":"https:\/\/glotomania.com\/pt-pt\/wp-json\/wp\/v2\/product_brand?post=387346"},{"taxonomy":"product_cat","embeddable":true,"href":"https:\/\/glotomania.com\/pt-pt\/wp-json\/wp\/v2\/product_cat?post=387346"},{"taxonomy":"product_tag","embeddable":true,"href":"https:\/\/glotomania.com\/pt-pt\/wp-json\/wp\/v2\/product_tag?post=387346"}],"curies":[{"name":"wp","href":"https:\/\/api.w.org\/{rel}","templated":true}]}}