{"id":387363,"date":"2025-09-02T10:21:29","date_gmt":"2025-09-02T10:21:29","guid":{"rendered":"https:\/\/glotomania.com\/p\/estuche-de-herramientas-para-el-modelado-2\/"},"modified":"2026-04-26T00:16:59","modified_gmt":"2026-04-26T00:16:59","slug":"estuche-de-herramientas-para-el-modelado-2","status":"publish","type":"product","link":"https:\/\/glotomania.com\/pt-pt\/p\/estuche-de-herramientas-para-el-modelado-2\/","title":{"rendered":"Kit De Ferramentas De Modelagem"},"content":{"rendered":"<p>&nbsp;<\/p>\n<p><span style=\"font-size:14px\">Inclui ferramentas necess&aacute;rias para criar detalhes e decora&ccedil;&otilde;es de figuras 3D.<\/span><\/p>\n<p><span style=\"font-size:14px\"><strong>Material:<\/strong> Ferramentas, madeira e a&ccedil;o inoxid&aacute;vel &#8211; Caixa, material sint&eacute;tico preto.<\/span><\/p>\n","protected":false},"excerpt":{"rendered":"<p>Caixa preta que inclui 14 ferramentas para cortar e moldar a\u00e7\u00facar, chocolate, pastas de ma\u00e7ap\u00e3o.<\/p>\n","protected":false},"featured_media":35097,"comment_status":"open","ping_status":"closed","template":"","meta":{"_acf_changed":false},"pwb-brand":[],"product_brand":[],"product_cat":[3106,1820,3124,1823,3087,1767],"product_tag":[],"class_list":{"0":"post-387363","1":"product","2":"type-product","3":"status-publish","4":"has-post-thumbnail","6":"product_cat-basicos-de-pastelaria","7":"product_cat-basicos","8":"product_cat-ferramentas-de-corte-e-modelacao-2","9":"product_cat-herramientas-corte-y-modelado","10":"product_cat-ordem-e-armazenamento","11":"product_cat-utensilios","13":"first","14":"instock","15":"taxable","16":"shipping-taxable","17":"purchasable","18":"product-type-simple"},"acf":[],"df_price":7.57,"df_sale_price":7.57,"df_regular_price":18.95,"df_image_link":"https:\/\/glotomania.com\/wp-content\/uploads\/2024\/08\/img_11398_480babe0dcaab6cf0d871cbfb75318ed_1-300x300.png","brands":[],"_links":{"self":[{"href":"https:\/\/glotomania.com\/pt-pt\/wp-json\/wp\/v2\/product\/387363","targetHints":{"allow":["GET"]}}],"collection":[{"href":"https:\/\/glotomania.com\/pt-pt\/wp-json\/wp\/v2\/product"}],"about":[{"href":"https:\/\/glotomania.com\/pt-pt\/wp-json\/wp\/v2\/types\/product"}],"replies":[{"embeddable":true,"href":"https:\/\/glotomania.com\/pt-pt\/wp-json\/wp\/v2\/comments?post=387363"}],"wp:featuredmedia":[{"embeddable":true,"href":"https:\/\/glotomania.com\/pt-pt\/wp-json\/wp\/v2\/media\/35097"}],"wp:attachment":[{"href":"https:\/\/glotomania.com\/pt-pt\/wp-json\/wp\/v2\/media?parent=387363"}],"wp:term":[{"taxonomy":"pwb-brand","embeddable":true,"href":"https:\/\/glotomania.com\/pt-pt\/wp-json\/wp\/v2\/pwb-brand?post=387363"},{"taxonomy":"product_brand","embeddable":true,"href":"https:\/\/glotomania.com\/pt-pt\/wp-json\/wp\/v2\/product_brand?post=387363"},{"taxonomy":"product_cat","embeddable":true,"href":"https:\/\/glotomania.com\/pt-pt\/wp-json\/wp\/v2\/product_cat?post=387363"},{"taxonomy":"product_tag","embeddable":true,"href":"https:\/\/glotomania.com\/pt-pt\/wp-json\/wp\/v2\/product_tag?post=387363"}],"curies":[{"name":"wp","href":"https:\/\/api.w.org\/{rel}","templated":true}]}}