{"id":387365,"date":"2025-09-02T10:21:31","date_gmt":"2025-09-02T10:21:31","guid":{"rendered":"https:\/\/glotomania.com\/p\/set-decoracion-de-baloncesto-2\/"},"modified":"2026-03-26T00:38:18","modified_gmt":"2026-03-26T00:38:18","slug":"set-decoracion-de-baloncesto-2","status":"publish","type":"product","link":"https:\/\/glotomania.com\/pt-pt\/p\/set-decoracion-de-baloncesto-2\/","title":{"rendered":"Conjunto De Decora\u00c7\u00c3o Basquetebol"},"content":{"rendered":"<p>&nbsp;<\/p>\n<p><span style=\"font-size:14px\">Conjunto de decora&ccedil;&atilde;o ideal para decorar os bolos dos f&atilde;s do desporto. Fabricado em pl&aacute;stico de alta qualidade, resistente e seguro.<\/span><\/p>\n<p><span style=\"font-size:14px\"><strong>Medidas<\/strong>: Jogadores: <u>Altura <\/u>9 cm &#8211; Cesto: <u>Altura<\/u> 16,3 cm.&nbsp;<br \/>\nDecora&ccedil;&atilde;o n&atilde;o comest&iacute;vel.<\/span><\/p>\n","protected":false},"excerpt":{"rendered":"<p>Inclui 4 jogadores e 1 cesto. Decora\u00e7\u00e3o n\u00e3o alimentar ideal para os f\u00e3s do desporto.<\/p>\n","protected":false},"featured_media":151877,"comment_status":"open","ping_status":"closed","template":"","meta":{"_acf_changed":false},"pwb-brand":[],"product_brand":[],"product_cat":[3200,2916,3203,3202,1792,1879,1860,1951,1767],"product_tag":[],"class_list":{"0":"post-387365","1":"product","2":"type-product","3":"status-publish","4":"has-post-thumbnail","6":"product_cat-decoracoes-nao-comestiveis","7":"product_cat-dia-dos-pais-2","8":"product_cat-figuras-desportivas","9":"product_cat-figuras-para-bolos","10":"product_cat-decoracion-no-comestible","11":"product_cat-figuras-deportivas","12":"product_cat-figuras-tartas","13":"product_cat-dia-del-padre","14":"product_cat-utensilios","16":"first","17":"instock","18":"taxable","19":"shipping-taxable","20":"purchasable","21":"product-type-simple"},"acf":[],"df_price":4.76,"df_sale_price":"","df_regular_price":4.76,"df_image_link":"https:\/\/glotomania.com\/wp-content\/uploads\/2025\/09\/img_11854_947b64dabbcc49bb6a4b0ecc331af3cb_1-300x300.png","brands":[],"_links":{"self":[{"href":"https:\/\/glotomania.com\/pt-pt\/wp-json\/wp\/v2\/product\/387365","targetHints":{"allow":["GET"]}}],"collection":[{"href":"https:\/\/glotomania.com\/pt-pt\/wp-json\/wp\/v2\/product"}],"about":[{"href":"https:\/\/glotomania.com\/pt-pt\/wp-json\/wp\/v2\/types\/product"}],"replies":[{"embeddable":true,"href":"https:\/\/glotomania.com\/pt-pt\/wp-json\/wp\/v2\/comments?post=387365"}],"wp:featuredmedia":[{"embeddable":true,"href":"https:\/\/glotomania.com\/pt-pt\/wp-json\/wp\/v2\/media\/151877"}],"wp:attachment":[{"href":"https:\/\/glotomania.com\/pt-pt\/wp-json\/wp\/v2\/media?parent=387365"}],"wp:term":[{"taxonomy":"pwb-brand","embeddable":true,"href":"https:\/\/glotomania.com\/pt-pt\/wp-json\/wp\/v2\/pwb-brand?post=387365"},{"taxonomy":"product_brand","embeddable":true,"href":"https:\/\/glotomania.com\/pt-pt\/wp-json\/wp\/v2\/product_brand?post=387365"},{"taxonomy":"product_cat","embeddable":true,"href":"https:\/\/glotomania.com\/pt-pt\/wp-json\/wp\/v2\/product_cat?post=387365"},{"taxonomy":"product_tag","embeddable":true,"href":"https:\/\/glotomania.com\/pt-pt\/wp-json\/wp\/v2\/product_tag?post=387365"}],"curies":[{"name":"wp","href":"https:\/\/api.w.org\/{rel}","templated":true}]}}