{"id":387366,"date":"2026-03-04T12:03:31","date_gmt":"2026-03-04T12:03:31","guid":{"rendered":"https:\/\/glotomania.com\/p\/crema-de-chocolate-blanco-y-avellanas-12-kg-2\/"},"modified":"2026-03-10T12:27:17","modified_gmt":"2026-03-10T12:27:17","slug":"crema-de-chocolate-blanco-y-avellanas-12-kg-2","status":"publish","type":"product","link":"https:\/\/glotomania.com\/pt-pt\/p\/crema-de-chocolate-blanco-y-avellanas-12-kg-2\/","title":{"rendered":"Creme De Chocolate Branco E Avel\u00c3s &#8211; 6.5 Kg"},"content":{"rendered":"<p>&nbsp;<\/p>\n<p><span style=\"font-size:14px\">Creme de textura muito fina, aromatizado com leite e avel&atilde;s. Ideal para utilizar como cobertura e como recheio das nossas prepara&ccedil;&otilde;es.&nbsp;<\/span><\/p>\n<p><span style=\"font-size:14px\">Ideal para usar como cobertura e como recheio nas nossas cria&ccedil;&otilde;es, este creme &eacute; vers&aacute;til e delicioso.<\/span><\/p>\n<p><span style=\"font-size:14px\"><strong>Resiste &agrave;s temperaturas do congelador e do forno<\/strong>. Recomenda-se mexer antes de utilizar.<\/span><\/p>\n","protected":false},"excerpt":{"rendered":"<p>Com uma textura suave e cremosa, este delicioso creme combina o sabor rico do chocolate branco com o aroma tostado das avel\u00e3s, criando uma experi\u00eancia gustativa inigual\u00e1vel.<\/p>\n","protected":false},"featured_media":47859,"comment_status":"open","ping_status":"closed","template":"","meta":{"_acf_changed":false},"pwb-brand":[],"product_brand":[],"product_cat":[2905,1829],"product_tag":[],"class_list":{"0":"post-387366","1":"product","2":"type-product","3":"status-publish","4":"has-post-thumbnail","6":"product_cat-data-de-expiracao-proxima","7":"product_cat-ingredientes","9":"first","10":"instock","11":"taxable","12":"shipping-taxable","13":"purchasable","14":"product-type-simple"},"acf":[],"df_price":17.5,"df_sale_price":"","df_regular_price":17.5,"df_image_link":"https:\/\/glotomania.com\/wp-content\/uploads\/2022\/09\/img_25513_3c8ccd3a47f30ac5186f92814f2c9653_1-300x300.jpg","brands":[],"_links":{"self":[{"href":"https:\/\/glotomania.com\/pt-pt\/wp-json\/wp\/v2\/product\/387366","targetHints":{"allow":["GET"]}}],"collection":[{"href":"https:\/\/glotomania.com\/pt-pt\/wp-json\/wp\/v2\/product"}],"about":[{"href":"https:\/\/glotomania.com\/pt-pt\/wp-json\/wp\/v2\/types\/product"}],"replies":[{"embeddable":true,"href":"https:\/\/glotomania.com\/pt-pt\/wp-json\/wp\/v2\/comments?post=387366"}],"wp:featuredmedia":[{"embeddable":true,"href":"https:\/\/glotomania.com\/pt-pt\/wp-json\/wp\/v2\/media\/47859"}],"wp:attachment":[{"href":"https:\/\/glotomania.com\/pt-pt\/wp-json\/wp\/v2\/media?parent=387366"}],"wp:term":[{"taxonomy":"pwb-brand","embeddable":true,"href":"https:\/\/glotomania.com\/pt-pt\/wp-json\/wp\/v2\/pwb-brand?post=387366"},{"taxonomy":"product_brand","embeddable":true,"href":"https:\/\/glotomania.com\/pt-pt\/wp-json\/wp\/v2\/product_brand?post=387366"},{"taxonomy":"product_cat","embeddable":true,"href":"https:\/\/glotomania.com\/pt-pt\/wp-json\/wp\/v2\/product_cat?post=387366"},{"taxonomy":"product_tag","embeddable":true,"href":"https:\/\/glotomania.com\/pt-pt\/wp-json\/wp\/v2\/product_tag?post=387366"}],"curies":[{"name":"wp","href":"https:\/\/api.w.org\/{rel}","templated":true}]}}